{"id":69489,"date":"2024-03-22T16:24:42","date_gmt":"2024-03-22T15:24:42","guid":{"rendered":"https:\/\/abinox-chr-clim.com\/index.php\/product\/centrifugeuse-waring-6001x\/"},"modified":"2026-04-02T08:34:06","modified_gmt":"2026-04-02T06:34:06","slug":"centrifugeuse-waring-6001x","status":"publish","type":"product","link":"https:\/\/abinox-chr-clim.com\/index.php\/product\/centrifugeuse-waring-6001x\/","title":{"rendered":"Centrifugeuse Waring 6001X"},"content":{"rendered":"<p>Extrait rapidement et facilement le jus, sans pulpe, des l\u00e9gumes, des fruits, des herbes, etc. Pi\u00e8ces amovibles lavables au lave-vaisselle. Enveloppe en copolyester sans BPA facile \u00e0 nettoyer. La \u00ab base gyro \u00bb \u00e9limine pratiquement toutes les vibrations lors de l&rsquo;utilisation. Convient pour les petits \u00e9tablissements. Pour presser les citrons, utilisez l&rsquo;accessoire pr\u00e9vu \u00e0 cet effet (DL269 &#8211; vendu s\u00e9par\u00e9ment).<br \/>Alimentation manuelle. Facile \u00e0 utiliser, \u00e0 nettoyer et \u00e0 entretenir avec des pi\u00e8ces lavables au lave-vaisselle. Disque de coupe en acier inoxydable. Moteur \u00e0 induction puissant. Goulotte d&rsquo;alimentation (mm) : 50&#215;32. D\u00e9bit : 355ml\/min jus de pomme. D\u00e9bit : 591ml\/min jus de carotte. D\u00e9bit : 532ml\/min jus de c\u00e9leri. D\u00e9bit : 444ml\/min jus de tomate. La base gyroscopique brevet\u00e9e aide \u00e0 maintenir la stabilit\u00e9 de la centrifugeuse. Syst\u00e8me de coupe-circuit de s\u00e9curit\u00e9 thermique. R\u00e9f\u00e9rence soumise \u00e0 une Eco-participation DEEE de 0,26\u20ac par unit\u00e9 vendue. Alimentation manuelle.<\/p>\n<p>Caract\u00e9ristiques :<br \/> Dimensions : 310(H)x 230(L)x 230(P)mm.<br \/> Mati\u00e8re : Inox et polycarbonate.<br \/> Sortie : Jus par minute: pomme 355ml; carotte 591ml; tomate 444ml; c\u00e9leri 532ml.<br \/> Vitesse : 3600 tr\/mn.<br \/> Voltage : 230V.<br \/> Couleur : Blanc et argent\u00e9.<br \/> Puissance : 330 W.<\/p>\n","protected":false},"excerpt":{"rendered":"<div><img decoding=\"async\" src=\"https:\/\/abinox-chr-clim.com\/wp-content\/uploads\/2024\/03\/abinox-garantie-1-an.webp\" width=\"150px\"\/><\/div>\n<p>Centrifugeuse Waring 6001X<\/p>\n","protected":false},"featured_media":82300,"comment_status":"closed","ping_status":"closed","template":"","meta":[],"product_brand":[],"product_cat":[1284,1160,1297,1179,1187],"product_tag":[],"class_list":{"0":"post-69489","1":"product","2":"type-product","3":"status-publish","4":"has-post-thumbnail","6":"product_cat-centrifugeuses-preparation-des-aliments","7":"product_cat-materiel-electrique-et-de-cuisson","8":"product_cat-non-palettisable","9":"product_cat-petit-materiel","10":"product_cat-preparation-des-aliments","11":"product_shipping_class-free-shipping","13":"first","14":"instock","15":"featured","16":"taxable","17":"shipping-taxable","18":"purchasable","19":"product-type-simple"},"_links":{"self":[{"href":"https:\/\/abinox-chr-clim.com\/index.php\/wp-json\/wp\/v2\/product\/69489","targetHints":{"allow":["GET"]}}],"collection":[{"href":"https:\/\/abinox-chr-clim.com\/index.php\/wp-json\/wp\/v2\/product"}],"about":[{"href":"https:\/\/abinox-chr-clim.com\/index.php\/wp-json\/wp\/v2\/types\/product"}],"replies":[{"embeddable":true,"href":"https:\/\/abinox-chr-clim.com\/index.php\/wp-json\/wp\/v2\/comments?post=69489"}],"wp:featuredmedia":[{"embeddable":true,"href":"https:\/\/abinox-chr-clim.com\/index.php\/wp-json\/wp\/v2\/media\/82300"}],"wp:attachment":[{"href":"https:\/\/abinox-chr-clim.com\/index.php\/wp-json\/wp\/v2\/media?parent=69489"}],"wp:term":[{"taxonomy":"product_brand","embeddable":true,"href":"https:\/\/abinox-chr-clim.com\/index.php\/wp-json\/wp\/v2\/product_brand?post=69489"},{"taxonomy":"product_cat","embeddable":true,"href":"https:\/\/abinox-chr-clim.com\/index.php\/wp-json\/wp\/v2\/product_cat?post=69489"},{"taxonomy":"product_tag","embeddable":true,"href":"https:\/\/abinox-chr-clim.com\/index.php\/wp-json\/wp\/v2\/product_tag?post=69489"}],"curies":[{"name":"wp","href":"https:\/\/api.w.org\/{rel}","templated":true}]}}