{"id":69488,"date":"2024-03-22T16:24:42","date_gmt":"2024-03-22T15:24:42","guid":{"rendered":"https:\/\/abinox-chr-clim.com\/index.php\/product\/presse-agrumes-a-levier-santos-70-evolution\/"},"modified":"2026-04-02T08:34:06","modified_gmt":"2026-04-02T06:34:06","slug":"presse-agrumes-a-levier-santos-70-evolution","status":"publish","type":"product","link":"https:\/\/abinox-chr-clim.com\/index.php\/product\/presse-agrumes-a-levier-santos-70-evolution\/","title":{"rendered":"Presse-agrumes \u00e0 levier Santos 70 Evolution"},"content":{"rendered":"<p>Produisez des jus de fruits frais rapidement et facilement en interne gr\u00e2ce \u00e0 ce presse-agrumes \u00e0 haut d\u00e9bit avec un syst\u00e8me de d\u00e9brayage brevet\u00e9. Ogive et bol amovibles pour un nettoyage facile. Le bec verseur haut permet d&rsquo;utiliser des pichets et des verres hauts. Bac r\u00e9cepteur amovible.<br \/>C\u00f4ne h\u00e9lico\u00efdal haute performance. Ogive h\u00e9lico\u00efdale haute performance. Facile \u00e0 nettoyer. R\u00e9f\u00e9rence soumise \u00e0 une Eco-participation mobilier de 0.81\u20ac par unit\u00e9 vendue.  5 ans de garantie sur le moteur asynchrone. R\u00e9f\u00e9rence soumise \u00e0 une Eco-participation DEEE de 0,54\u20ac par unit\u00e9 vendue. C\u00f4ne h\u00e9lico\u00efdal haute performance.<\/p>\n<p>Caract\u00e9ristiques :<br \/> Dimensions : 490(H)x 240(L)x 400(P)mm.<br \/> Mati\u00e8re : Inox.<br \/> Sortie : 50L\/h.<br \/> Vitesse : 1500 \u00e0 1800 tr\/mn.<br \/> Voltage : 230V.<br \/> Couleur : Gris.<br \/> Puissance : 275 W.<\/p>\n","protected":false},"excerpt":{"rendered":"<div><img decoding=\"async\" src=\"https:\/\/abinox-chr-clim.com\/wp-content\/uploads\/2024\/03\/abinox-garantie-1-an.webp\" width=\"150px\"\/><\/div>\n<p>Presse-agrumes \u00e0 levier Santos 70 Evolution<\/p>\n","protected":false},"featured_media":82290,"comment_status":"closed","ping_status":"closed","template":"","meta":[],"product_brand":[],"product_cat":[1284,1160,1297,1179,1187],"product_tag":[],"class_list":{"0":"post-69488","1":"product","2":"type-product","3":"status-publish","4":"has-post-thumbnail","6":"product_cat-centrifugeuses-preparation-des-aliments","7":"product_cat-materiel-electrique-et-de-cuisson","8":"product_cat-non-palettisable","9":"product_cat-petit-materiel","10":"product_cat-preparation-des-aliments","11":"product_shipping_class-free-shipping","13":"first","14":"instock","15":"featured","16":"taxable","17":"shipping-taxable","18":"purchasable","19":"product-type-simple"},"_links":{"self":[{"href":"https:\/\/abinox-chr-clim.com\/index.php\/wp-json\/wp\/v2\/product\/69488","targetHints":{"allow":["GET"]}}],"collection":[{"href":"https:\/\/abinox-chr-clim.com\/index.php\/wp-json\/wp\/v2\/product"}],"about":[{"href":"https:\/\/abinox-chr-clim.com\/index.php\/wp-json\/wp\/v2\/types\/product"}],"replies":[{"embeddable":true,"href":"https:\/\/abinox-chr-clim.com\/index.php\/wp-json\/wp\/v2\/comments?post=69488"}],"wp:featuredmedia":[{"embeddable":true,"href":"https:\/\/abinox-chr-clim.com\/index.php\/wp-json\/wp\/v2\/media\/82290"}],"wp:attachment":[{"href":"https:\/\/abinox-chr-clim.com\/index.php\/wp-json\/wp\/v2\/media?parent=69488"}],"wp:term":[{"taxonomy":"product_brand","embeddable":true,"href":"https:\/\/abinox-chr-clim.com\/index.php\/wp-json\/wp\/v2\/product_brand?post=69488"},{"taxonomy":"product_cat","embeddable":true,"href":"https:\/\/abinox-chr-clim.com\/index.php\/wp-json\/wp\/v2\/product_cat?post=69488"},{"taxonomy":"product_tag","embeddable":true,"href":"https:\/\/abinox-chr-clim.com\/index.php\/wp-json\/wp\/v2\/product_tag?post=69488"}],"curies":[{"name":"wp","href":"https:\/\/api.w.org\/{rel}","templated":true}]}}