{"id":69487,"date":"2024-03-22T16:24:42","date_gmt":"2024-03-22T15:24:42","guid":{"rendered":"https:\/\/abinox-chr-clim.com\/index.php\/product\/batteur-k5-kitchenaid-blanc-5kpm5ewh\/"},"modified":"2026-04-02T08:55:18","modified_gmt":"2026-04-02T06:55:18","slug":"batteur-k5-kitchenaid-blanc-5kpm5ewh","status":"publish","type":"product","link":"https:\/\/abinox-chr-clim.com\/index.php\/product\/batteur-k5-kitchenaid-blanc-5kpm5ewh\/","title":{"rendered":"Batteur K5 KitchenAid blanc 5KPM5EWH"},"content":{"rendered":"<p>Mod\u00e8le professionnel tr\u00e8s r\u00e9sistant avec anneau verseur protecteur transparent pour cuve. Fourni avec un batteur plat, un crochet \u00e0 p\u00e2te, un fouet inox.<br \/>Moteur puissant, permettant de  mixer de grandes quantit\u00e9s d&rsquo;ingr\u00e9dients.Monte et baisse de cuve par commande \u00e0 poign\u00e9e pour faciliter l&rsquo;acc\u00e8s au bol et aux accessoires. Conception tout en m\u00e9tal coul\u00e9. Batteur fiable, durable et tr\u00e8s silencieux. Action de m\u00e9lange \u00e0 mouvement plan\u00e9taire, assure un m\u00e9lange parfaitement homog\u00e8ne. Moteur: 315W.Moyeu de fixation unique. Anneau verseur protecteur d&rsquo;une seule pi\u00e8ce pour faciliter l&rsquo;ajout d&rsquo;ingr\u00e9dients. 10 vitesses r\u00e9glables. Batteur plat, crochet \u00e0 p\u00e2te et fouet, anneau verseur protecteur en polycarbonate transparent et cuve en acier inoxydable de 4,83L avec monte et baisse de cuve par commande \u00e0 poign\u00e9e. R\u00e9f\u00e9rence soumise \u00e0 une Eco-participation DEEE de 0,48\u20ac par unit\u00e9 vendue. Moteur puissant, permettant de  mixer de grandes quantit\u00e9s d&rsquo;ingr\u00e9dients. .<br \/> Caract\u00e9ristiques :<br \/> Capacit\u00e9 : 4,8 litres.<br \/> Dimensions : 411(h) x 264(l) x 338(p)mm.<br \/> Mati\u00e8re : Inox.<br \/> Voltage : 230V.<br \/> Couleur : Blanc.<br \/> Puissance : 315 W.<\/p>\n","protected":false},"excerpt":{"rendered":"<div><img decoding=\"async\" src=\"https:\/\/abinox-chr-clim.com\/wp-content\/uploads\/2024\/03\/abinox-garantie-1-an.webp\" width=\"150px\"\/><\/div>\n<p>Batteur K5 KitchenAid blanc 5KPM5EWH<\/p>\n","protected":false},"featured_media":104309,"comment_status":"closed","ping_status":"closed","template":"","meta":[],"product_brand":[],"product_cat":[1188,1160,1297,1179,1187],"product_tag":[],"class_list":{"0":"post-69487","1":"product","2":"type-product","3":"status-publish","4":"has-post-thumbnail","6":"product_cat-batteurs","7":"product_cat-materiel-electrique-et-de-cuisson","8":"product_cat-non-palettisable","9":"product_cat-petit-materiel","10":"product_cat-preparation-des-aliments","11":"product_shipping_class-free-shipping","13":"first","14":"outofstock","15":"featured","16":"taxable","17":"shipping-taxable","18":"purchasable","19":"product-type-simple"},"_links":{"self":[{"href":"https:\/\/abinox-chr-clim.com\/index.php\/wp-json\/wp\/v2\/product\/69487","targetHints":{"allow":["GET"]}}],"collection":[{"href":"https:\/\/abinox-chr-clim.com\/index.php\/wp-json\/wp\/v2\/product"}],"about":[{"href":"https:\/\/abinox-chr-clim.com\/index.php\/wp-json\/wp\/v2\/types\/product"}],"replies":[{"embeddable":true,"href":"https:\/\/abinox-chr-clim.com\/index.php\/wp-json\/wp\/v2\/comments?post=69487"}],"wp:featuredmedia":[{"embeddable":true,"href":"https:\/\/abinox-chr-clim.com\/index.php\/wp-json\/wp\/v2\/media\/104309"}],"wp:attachment":[{"href":"https:\/\/abinox-chr-clim.com\/index.php\/wp-json\/wp\/v2\/media?parent=69487"}],"wp:term":[{"taxonomy":"product_brand","embeddable":true,"href":"https:\/\/abinox-chr-clim.com\/index.php\/wp-json\/wp\/v2\/product_brand?post=69487"},{"taxonomy":"product_cat","embeddable":true,"href":"https:\/\/abinox-chr-clim.com\/index.php\/wp-json\/wp\/v2\/product_cat?post=69487"},{"taxonomy":"product_tag","embeddable":true,"href":"https:\/\/abinox-chr-clim.com\/index.php\/wp-json\/wp\/v2\/product_tag?post=69487"}],"curies":[{"name":"wp","href":"https:\/\/api.w.org\/{rel}","templated":true}]}}