{"id":69486,"date":"2024-03-22T16:24:41","date_gmt":"2024-03-22T15:24:41","guid":{"rendered":"https:\/\/abinox-chr-clim.com\/index.php\/product\/batteur-kitchenaid-classic-k45-5k45ssewh\/"},"modified":"2026-04-02T08:55:12","modified_gmt":"2026-04-02T06:55:12","slug":"batteur-kitchenaid-classic-k45-5k45ssewh","status":"publish","type":"product","link":"https:\/\/abinox-chr-clim.com\/index.php\/product\/batteur-kitchenaid-classic-k45-5k45ssewh\/","title":{"rendered":"Batteur KitchenAid Classic K45 5K45SSEWH"},"content":{"rendered":"<p>Puissant et silencieux, moteur \u00e0 entra\u00eenement direct. Solide, stable et tr\u00e8s robuste. Ch\u00e2ssis aux formes arrondies pour un nettoyage facile et une utilisation sans danger. Fourni avec batteur plat, fouet et crochet \u00e0 p\u00e2te.<br \/>Livr\u00e9 avec un bol en inox contenance 4L avec couvercle, fouet, crochet \u00e0 p\u00e2te et palette.  R\u00e9f\u00e9rence soumise \u00e0 une Eco-participation mobilier de 0.63\u20ac par unit\u00e9 vendue. Contr\u00f4le de puissance \u00e0 10 vitesses.Facile \u00e0 utiliser et \u00e0 nettoyer.Construit enti\u00e8rement en m\u00e9tal: robuste, stable et r\u00e9sistant.Puissant et silencieux, moteur en prise directe.M\u00e9lange rapidement et de mani\u00e8re effective.  R\u00e9f\u00e9rence soumise \u00e0 une Eco-participation DEEE de 0,44\u20ac par unit\u00e9 vendue. Livr\u00e9 avec un bol en inox contenance 4L avec couvercle, fouet, crochet \u00e0 p\u00e2te et palette. .<br \/> Caract\u00e9ristiques :<br \/> Capacit\u00e9 : 4.28L.<br \/> Dimensions : 333(H) x 358(L) x 221(P)mm.<br \/> Mati\u00e8re : .<br \/> Vitesse : 58-220tr\/mn.<br \/> Voltage : 230V.<br \/> Couleur : Blanc.<br \/> Puissance : 275 W.<\/p>\n","protected":false},"excerpt":{"rendered":"<div><img decoding=\"async\" src=\"https:\/\/abinox-chr-clim.com\/wp-content\/uploads\/2024\/03\/abinox-garantie-1-an.webp\" width=\"150px\"\/><\/div>\n<p>Batteur KitchenAid Classic K45 5K45SSEWH<\/p>\n","protected":false},"featured_media":104299,"comment_status":"closed","ping_status":"closed","template":"","meta":[],"product_brand":[],"product_cat":[1188,1160,1297,1179,1187],"product_tag":[],"class_list":{"0":"post-69486","1":"product","2":"type-product","3":"status-publish","4":"has-post-thumbnail","6":"product_cat-batteurs","7":"product_cat-materiel-electrique-et-de-cuisson","8":"product_cat-non-palettisable","9":"product_cat-petit-materiel","10":"product_cat-preparation-des-aliments","11":"product_shipping_class-free-shipping","13":"first","14":"instock","15":"featured","16":"taxable","17":"shipping-taxable","18":"purchasable","19":"product-type-simple"},"_links":{"self":[{"href":"https:\/\/abinox-chr-clim.com\/index.php\/wp-json\/wp\/v2\/product\/69486","targetHints":{"allow":["GET"]}}],"collection":[{"href":"https:\/\/abinox-chr-clim.com\/index.php\/wp-json\/wp\/v2\/product"}],"about":[{"href":"https:\/\/abinox-chr-clim.com\/index.php\/wp-json\/wp\/v2\/types\/product"}],"replies":[{"embeddable":true,"href":"https:\/\/abinox-chr-clim.com\/index.php\/wp-json\/wp\/v2\/comments?post=69486"}],"wp:featuredmedia":[{"embeddable":true,"href":"https:\/\/abinox-chr-clim.com\/index.php\/wp-json\/wp\/v2\/media\/104299"}],"wp:attachment":[{"href":"https:\/\/abinox-chr-clim.com\/index.php\/wp-json\/wp\/v2\/media?parent=69486"}],"wp:term":[{"taxonomy":"product_brand","embeddable":true,"href":"https:\/\/abinox-chr-clim.com\/index.php\/wp-json\/wp\/v2\/product_brand?post=69486"},{"taxonomy":"product_cat","embeddable":true,"href":"https:\/\/abinox-chr-clim.com\/index.php\/wp-json\/wp\/v2\/product_cat?post=69486"},{"taxonomy":"product_tag","embeddable":true,"href":"https:\/\/abinox-chr-clim.com\/index.php\/wp-json\/wp\/v2\/product_tag?post=69486"}],"curies":[{"name":"wp","href":"https:\/\/api.w.org\/{rel}","templated":true}]}}