{"id":69485,"date":"2024-03-22T16:24:41","date_gmt":"2024-03-22T15:24:41","guid":{"rendered":"https:\/\/abinox-chr-clim.com\/index.php\/product\/batteur-planetaire-buffalo-20l-1100w\/"},"modified":"2026-04-02T09:15:36","modified_gmt":"2026-04-02T07:15:36","slug":"batteur-planetaire-buffalo-20l-1100w","status":"publish","type":"product","link":"https:\/\/abinox-chr-clim.com\/index.php\/product\/batteur-planetaire-buffalo-20l-1100w\/","title":{"rendered":"Batteur plan\u00e9taire Buffalo 20L 1100W"},"content":{"rendered":"<p>Appareil non adapt\u00e9 pour les p\u00e2tes \u00e0 pain et p\u00e2tes \u00e0 pizza. Attention bien respecter les capacit\u00e9s indiqu\u00e9es (10L : 2kg de farine \/ 3kg de p\u00e2te; 20L : 5kg de farine \/ 7,5kg de p\u00e2te).Batteur adapt\u00e9 \u00e0 un usage intensif pour les restaurants et cantines. Corps enti\u00e8rement en m\u00e9tal r\u00e9sistant pour faciliter le nettoyage et l&rsquo;utilisation du monte et baisse de cuve. Arr\u00eat de s\u00e9curit\u00e9 s&rsquo;active si la cuve ou l&rsquo;\u00e9cran de protection ne sont pas bien en place. Livr\u00e9s avec cuve, fouet, crochet et palette. Cuve lavable au lave-vaisselle.<br \/>Moteur professionnel puissant 1,1kW. Equip\u00e9 d&rsquo;un monte et baisse de cuve. Coupe-circuit de s\u00e9curit\u00e9. Ecran de protection. Cuve en acier inoxydable. Capacit\u00e9 5kg de farine ou 7,5kg de p\u00e2te. Protection contre la surcharge \/ commutateur de r\u00e9initialisation situ\u00e9 sur la base de l&rsquo;unit\u00e9. Coupe-circuit de s\u00e9curit\u00e9. Capacit\u00e9 max de farine 5kg. Capacit\u00e9 max de p\u00e2te 8kg. Fouet de rechange AF520 disponible sur demande. R\u00e9f\u00e9rence soumise \u00e0 une Eco-participation DEEE de 3,68\u20ac par unit\u00e9 vendue. Moteur professionnel puissant 1,1kW.<\/p>\n<p>Caract\u00e9ristiques :<br \/> Capacit\u00e9 : Capacit\u00e9 5kg de farine \/ 7.5kg de p\u00e2te.<br \/> Dimensions : 794(H) x 558(L) x 558(P)mm.<br \/> Mati\u00e8re : Inox.<br \/> Voltage : 230V.<br \/> Couleur : Argent.<br \/> Puissance : 1.1 kW.<\/p>\n","protected":false},"excerpt":{"rendered":"<div><img decoding=\"async\" src=\"https:\/\/abinox-chr-clim.com\/wp-content\/uploads\/2024\/03\/abinox-garantie-1-an.webp\" width=\"150px\"\/><\/div>\n<p>Batteur plan\u00e9taire Buffalo 20L 1100W<\/p>\n","protected":false},"featured_media":102062,"comment_status":"closed","ping_status":"closed","template":"","meta":[],"product_brand":[],"product_cat":[1188,1160,1296,1179,1187],"product_tag":[],"class_list":{"0":"post-69485","1":"product","2":"type-product","3":"status-publish","4":"has-post-thumbnail","6":"product_cat-batteurs","7":"product_cat-materiel-electrique-et-de-cuisson","8":"product_cat-palettisable","9":"product_cat-petit-materiel","10":"product_cat-preparation-des-aliments","12":"first","13":"instock","14":"featured","15":"taxable","16":"shipping-taxable","17":"purchasable","18":"product-type-simple"},"_links":{"self":[{"href":"https:\/\/abinox-chr-clim.com\/index.php\/wp-json\/wp\/v2\/product\/69485","targetHints":{"allow":["GET"]}}],"collection":[{"href":"https:\/\/abinox-chr-clim.com\/index.php\/wp-json\/wp\/v2\/product"}],"about":[{"href":"https:\/\/abinox-chr-clim.com\/index.php\/wp-json\/wp\/v2\/types\/product"}],"replies":[{"embeddable":true,"href":"https:\/\/abinox-chr-clim.com\/index.php\/wp-json\/wp\/v2\/comments?post=69485"}],"wp:featuredmedia":[{"embeddable":true,"href":"https:\/\/abinox-chr-clim.com\/index.php\/wp-json\/wp\/v2\/media\/102062"}],"wp:attachment":[{"href":"https:\/\/abinox-chr-clim.com\/index.php\/wp-json\/wp\/v2\/media?parent=69485"}],"wp:term":[{"taxonomy":"product_brand","embeddable":true,"href":"https:\/\/abinox-chr-clim.com\/index.php\/wp-json\/wp\/v2\/product_brand?post=69485"},{"taxonomy":"product_cat","embeddable":true,"href":"https:\/\/abinox-chr-clim.com\/index.php\/wp-json\/wp\/v2\/product_cat?post=69485"},{"taxonomy":"product_tag","embeddable":true,"href":"https:\/\/abinox-chr-clim.com\/index.php\/wp-json\/wp\/v2\/product_tag?post=69485"}],"curies":[{"name":"wp","href":"https:\/\/api.w.org\/{rel}","templated":true}]}}