{"id":69484,"date":"2024-03-22T16:24:39","date_gmt":"2024-03-22T15:24:39","guid":{"rendered":"https:\/\/abinox-chr-clim.com\/index.php\/product\/batteur-planetaire-buffalo-9l-550w\/"},"modified":"2026-04-02T09:15:35","modified_gmt":"2026-04-02T07:15:35","slug":"batteur-planetaire-buffalo-9l-550w","status":"publish","type":"product","link":"https:\/\/abinox-chr-clim.com\/index.php\/product\/batteur-planetaire-buffalo-9l-550w\/","title":{"rendered":"Batteur plan\u00e9taire Buffalo 9L 550W"},"content":{"rendered":"<p>Appareil non adapt\u00e9 pour les p\u00e2tes \u00e0 pain et p\u00e2tes \u00e0 pizza. Attention bien respecter les capacit\u00e9s indiqu\u00e9es (10L : 2kg de farine \/ 3kg de p\u00e2te; 20L : 5kg de farine \/ 7,5kg de p\u00e2te).Batteur adapt\u00e9 \u00e0 un usage intensif pour les restaurants et cantines. Corps enti\u00e8rement en m\u00e9tal r\u00e9sistant pour faciliter le nettoyage et l&rsquo;utilisation du monte et baisse de cuve. Arr\u00eat de s\u00e9curit\u00e9 s&rsquo;active si la cuve ou l&rsquo;\u00e9cran de protection ne sont pas bien en place. Livr\u00e9s avec cuve, fouet, crochet et palette. Cuve lavable au lave-vaisselle.<br \/>Moteur commercial 550 kW puissant et durable. Conception facile \u00e0 nettoyer pour gagner du temps. Bol robuste de 9 litres en acier inoxydable avec levier rapide. R\u00e9f\u00e9rence soumise \u00e0 une Eco-participation mobilier de 2.43\u20ac par unit\u00e9 vendue. L&rsquo;action du batteur m\u00e9langeur plan\u00e9taire assure que tous les ingr\u00e9dients dans le bol sont m\u00e9lang\u00e9s. Mont\u00e9 sur support pour une utilisation stable et ergonomique. Fourni avec fouet, crochet p\u00e9trisseur \u00e0 spirale et batteur \u00e0 p\u00e2te. Protection contre les surcharges\/poussoir de r\u00e9armement pour la s\u00e9curit\u00e9. Commandes manuelles simples \u00e0 bouton-poussoir avec fonction d&rsquo;arr\u00eat de s\u00e9curit\u00e9. R\u00e9f\u00e9rence soumise \u00e0 une Eco-participation DEEE de 1,44\u20ac par unit\u00e9 vendue. Moteur commercial 550 kW puissant et durable.<\/p>\n<p>Caract\u00e9ristiques :<br \/> Capacit\u00e9 : Capacit\u00e9 2kg de farine ou 3kg de p\u00e2te.<br \/> Dimensions : 610(H) x 395(L) x 395(P)mm.<br \/> Mati\u00e8re : Inox.<br \/> Voltage : 230V.<br \/> Couleur : Argent.<br \/> Puissance : 550 W.<\/p>\n","protected":false},"excerpt":{"rendered":"<div><img decoding=\"async\" src=\"https:\/\/abinox-chr-clim.com\/wp-content\/uploads\/2024\/03\/abinox-garantie-1-an.webp\" width=\"150px\"\/><\/div>\n<p>Batteur plan\u00e9taire Buffalo 9L 550W<\/p>\n","protected":false},"featured_media":102061,"comment_status":"closed","ping_status":"closed","template":"","meta":[],"product_brand":[],"product_cat":[1188,1160,1296,1179,1187],"product_tag":[],"class_list":{"0":"post-69484","1":"product","2":"type-product","3":"status-publish","4":"has-post-thumbnail","6":"product_cat-batteurs","7":"product_cat-materiel-electrique-et-de-cuisson","8":"product_cat-palettisable","9":"product_cat-petit-materiel","10":"product_cat-preparation-des-aliments","12":"first","13":"outofstock","14":"featured","15":"taxable","16":"shipping-taxable","17":"purchasable","18":"product-type-simple"},"_links":{"self":[{"href":"https:\/\/abinox-chr-clim.com\/index.php\/wp-json\/wp\/v2\/product\/69484","targetHints":{"allow":["GET"]}}],"collection":[{"href":"https:\/\/abinox-chr-clim.com\/index.php\/wp-json\/wp\/v2\/product"}],"about":[{"href":"https:\/\/abinox-chr-clim.com\/index.php\/wp-json\/wp\/v2\/types\/product"}],"replies":[{"embeddable":true,"href":"https:\/\/abinox-chr-clim.com\/index.php\/wp-json\/wp\/v2\/comments?post=69484"}],"wp:featuredmedia":[{"embeddable":true,"href":"https:\/\/abinox-chr-clim.com\/index.php\/wp-json\/wp\/v2\/media\/102061"}],"wp:attachment":[{"href":"https:\/\/abinox-chr-clim.com\/index.php\/wp-json\/wp\/v2\/media?parent=69484"}],"wp:term":[{"taxonomy":"product_brand","embeddable":true,"href":"https:\/\/abinox-chr-clim.com\/index.php\/wp-json\/wp\/v2\/product_brand?post=69484"},{"taxonomy":"product_cat","embeddable":true,"href":"https:\/\/abinox-chr-clim.com\/index.php\/wp-json\/wp\/v2\/product_cat?post=69484"},{"taxonomy":"product_tag","embeddable":true,"href":"https:\/\/abinox-chr-clim.com\/index.php\/wp-json\/wp\/v2\/product_tag?post=69484"}],"curies":[{"name":"wp","href":"https:\/\/api.w.org\/{rel}","templated":true}]}}