{"id":69483,"date":"2024-03-22T16:24:38","date_gmt":"2024-03-22T15:24:38","guid":{"rendered":"https:\/\/abinox-chr-clim.com\/index.php\/product\/batteur-planetaire-buffalo-29l\/"},"modified":"2026-04-02T09:15:35","modified_gmt":"2026-04-02T07:15:35","slug":"batteur-planetaire-buffalo-29l","status":"publish","type":"product","link":"https:\/\/abinox-chr-clim.com\/index.php\/product\/batteur-planetaire-buffalo-29l\/","title":{"rendered":"Batteur plan\u00e9taire Buffalo 29L"},"content":{"rendered":"<p>Appareil non adapt\u00e9 pour les p\u00e2tes \u00e0 pain et p\u00e2tes \u00e0 pizza. Attention bien respecter les capacit\u00e9s indiqu\u00e9es. Capacit\u00e9 maximum de farine 7.5kg et capacit\u00e9 maximum de p\u00e2te 11.3kg.Batteur de haute contenance tr\u00e8s r\u00e9sistant et fiable, parfait pour les pizzerias, les cantines et les \u00e9coles. Structure enti\u00e8rement m\u00e9tallique durable pour un nettoyage facile. L&rsquo;arr\u00eat de s\u00e9curit\u00e9 s&rsquo;active si la cuve ou la protection n&rsquo;est pas correctement en place. Fournis avec un fouet, un crochet \u00e0 p\u00e2te, un batteur plat et cuve inox. Cuve lavable au lave-vaisselle.<br \/>Puissant moteur commercial de 1,5 kW. Construction robuste, facile \u00e0 nettoyer. Cuve en acier inoxydable robuste de 29 litres avec monte et baisse de cuve. R\u00e9f\u00e9rence soumise \u00e0 une Eco-participation mobilier de 9.61\u20ac par unit\u00e9 vendue. Le batteur plan\u00e9taire garantit que tous les ingr\u00e9dients du bol soient m\u00e9lang\u00e9s. Mont\u00e9 sur support pour la stabilit\u00e9 et une utilisation ergonomique. Fourni avec un fouet, un crochet \u00e0 p\u00e2te, un batteur plat. Coupe-circuit de s\u00e9curit\u00e9. Commande manuelle simple \u00e0 bouton-poussoir avec fonction d&rsquo;arr\u00eat de s\u00e9curit\u00e9. R\u00e9f\u00e9rence soumise \u00e0 une Eco-participation DEEE de 6,40\u20ac par unit\u00e9 vendue. Puissant moteur commercial de 1,5 kW.<\/p>\n<p>Caract\u00e9ristiques :<br \/> Capacit\u00e9 : 30L.<br \/> Dimensions : 1030(H) x 540(L) x 570(P)mm.<br \/> Mati\u00e8re : .<br \/> Voltage : 230V.<br \/> Couleur : Argent.<br \/> Puissance : 1500 W.<\/p>\n","protected":false},"excerpt":{"rendered":"<div><img decoding=\"async\" src=\"https:\/\/abinox-chr-clim.com\/wp-content\/uploads\/2024\/03\/abinox-garantie-1-an.webp\" width=\"150px\"\/><\/div>\n<p>Batteur plan\u00e9taire Buffalo 29L<\/p>\n","protected":false},"featured_media":101875,"comment_status":"closed","ping_status":"closed","template":"","meta":[],"product_brand":[],"product_cat":[1188,1160,1296,1179,1187],"product_tag":[],"class_list":{"0":"post-69483","1":"product","2":"type-product","3":"status-publish","4":"has-post-thumbnail","6":"product_cat-batteurs","7":"product_cat-materiel-electrique-et-de-cuisson","8":"product_cat-palettisable","9":"product_cat-petit-materiel","10":"product_cat-preparation-des-aliments","12":"first","13":"instock","14":"featured","15":"taxable","16":"shipping-taxable","17":"purchasable","18":"product-type-simple"},"_links":{"self":[{"href":"https:\/\/abinox-chr-clim.com\/index.php\/wp-json\/wp\/v2\/product\/69483","targetHints":{"allow":["GET"]}}],"collection":[{"href":"https:\/\/abinox-chr-clim.com\/index.php\/wp-json\/wp\/v2\/product"}],"about":[{"href":"https:\/\/abinox-chr-clim.com\/index.php\/wp-json\/wp\/v2\/types\/product"}],"replies":[{"embeddable":true,"href":"https:\/\/abinox-chr-clim.com\/index.php\/wp-json\/wp\/v2\/comments?post=69483"}],"wp:featuredmedia":[{"embeddable":true,"href":"https:\/\/abinox-chr-clim.com\/index.php\/wp-json\/wp\/v2\/media\/101875"}],"wp:attachment":[{"href":"https:\/\/abinox-chr-clim.com\/index.php\/wp-json\/wp\/v2\/media?parent=69483"}],"wp:term":[{"taxonomy":"product_brand","embeddable":true,"href":"https:\/\/abinox-chr-clim.com\/index.php\/wp-json\/wp\/v2\/product_brand?post=69483"},{"taxonomy":"product_cat","embeddable":true,"href":"https:\/\/abinox-chr-clim.com\/index.php\/wp-json\/wp\/v2\/product_cat?post=69483"},{"taxonomy":"product_tag","embeddable":true,"href":"https:\/\/abinox-chr-clim.com\/index.php\/wp-json\/wp\/v2\/product_tag?post=69483"}],"curies":[{"name":"wp","href":"https:\/\/api.w.org\/{rel}","templated":true}]}}