{"id":69477,"date":"2024-03-22T16:24:36","date_gmt":"2024-03-22T15:24:36","guid":{"rendered":"https:\/\/abinox-chr-clim.com\/index.php\/product\/petrin-a-spirale-gastro-m-16-litres\/"},"modified":"2026-04-02T09:35:43","modified_gmt":"2026-04-02T07:35:43","slug":"petrin-a-spirale-gastro-m-16-litres","status":"publish","type":"product","link":"https:\/\/abinox-chr-clim.com\/index.php\/product\/petrin-a-spirale-gastro-m-16-litres\/","title":{"rendered":"P\u00e9trin \u00e0 spirale Gastro M 16 litres"},"content":{"rendered":"<p>P\u00e9trins professionnels \u00e0 t\u00eates fixes pour pizzerias et boulangeries. La forme particuli\u00e8re de la spirale permet d&rsquo;avoir un p\u00e9trissage parfaitement homog\u00e8ne en peu de temps. La cuve, la spirale, l&rsquo;axe central et la protection de cuve sont en acier inoxydable. Syst\u00e8me de trasmission particuli\u00e8rement silencieux. Machines livr\u00e9es avec un coupe-p\u00e2te.<br \/>Cuve, protection de cuve et spirale en acier inoxydable. Cha\u00eene de transmission silencieuse. Capacit\u00e9 de la cuve 16L. R\u00e9f\u00e9rence soumise \u00e0 une Eco-participation mobilier de 0.22\u20ac par unit\u00e9 vendue. Fourni avec un coupe-p\u00e2te.  Capacit\u00e9 p\u00e2te 12kg. Cuve, protection de cuve et spirale en acier inoxydable.<\/p>\n<p>Caract\u00e9ristiques :<br \/> Dimensions : 795(H) x 415(L) x 735(P)mm.<br \/> Mati\u00e8re : Acier anodis\u00e9.<br \/> Sortie : 0.75 kW.<br \/> Voltage : 230V<\/p>\n","protected":false},"excerpt":{"rendered":"<div><img decoding=\"async\" src=\"https:\/\/abinox-chr-clim.com\/wp-content\/uploads\/2024\/03\/abinox-garantie-1-an.webp\" width=\"150px\"\/><\/div>\n<p>P\u00e9trin \u00e0 spirale Gastro M 16 litres<\/p>\n","protected":false},"featured_media":93195,"comment_status":"closed","ping_status":"closed","template":"","meta":[],"product_brand":[],"product_cat":[1188,1160,1296,1179,1187],"product_tag":[],"class_list":{"0":"post-69477","1":"product","2":"type-product","3":"status-publish","4":"has-post-thumbnail","6":"product_cat-batteurs","7":"product_cat-materiel-electrique-et-de-cuisson","8":"product_cat-palettisable","9":"product_cat-petit-materiel","10":"product_cat-preparation-des-aliments","12":"first","13":"instock","14":"featured","15":"taxable","16":"shipping-taxable","17":"purchasable","18":"product-type-simple"},"_links":{"self":[{"href":"https:\/\/abinox-chr-clim.com\/index.php\/wp-json\/wp\/v2\/product\/69477","targetHints":{"allow":["GET"]}}],"collection":[{"href":"https:\/\/abinox-chr-clim.com\/index.php\/wp-json\/wp\/v2\/product"}],"about":[{"href":"https:\/\/abinox-chr-clim.com\/index.php\/wp-json\/wp\/v2\/types\/product"}],"replies":[{"embeddable":true,"href":"https:\/\/abinox-chr-clim.com\/index.php\/wp-json\/wp\/v2\/comments?post=69477"}],"wp:featuredmedia":[{"embeddable":true,"href":"https:\/\/abinox-chr-clim.com\/index.php\/wp-json\/wp\/v2\/media\/93195"}],"wp:attachment":[{"href":"https:\/\/abinox-chr-clim.com\/index.php\/wp-json\/wp\/v2\/media?parent=69477"}],"wp:term":[{"taxonomy":"product_brand","embeddable":true,"href":"https:\/\/abinox-chr-clim.com\/index.php\/wp-json\/wp\/v2\/product_brand?post=69477"},{"taxonomy":"product_cat","embeddable":true,"href":"https:\/\/abinox-chr-clim.com\/index.php\/wp-json\/wp\/v2\/product_cat?post=69477"},{"taxonomy":"product_tag","embeddable":true,"href":"https:\/\/abinox-chr-clim.com\/index.php\/wp-json\/wp\/v2\/product_tag?post=69477"}],"curies":[{"name":"wp","href":"https:\/\/api.w.org\/{rel}","templated":true}]}}