{"id":69473,"date":"2024-03-22T16:24:35","date_gmt":"2024-03-22T15:24:35","guid":{"rendered":"https:\/\/abinox-chr-clim.com\/index.php\/product\/batteur-melangeur-alphamix-2-matfer-bourgeat-5l\/"},"modified":"2026-04-02T10:05:48","modified_gmt":"2026-04-02T08:05:48","slug":"batteur-melangeur-alphamix-2-matfer-bourgeat-5l","status":"publish","type":"product","link":"https:\/\/abinox-chr-clim.com\/index.php\/product\/batteur-melangeur-alphamix-2-matfer-bourgeat-5l\/","title":{"rendered":"Batteur m\u00e9langeur Alphamix 2 Matfer Bourgeat 5L"},"content":{"rendered":"<p>Batteur m\u00e9langeur efficace avec des petites quantit\u00e9s gr\u00e2ce la forme de la cuve \u00e0 fond bomb\u00e9 et \u00e0 la forme des outils. Moteur \u00e0 usage intensif de 500 W, id\u00e9al pour travailler jusqu&rsquo;\u00e0 5 litres d&rsquo;ingr\u00e9dients \u00e0 la fois. Peut p\u00e9trir de 600g jusqu&rsquo;\u00e0 1,2kg de p\u00e2te \u00e0 pain (humidit\u00e9 60%).<br \/>B\u00e2ti m\u00e9tallique poli procure une grande stabilit\u00e9 et facilite l&rsquo;entretien. S\u00e9lecteur de vitesses permettant un travail pr\u00e9cis et un choix de vitesse constante. Verrouillage de cuve, brevet\u00e9, simple et s\u00e9curisant. R\u00e9f\u00e9rence soumise \u00e0 une Eco-participation mobilier de 0.54\u20ac par unit\u00e9 vendue.  Peut malaxer \u00e0 la palette jusqu&rsquo;\u00e0 2,1 kg de p\u00e2te sucr\u00e9e ou 1 kg de beurre pommade. B\u00e2ti m\u00e9tallique poli procure une grande stabilit\u00e9 et facilite l&rsquo;entretien.<\/p>\n<p>Caract\u00e9ristiques :<br \/> Dimensions : 400(H) x 318.<br \/> Mati\u00e8re : Inox.<br \/> Voltage : 230V.<br \/> Couleur : Gris.<\/p>\n","protected":false},"excerpt":{"rendered":"<div><img decoding=\"async\" src=\"https:\/\/abinox-chr-clim.com\/wp-content\/uploads\/2024\/03\/abinox-garantie-1-an.webp\" width=\"150px\"\/><\/div>\n<p>Batteur m\u00e9langeur Alphamix 2 Matfer Bourgeat 5L<\/p>\n","protected":false},"featured_media":86576,"comment_status":"closed","ping_status":"closed","template":"","meta":[],"product_brand":[],"product_cat":[1188,1160,1297,1179,1187],"product_tag":[],"class_list":{"0":"post-69473","1":"product","2":"type-product","3":"status-publish","4":"has-post-thumbnail","6":"product_cat-batteurs","7":"product_cat-materiel-electrique-et-de-cuisson","8":"product_cat-non-palettisable","9":"product_cat-petit-materiel","10":"product_cat-preparation-des-aliments","11":"product_shipping_class-free-shipping","13":"first","14":"outofstock","15":"featured","16":"taxable","17":"shipping-taxable","18":"purchasable","19":"product-type-simple"},"_links":{"self":[{"href":"https:\/\/abinox-chr-clim.com\/index.php\/wp-json\/wp\/v2\/product\/69473","targetHints":{"allow":["GET"]}}],"collection":[{"href":"https:\/\/abinox-chr-clim.com\/index.php\/wp-json\/wp\/v2\/product"}],"about":[{"href":"https:\/\/abinox-chr-clim.com\/index.php\/wp-json\/wp\/v2\/types\/product"}],"replies":[{"embeddable":true,"href":"https:\/\/abinox-chr-clim.com\/index.php\/wp-json\/wp\/v2\/comments?post=69473"}],"wp:featuredmedia":[{"embeddable":true,"href":"https:\/\/abinox-chr-clim.com\/index.php\/wp-json\/wp\/v2\/media\/86576"}],"wp:attachment":[{"href":"https:\/\/abinox-chr-clim.com\/index.php\/wp-json\/wp\/v2\/media?parent=69473"}],"wp:term":[{"taxonomy":"product_brand","embeddable":true,"href":"https:\/\/abinox-chr-clim.com\/index.php\/wp-json\/wp\/v2\/product_brand?post=69473"},{"taxonomy":"product_cat","embeddable":true,"href":"https:\/\/abinox-chr-clim.com\/index.php\/wp-json\/wp\/v2\/product_cat?post=69473"},{"taxonomy":"product_tag","embeddable":true,"href":"https:\/\/abinox-chr-clim.com\/index.php\/wp-json\/wp\/v2\/product_tag?post=69473"}],"curies":[{"name":"wp","href":"https:\/\/api.w.org\/{rel}","templated":true}]}}