{"id":69472,"date":"2024-03-22T16:24:35","date_gmt":"2024-03-22T15:24:35","guid":{"rendered":"https:\/\/abinox-chr-clim.com\/index.php\/product\/batteur-melangeur-alphamix-2-matfer-bourgeat-8l\/"},"modified":"2026-04-02T10:05:47","modified_gmt":"2026-04-02T08:05:47","slug":"batteur-melangeur-alphamix-2-matfer-bourgeat-8l","status":"publish","type":"product","link":"https:\/\/abinox-chr-clim.com\/index.php\/product\/batteur-melangeur-alphamix-2-matfer-bourgeat-8l\/","title":{"rendered":"Batteur m\u00e9langeur Alphamix 2 Matfer Bourgeat 8L"},"content":{"rendered":"<p>Moteur asynchrone \u00e0 usage intensif pour la fiabilit\u00e9 et la durabilit\u00e9. Tableau de commande en fa\u00e7ade sur le capot, pratique et lisible. B\u00e2ti m\u00e9tallique poli procure une grande stabilit\u00e9 et facilite l&rsquo;entretien. R\u00e9f\u00e9rence soumise \u00e0 une Eco-participation mobilier de 0.68\u20ac par unit\u00e9 vendue. Verrouillage de cuve, brevet\u00e9, simple et s\u00e9curisant. Rapide, il peut p\u00e9trir, fouetter et m\u00e9langer en un temps record jusqu&rsquo;\u00e0 4kg de p\u00e2te (humidit\u00e9 60%).S\u00e9lecteur 9 vitesses permettant un travail pr\u00e9cis et un choix de vitesse constante. Moteur asynchrone \u00e0 usage intensif pour la fiabilit\u00e9 et la durabilit\u00e9.<\/p>\n<p>Caract\u00e9ristiques :<br \/> Dimensions : 400(H) x 318.<br \/> Mati\u00e8re : Inox.<br \/> Voltage : 230V.<br \/> Couleur : Gris.<\/p>\n","protected":false},"excerpt":{"rendered":"<div><img decoding=\"async\" src=\"https:\/\/abinox-chr-clim.com\/wp-content\/uploads\/2024\/03\/abinox-garantie-1-an.webp\" width=\"150px\"\/><\/div>\n<p>Batteur m\u00e9langeur Alphamix 2 Matfer Bourgeat 8L<\/p>\n","protected":false},"featured_media":86565,"comment_status":"closed","ping_status":"closed","template":"","meta":[],"product_brand":[],"product_cat":[1188,1160,1297,1179,1187],"product_tag":[],"class_list":{"0":"post-69472","1":"product","2":"type-product","3":"status-publish","4":"has-post-thumbnail","6":"product_cat-batteurs","7":"product_cat-materiel-electrique-et-de-cuisson","8":"product_cat-non-palettisable","9":"product_cat-petit-materiel","10":"product_cat-preparation-des-aliments","11":"product_shipping_class-free-shipping","13":"first","14":"outofstock","15":"featured","16":"taxable","17":"shipping-taxable","18":"purchasable","19":"product-type-simple"},"_links":{"self":[{"href":"https:\/\/abinox-chr-clim.com\/index.php\/wp-json\/wp\/v2\/product\/69472","targetHints":{"allow":["GET"]}}],"collection":[{"href":"https:\/\/abinox-chr-clim.com\/index.php\/wp-json\/wp\/v2\/product"}],"about":[{"href":"https:\/\/abinox-chr-clim.com\/index.php\/wp-json\/wp\/v2\/types\/product"}],"replies":[{"embeddable":true,"href":"https:\/\/abinox-chr-clim.com\/index.php\/wp-json\/wp\/v2\/comments?post=69472"}],"wp:featuredmedia":[{"embeddable":true,"href":"https:\/\/abinox-chr-clim.com\/index.php\/wp-json\/wp\/v2\/media\/86565"}],"wp:attachment":[{"href":"https:\/\/abinox-chr-clim.com\/index.php\/wp-json\/wp\/v2\/media?parent=69472"}],"wp:term":[{"taxonomy":"product_brand","embeddable":true,"href":"https:\/\/abinox-chr-clim.com\/index.php\/wp-json\/wp\/v2\/product_brand?post=69472"},{"taxonomy":"product_cat","embeddable":true,"href":"https:\/\/abinox-chr-clim.com\/index.php\/wp-json\/wp\/v2\/product_cat?post=69472"},{"taxonomy":"product_tag","embeddable":true,"href":"https:\/\/abinox-chr-clim.com\/index.php\/wp-json\/wp\/v2\/product_tag?post=69472"}],"curies":[{"name":"wp","href":"https:\/\/api.w.org\/{rel}","templated":true}]}}