{"id":69471,"date":"2024-03-22T16:24:34","date_gmt":"2024-03-22T15:24:34","guid":{"rendered":"https:\/\/abinox-chr-clim.com\/index.php\/product\/batteur-planetaire-buffalo-7l\/"},"modified":"2026-04-02T09:46:50","modified_gmt":"2026-04-02T07:46:50","slug":"batteur-planetaire-buffalo-7l","status":"publish","type":"product","link":"https:\/\/abinox-chr-clim.com\/index.php\/product\/batteur-planetaire-buffalo-7l\/","title":{"rendered":"Batteur plan\u00e9taire Buffalo 7L"},"content":{"rendered":"<p>Batteur extr\u00eamement durable et robuste avec bol amovible grande capacit\u00e9. Id\u00e9al pour un usage quotidien dans les boulangeries, les restaurants, les cantines et m\u00eame les \u00e9coles pr\u00e9parant les repas sur place. La t\u00eate de levage et le bol en inox facilitent le nettoyage et le remplacement des accessoires, quant au couvercle avec tr\u00e9mie amovible, ils prot\u00e8gent des projections lors du m\u00e9lange.<br \/>Bol en acier inoxydable de 7 litres. R\u00e9gulateur de vitesse \u00e0\u00a0r\u00e9glage progressif. Corps enti\u00e8rement m\u00e9tallique. R\u00e9f\u00e9rence soumise \u00e0 une Eco-participation mobilier de 0.87\u20ac par unit\u00e9 vendue. Moteur puissant de 270 W. Accessoires en aluminium.Entonnoir amovible pour l&rsquo;ajout d&rsquo;ingr\u00e9dients au milieu du m\u00e9lange. Bol en acier inoxydable de 7 litres.<\/p>\n<p>Caract\u00e9ristiques :<br \/> Capacit\u00e9 : 7 L.<br \/> Dimensions : 420(H) x 230(L) x 400(P)mm.<br \/> Mati\u00e8re : M\u00e9tal.<br \/> Voltage : 220-240V.<br \/> Couleur : Noir.<\/p>\n","protected":false},"excerpt":{"rendered":"<div><img decoding=\"async\" src=\"https:\/\/abinox-chr-clim.com\/wp-content\/uploads\/2024\/03\/abinox-garantie-1-an.webp\" width=\"150px\"\/><\/div>\n<p>Batteur plan\u00e9taire Buffalo 7L<\/p>\n","protected":false},"featured_media":85546,"comment_status":"closed","ping_status":"closed","template":"","meta":[],"product_brand":[],"product_cat":[1188,1160,1297,1179,1187],"product_tag":[],"class_list":{"0":"post-69471","1":"product","2":"type-product","3":"status-publish","4":"has-post-thumbnail","6":"product_cat-batteurs","7":"product_cat-materiel-electrique-et-de-cuisson","8":"product_cat-non-palettisable","9":"product_cat-petit-materiel","10":"product_cat-preparation-des-aliments","11":"product_shipping_class-free-shipping","13":"first","14":"instock","15":"featured","16":"taxable","17":"shipping-taxable","18":"purchasable","19":"product-type-simple"},"_links":{"self":[{"href":"https:\/\/abinox-chr-clim.com\/index.php\/wp-json\/wp\/v2\/product\/69471","targetHints":{"allow":["GET"]}}],"collection":[{"href":"https:\/\/abinox-chr-clim.com\/index.php\/wp-json\/wp\/v2\/product"}],"about":[{"href":"https:\/\/abinox-chr-clim.com\/index.php\/wp-json\/wp\/v2\/types\/product"}],"replies":[{"embeddable":true,"href":"https:\/\/abinox-chr-clim.com\/index.php\/wp-json\/wp\/v2\/comments?post=69471"}],"wp:featuredmedia":[{"embeddable":true,"href":"https:\/\/abinox-chr-clim.com\/index.php\/wp-json\/wp\/v2\/media\/85546"}],"wp:attachment":[{"href":"https:\/\/abinox-chr-clim.com\/index.php\/wp-json\/wp\/v2\/media?parent=69471"}],"wp:term":[{"taxonomy":"product_brand","embeddable":true,"href":"https:\/\/abinox-chr-clim.com\/index.php\/wp-json\/wp\/v2\/product_brand?post=69471"},{"taxonomy":"product_cat","embeddable":true,"href":"https:\/\/abinox-chr-clim.com\/index.php\/wp-json\/wp\/v2\/product_cat?post=69471"},{"taxonomy":"product_tag","embeddable":true,"href":"https:\/\/abinox-chr-clim.com\/index.php\/wp-json\/wp\/v2\/product_tag?post=69471"}],"curies":[{"name":"wp","href":"https:\/\/api.w.org\/{rel}","templated":true}]}}