{"id":69470,"date":"2024-03-22T16:24:34","date_gmt":"2024-03-22T15:24:34","guid":{"rendered":"https:\/\/abinox-chr-clim.com\/index.php\/product\/petrin-a-spirale-buffalo-20l\/"},"modified":"2026-04-02T09:37:59","modified_gmt":"2026-04-02T07:37:59","slug":"petrin-a-spirale-buffalo-20l","status":"publish","type":"product","link":"https:\/\/abinox-chr-clim.com\/index.php\/product\/petrin-a-spirale-buffalo-20l\/","title":{"rendered":"P\u00e9trin \u00e0 spirale Buffalo 20L"},"content":{"rendered":"<p>Pr\u00e9parez de d\u00e9licieux pains, pizzas et p\u00e2tisseries avec ce p\u00e9trin de haute qualit\u00e9. La cuve \u00e0 mouvement giratoire permet de p\u00e9trir votre p\u00e2te plus rapidement, d\u00e9veloppant ainsi les propri\u00e9t\u00e9s du gluten pour obtenir une p\u00e2te parfaitement adapt\u00e9e \u00e0 la confection des pains et pizzas. \u00c9quip\u00e9 d&rsquo;une minuterie de 30 minutes qui vous permet de r\u00e9aliser d&rsquo;autres t\u00e2ches pendant que le p\u00e9trissage s&rsquo;effectue par lui-m\u00eame.<br \/>Puissant moteur professionnel de 1,1 kW, id\u00e9al pour tout type de p\u00e2tes. Conception facile \u00e0 nettoyer pour gagner du temps. Le bol en acier inoxydable de 20 litres permet de pr\u00e9parer de plus grandes quantit\u00e9s (jusqu&rsquo;\u00e0 8 litres). R\u00e9f\u00e9rence soumise \u00e0 une Eco-participation mobilier de 3.3\u20ac par unit\u00e9 vendue. L&rsquo;action de m\u00e9lange en spirale assure un m\u00e9lange parfait de toutes les p\u00e2tes dans le bol. Mont\u00e9 sur des pieds pour une meilleure stabilit\u00e9 et une utilisation sur le comptoir. Fourni avec un crochet \u00e0 p\u00e2te en spirale en acier inoxydable et une protection du bol. Protection contre les surcharges\/interrupteur de r\u00e9initialisation. M\u00e9lange jusqu&rsquo;\u00e0 8 kg d&rsquo;ingr\u00e9dients \u00e0 la fois. Commandes manuelles simples \u00e0 bouton-poussoir avec fonction d&rsquo;arr\u00eat de s\u00e9curit\u00e9 et minuterie. Puissant moteur professionnel de 1,1 kW, id\u00e9al pour tout type de p\u00e2tes.<\/p>\n<p>Caract\u00e9ristiques :<br \/> Capacit\u00e9 : 20 L.<br \/> Dimensions : 695(H) x 380(L) x 690(P)mm.<br \/> Mati\u00e8re : Inox.<br \/> Voltage : 230V.<br \/> Couleur : Blanc.<\/p>\n","protected":false},"excerpt":{"rendered":"<div><img decoding=\"async\" src=\"https:\/\/abinox-chr-clim.com\/wp-content\/uploads\/2024\/03\/abinox-garantie-1-an.webp\" width=\"150px\"\/><\/div>\n<p>P\u00e9trin \u00e0 spirale Buffalo 20L<\/p>\n","protected":false},"featured_media":85440,"comment_status":"closed","ping_status":"closed","template":"","meta":[],"product_brand":[],"product_cat":[1188,1160,1296,1179,1187],"product_tag":[],"class_list":{"0":"post-69470","1":"product","2":"type-product","3":"status-publish","4":"has-post-thumbnail","6":"product_cat-batteurs","7":"product_cat-materiel-electrique-et-de-cuisson","8":"product_cat-palettisable","9":"product_cat-petit-materiel","10":"product_cat-preparation-des-aliments","12":"first","13":"instock","14":"featured","15":"taxable","16":"shipping-taxable","17":"purchasable","18":"product-type-simple"},"_links":{"self":[{"href":"https:\/\/abinox-chr-clim.com\/index.php\/wp-json\/wp\/v2\/product\/69470","targetHints":{"allow":["GET"]}}],"collection":[{"href":"https:\/\/abinox-chr-clim.com\/index.php\/wp-json\/wp\/v2\/product"}],"about":[{"href":"https:\/\/abinox-chr-clim.com\/index.php\/wp-json\/wp\/v2\/types\/product"}],"replies":[{"embeddable":true,"href":"https:\/\/abinox-chr-clim.com\/index.php\/wp-json\/wp\/v2\/comments?post=69470"}],"wp:featuredmedia":[{"embeddable":true,"href":"https:\/\/abinox-chr-clim.com\/index.php\/wp-json\/wp\/v2\/media\/85440"}],"wp:attachment":[{"href":"https:\/\/abinox-chr-clim.com\/index.php\/wp-json\/wp\/v2\/media?parent=69470"}],"wp:term":[{"taxonomy":"product_brand","embeddable":true,"href":"https:\/\/abinox-chr-clim.com\/index.php\/wp-json\/wp\/v2\/product_brand?post=69470"},{"taxonomy":"product_cat","embeddable":true,"href":"https:\/\/abinox-chr-clim.com\/index.php\/wp-json\/wp\/v2\/product_cat?post=69470"},{"taxonomy":"product_tag","embeddable":true,"href":"https:\/\/abinox-chr-clim.com\/index.php\/wp-json\/wp\/v2\/product_tag?post=69470"}],"curies":[{"name":"wp","href":"https:\/\/api.w.org\/{rel}","templated":true}]}}