{"id":69469,"date":"2024-03-22T16:24:34","date_gmt":"2024-03-22T15:24:34","guid":{"rendered":"https:\/\/abinox-chr-clim.com\/index.php\/product\/mixeur-plongeant-professionnel-avec-fouet-dynamic-master-combi-mf002uk-h\/"},"modified":"2026-04-02T09:52:14","modified_gmt":"2026-04-02T07:52:14","slug":"mixeur-plongeant-professionnel-avec-fouet-dynamic-master-combi-mf002uk-h","status":"publish","type":"product","link":"https:\/\/abinox-chr-clim.com\/index.php\/product\/mixeur-plongeant-professionnel-avec-fouet-dynamic-master-combi-mf002uk-h\/","title":{"rendered":"Mixeur plongeant professionnel avec fouet Dynamic Master Combi MF002UK.H"},"content":{"rendered":"<p>Une lame \u00e9mulsifiante puissante permet de m\u00e9langer, r\u00e9duire en pur\u00e9e, fouetter et \u00e9mulsionner jusqu&rsquo;\u00e0 100 litres d&rsquo;ingr\u00e9dients. Les accessoires et les pieds sont faciles \u00e0 retirer et interchangeables, pour un nettoyage rapide et facile et optimiser le temps de pr\u00e9paration.<br \/>Puissance maximale : 600 W. Fouet \u00e9jectable pour un nettoyage facile. Pied enti\u00e8rement d\u00e9montable pour faciliter le nettoyage. Indicateur lumineux de mise sous tension pour la s\u00e9curit\u00e9 de l&rsquo;utilisateur. Vitesse du fouet : 300-900 tr\/mn. Accessoires interchangeables. Micro interrupteur de fonctionnement continu : permet le fonctionnement autonome de l&rsquo;appareil. D\u00e9montable. Utilisation professionnelle. Construit \u00e0 partir de mat\u00e9riaux durables de haute qualit\u00e9. Corps ergonomique. Certaines parties du pied sont enti\u00e8rement amovibles pour un nettoyage facile. Puissance maximale : 600 W.<\/p>\n<p>Caract\u00e9ristiques :<br \/> Dimensions : 753(H) x 122(\u00d8) mm.<br \/> Mati\u00e8re : Aluminium et inox.<br \/> Sortie : 600W.<br \/> Voltage : 220-240V.<br \/> Couleur : Orange.<\/p>\n","protected":false},"excerpt":{"rendered":"<div><img decoding=\"async\" src=\"https:\/\/abinox-chr-clim.com\/wp-content\/uploads\/2024\/03\/abinox-garantie-1-an.webp\" width=\"150px\"\/><\/div>\n<p>Mixeur plongeant professionnel avec fouet Dynamic Master Combi MF002UK.H<\/p>\n","protected":false},"featured_media":105189,"comment_status":"closed","ping_status":"closed","template":"","meta":[],"product_brand":[],"product_cat":[1188,1160,1297,1179,1187],"product_tag":[],"class_list":{"0":"post-69469","1":"product","2":"type-product","3":"status-publish","4":"has-post-thumbnail","6":"product_cat-batteurs","7":"product_cat-materiel-electrique-et-de-cuisson","8":"product_cat-non-palettisable","9":"product_cat-petit-materiel","10":"product_cat-preparation-des-aliments","11":"product_shipping_class-free-shipping","13":"first","14":"instock","15":"featured","16":"taxable","17":"shipping-taxable","18":"purchasable","19":"product-type-simple"},"_links":{"self":[{"href":"https:\/\/abinox-chr-clim.com\/index.php\/wp-json\/wp\/v2\/product\/69469","targetHints":{"allow":["GET"]}}],"collection":[{"href":"https:\/\/abinox-chr-clim.com\/index.php\/wp-json\/wp\/v2\/product"}],"about":[{"href":"https:\/\/abinox-chr-clim.com\/index.php\/wp-json\/wp\/v2\/types\/product"}],"replies":[{"embeddable":true,"href":"https:\/\/abinox-chr-clim.com\/index.php\/wp-json\/wp\/v2\/comments?post=69469"}],"wp:featuredmedia":[{"embeddable":true,"href":"https:\/\/abinox-chr-clim.com\/index.php\/wp-json\/wp\/v2\/media\/105189"}],"wp:attachment":[{"href":"https:\/\/abinox-chr-clim.com\/index.php\/wp-json\/wp\/v2\/media?parent=69469"}],"wp:term":[{"taxonomy":"product_brand","embeddable":true,"href":"https:\/\/abinox-chr-clim.com\/index.php\/wp-json\/wp\/v2\/product_brand?post=69469"},{"taxonomy":"product_cat","embeddable":true,"href":"https:\/\/abinox-chr-clim.com\/index.php\/wp-json\/wp\/v2\/product_cat?post=69469"},{"taxonomy":"product_tag","embeddable":true,"href":"https:\/\/abinox-chr-clim.com\/index.php\/wp-json\/wp\/v2\/product_tag?post=69469"}],"curies":[{"name":"wp","href":"https:\/\/api.w.org\/{rel}","templated":true}]}}