{"id":69467,"date":"2024-03-22T16:24:33","date_gmt":"2024-03-22T15:24:33","guid":{"rendered":"https:\/\/abinox-chr-clim.com\/index.php\/product\/batteur-professionnel-kitchenaid-69l-blanc-5ksm7990xewh\/"},"modified":"2026-04-02T08:29:49","modified_gmt":"2026-04-02T06:29:49","slug":"batteur-professionnel-kitchenaid-69l-blanc-5ksm7990xewh","status":"publish","type":"product","link":"https:\/\/abinox-chr-clim.com\/index.php\/product\/batteur-professionnel-kitchenaid-69l-blanc-5ksm7990xewh\/","title":{"rendered":"Batteur professionnel Kitchenaid 6,9L blanc 5KSM7990XEWH"},"content":{"rendered":"<p>Batteur Kitchenaid ultra performant et silencieux au design arrondi, surface lisse, avec bol relevable con\u00e7u pour les m\u00e9langes lourds. Bol 6,9 litres avec poign\u00e9e en J. Moteur 325 watt. Fourni avec 3 accessoires lavables au lave-vaisselle. Ce batteur permet de monter 19 blancs en neige, fouetter 1,9L de cr\u00e8me, m\u00e9langer 4,5kg de pr\u00e9paration, 3,8kg de p\u00e2te et 3,6kg de pur\u00e9e.<br \/>Batteur plat, fouet et crochet \u00e0 p\u00e2te en acier inoxydable.Grille de protection et interrupteur d&rsquo;arr\u00eat de s\u00e9curit\u00e9.Bol inox avec poign\u00e9e en J. R\u00e9f\u00e9rence soumise \u00e0 une Eco-participation mobilier de 0.9\u20ac par unit\u00e9 vendue. Corps enti\u00e8rement m\u00e9tallique.Relevage manuel du bol.Moteur puissant \u00e0 transmission directe. R\u00e9f\u00e9rence soumise \u00e0 une Eco-participation DEEE de 0,52\u20ac par unit\u00e9 vendue. Batteur plat, fouet et crochet \u00e0 p\u00e2te en acier inoxydable. .<br \/> Caract\u00e9ristiques :<br \/> Capacit\u00e9 : Bol 6.9L.<br \/> Dimensions : 417(h)x 371(l)x 287(p)mm. .<br \/> Mati\u00e8re : Inox.<br \/> Sortie : 325W. 2.1A.<br \/> Vitesse : 40-200rpm.<br \/> Voltage : 230V.<br \/> Couleur : Blanc.<br \/> Puissance : 325 W.<\/p>\n","protected":false},"excerpt":{"rendered":"<div><img decoding=\"async\" src=\"https:\/\/abinox-chr-clim.com\/wp-content\/uploads\/2024\/03\/abinox-garantie-1-an.webp\" width=\"150px\"\/><\/div>\n<p>Batteur professionnel Kitchenaid 6,9L blanc 5KSM7990XEWH<\/p>\n","protected":false},"featured_media":80254,"comment_status":"closed","ping_status":"closed","template":"","meta":[],"product_brand":[],"product_cat":[1188,1160,1297,1179,1187],"product_tag":[],"class_list":{"0":"post-69467","1":"product","2":"type-product","3":"status-publish","4":"has-post-thumbnail","6":"product_cat-batteurs","7":"product_cat-materiel-electrique-et-de-cuisson","8":"product_cat-non-palettisable","9":"product_cat-petit-materiel","10":"product_cat-preparation-des-aliments","11":"product_shipping_class-free-shipping","13":"first","14":"instock","15":"featured","16":"taxable","17":"shipping-taxable","18":"purchasable","19":"product-type-simple"},"_links":{"self":[{"href":"https:\/\/abinox-chr-clim.com\/index.php\/wp-json\/wp\/v2\/product\/69467","targetHints":{"allow":["GET"]}}],"collection":[{"href":"https:\/\/abinox-chr-clim.com\/index.php\/wp-json\/wp\/v2\/product"}],"about":[{"href":"https:\/\/abinox-chr-clim.com\/index.php\/wp-json\/wp\/v2\/types\/product"}],"replies":[{"embeddable":true,"href":"https:\/\/abinox-chr-clim.com\/index.php\/wp-json\/wp\/v2\/comments?post=69467"}],"wp:featuredmedia":[{"embeddable":true,"href":"https:\/\/abinox-chr-clim.com\/index.php\/wp-json\/wp\/v2\/media\/80254"}],"wp:attachment":[{"href":"https:\/\/abinox-chr-clim.com\/index.php\/wp-json\/wp\/v2\/media?parent=69467"}],"wp:term":[{"taxonomy":"product_brand","embeddable":true,"href":"https:\/\/abinox-chr-clim.com\/index.php\/wp-json\/wp\/v2\/product_brand?post=69467"},{"taxonomy":"product_cat","embeddable":true,"href":"https:\/\/abinox-chr-clim.com\/index.php\/wp-json\/wp\/v2\/product_cat?post=69467"},{"taxonomy":"product_tag","embeddable":true,"href":"https:\/\/abinox-chr-clim.com\/index.php\/wp-json\/wp\/v2\/product_tag?post=69467"}],"curies":[{"name":"wp","href":"https:\/\/api.w.org\/{rel}","templated":true}]}}