{"id":69465,"date":"2024-03-22T16:24:32","date_gmt":"2024-03-22T15:24:32","guid":{"rendered":"https:\/\/abinox-chr-clim.com\/index.php\/product\/batteur-a-main-rowlett\/"},"modified":"2025-08-26T13:59:57","modified_gmt":"2025-08-26T11:59:57","slug":"batteur-a-main-rowlett","status":"publish","type":"product","link":"https:\/\/abinox-chr-clim.com\/index.php\/product\/batteur-a-main-rowlett\/","title":{"rendered":"Batteur \u00e0 main Rowlett"},"content":{"rendered":"<p>Batteur \u00e0 main cinq vitesses, puissant et portable, con\u00e7u pour acc\u00e9l\u00e9rer votre pr\u00e9paration. Comprend un espace de rangement pratique pour les ustensiles et une fonction turbo.<br \/>Six vitesses avec fonction turbo lorsque vous avez besoin de plus de puissance. Livr\u00e9 avec 2 fouets plats et 2 crochets p\u00e9trisseurs &#8211; faites les m\u00e9langes que vous souhaitez. Conception \u00e9l\u00e9gante finition noire et argent\u00e9e. R\u00e9f\u00e9rence soumise \u00e0 une Eco-participation mobilier de 0.07\u20ac par unit\u00e9 vendue. Fonction de d\u00e9marrage \u00e0 basse vitesse &#8211; r\u00e9duit les \u00e9claboussures. Espace de rangement pratique pour les accessoires.Commandes conviviales. Six vitesses avec fonction turbo lorsque vous avez besoin de plus de puissance.<\/p>\n<p>Caract\u00e9ristiques :<br \/> Dimensions : 190(H) x 83(L) x 150(P)mm.<br \/> Mati\u00e8re : Plastique.<br \/> Voltage : 220-240V.<br \/> Couleur : Noir.<\/p>\n","protected":false},"excerpt":{"rendered":"<div><img decoding=\"async\" src=\"https:\/\/abinox-chr-clim.com\/wp-content\/uploads\/2024\/03\/abinox-garantie-1-an.webp\" width=\"150px\"\/><\/div>\n<p>Batteur \u00e0 main Rowlett<\/p>\n","protected":false},"featured_media":78481,"comment_status":"closed","ping_status":"closed","template":"","meta":[],"product_brand":[],"product_cat":[1188,1160,1297,1179,1187],"product_tag":[],"class_list":{"0":"post-69465","1":"product","2":"type-product","3":"status-publish","4":"has-post-thumbnail","6":"product_cat-batteurs","7":"product_cat-materiel-electrique-et-de-cuisson","8":"product_cat-non-palettisable","9":"product_cat-petit-materiel","10":"product_cat-preparation-des-aliments","11":"product_shipping_class-free-shipping","13":"first","14":"outofstock","15":"featured","16":"taxable","17":"shipping-taxable","18":"purchasable","19":"product-type-simple"},"_links":{"self":[{"href":"https:\/\/abinox-chr-clim.com\/index.php\/wp-json\/wp\/v2\/product\/69465","targetHints":{"allow":["GET"]}}],"collection":[{"href":"https:\/\/abinox-chr-clim.com\/index.php\/wp-json\/wp\/v2\/product"}],"about":[{"href":"https:\/\/abinox-chr-clim.com\/index.php\/wp-json\/wp\/v2\/types\/product"}],"replies":[{"embeddable":true,"href":"https:\/\/abinox-chr-clim.com\/index.php\/wp-json\/wp\/v2\/comments?post=69465"}],"wp:featuredmedia":[{"embeddable":true,"href":"https:\/\/abinox-chr-clim.com\/index.php\/wp-json\/wp\/v2\/media\/78481"}],"wp:attachment":[{"href":"https:\/\/abinox-chr-clim.com\/index.php\/wp-json\/wp\/v2\/media?parent=69465"}],"wp:term":[{"taxonomy":"product_brand","embeddable":true,"href":"https:\/\/abinox-chr-clim.com\/index.php\/wp-json\/wp\/v2\/product_brand?post=69465"},{"taxonomy":"product_cat","embeddable":true,"href":"https:\/\/abinox-chr-clim.com\/index.php\/wp-json\/wp\/v2\/product_cat?post=69465"},{"taxonomy":"product_tag","embeddable":true,"href":"https:\/\/abinox-chr-clim.com\/index.php\/wp-json\/wp\/v2\/product_tag?post=69465"}],"curies":[{"name":"wp","href":"https:\/\/api.w.org\/{rel}","templated":true}]}}