{"id":69456,"date":"2024-03-22T16:24:29","date_gmt":"2024-03-22T15:24:29","guid":{"rendered":"https:\/\/abinox-chr-clim.com\/index.php\/product\/plancha-gaz-plaque-2-3-lisse-1-3-rainuree-gm70-80-ftrgs-gastro-m-700-plus\/"},"modified":"2026-04-02T09:20:45","modified_gmt":"2026-04-02T07:20:45","slug":"plancha-gaz-plaque-2-3-lisse-1-3-rainuree-gm70-80-ftrgs-gastro-m-700-plus","status":"publish","type":"product","link":"https:\/\/abinox-chr-clim.com\/index.php\/product\/plancha-gaz-plaque-2-3-lisse-1-3-rainuree-gm70-80-ftrgs-gastro-m-700-plus\/","title":{"rendered":"Plancha gaz plaque 2\/3 lisse 1\/3 rainur\u00e9e GM70\/80 FTRGS Gastro M 700 plus"},"content":{"rendered":"<p>Planchas au gaz naturel avec plaque lisse, chrom\u00e9e ou non au choix, mise en temp\u00e9rature rapide, faciles \u00e0 nettoyer. Poss\u00e8dent allumage piezo, bac de r\u00e9cup\u00e9ration int\u00e9gr\u00e9, contr\u00f4le thermostatique, valve de s\u00e9curit\u00e9 et pieds r\u00e9glables.<br \/>Ext\u00e9rieur en acier inoxydable. 2\/3 plaque lisse 1\/3 plaque rainur\u00e9e. Bac de r\u00e9cup\u00e9ration int\u00e9gr\u00e9. R\u00e9f\u00e9rence soumise \u00e0 une Eco-participation mobilier de 0.29\u20ac par unit\u00e9 vendue.  Thermostat r\u00e9glable. R\u00e9f\u00e9rence soumise \u00e0 une Eco-participation DEEE de 2,05\u20ac par unit\u00e9 vendue. Ext\u00e9rieur en acier inoxydable.<\/p>\n<p>Caract\u00e9ristiques :<br \/> Dimensions : 850(H) x 800(L) x 700(P) mm.<br \/> Mati\u00e8re : Ext\u00e9rieur en acier inoxydable.<br \/> Voltage : 400V.<br \/> Couleur : Acier inoxydable.<\/p>\n","protected":false},"excerpt":{"rendered":"<div><img decoding=\"async\" src=\"https:\/\/abinox-chr-clim.com\/wp-content\/uploads\/2024\/03\/abinox-garantie-1-an.webp\" width=\"150px\"\/><\/div>\n<p>Plancha gaz plaque 2\/3 lisse 1\/3 rainur\u00e9e GM70\/80 FTRGS Gastro M 700 plus<\/p>\n","protected":false},"featured_media":102346,"comment_status":"closed","ping_status":"closed","template":"","meta":[],"product_brand":[],"product_cat":[1185,1160,1296,1179],"product_tag":[],"class_list":{"0":"post-69456","1":"product","2":"type-product","3":"status-publish","4":"has-post-thumbnail","6":"product_cat-grils-et-plaques-de-cuisson","7":"product_cat-materiel-electrique-et-de-cuisson","8":"product_cat-palettisable","9":"product_cat-petit-materiel","11":"first","12":"instock","13":"featured","14":"taxable","15":"shipping-taxable","16":"purchasable","17":"product-type-simple"},"_links":{"self":[{"href":"https:\/\/abinox-chr-clim.com\/index.php\/wp-json\/wp\/v2\/product\/69456","targetHints":{"allow":["GET"]}}],"collection":[{"href":"https:\/\/abinox-chr-clim.com\/index.php\/wp-json\/wp\/v2\/product"}],"about":[{"href":"https:\/\/abinox-chr-clim.com\/index.php\/wp-json\/wp\/v2\/types\/product"}],"replies":[{"embeddable":true,"href":"https:\/\/abinox-chr-clim.com\/index.php\/wp-json\/wp\/v2\/comments?post=69456"}],"wp:featuredmedia":[{"embeddable":true,"href":"https:\/\/abinox-chr-clim.com\/index.php\/wp-json\/wp\/v2\/media\/102346"}],"wp:attachment":[{"href":"https:\/\/abinox-chr-clim.com\/index.php\/wp-json\/wp\/v2\/media?parent=69456"}],"wp:term":[{"taxonomy":"product_brand","embeddable":true,"href":"https:\/\/abinox-chr-clim.com\/index.php\/wp-json\/wp\/v2\/product_brand?post=69456"},{"taxonomy":"product_cat","embeddable":true,"href":"https:\/\/abinox-chr-clim.com\/index.php\/wp-json\/wp\/v2\/product_cat?post=69456"},{"taxonomy":"product_tag","embeddable":true,"href":"https:\/\/abinox-chr-clim.com\/index.php\/wp-json\/wp\/v2\/product_tag?post=69456"}],"curies":[{"name":"wp","href":"https:\/\/api.w.org\/{rel}","templated":true}]}}