{"id":69452,"date":"2024-03-22T16:24:25","date_gmt":"2024-03-22T15:24:25","guid":{"rendered":"https:\/\/abinox-chr-clim.com\/index.php\/product\/plancha-gaz-plaque-lisse-65-70ftg-gastro-m-650\/"},"modified":"2026-04-02T09:20:29","modified_gmt":"2026-04-02T07:20:29","slug":"plancha-gaz-plaque-lisse-65-70ftg-gastro-m-650","status":"publish","type":"product","link":"https:\/\/abinox-chr-clim.com\/index.php\/product\/plancha-gaz-plaque-lisse-65-70ftg-gastro-m-650\/","title":{"rendered":"Plancha gaz plaque lisse 65\/70FTG Gastro M 650"},"content":{"rendered":"<p>Planchas gaz naturel avec plaques de cuisson robustes et faciles \u00e0 nettoyer, temps de chauffe rapide, allumage piezo, bac r\u00e9cup\u00e9rateur de graisse, contr\u00f4le et vanne de s\u00e9curit\u00e9 thermostatique. La plaque chrom\u00e9e (50 microns) n\u00e9cessite moins d&rsquo;\u00e9nergie pour maintenir la temp\u00e9rature de cuisson.<br \/>Ext\u00e9rieur acier inoxydable. Allumage piezo. Bac de r\u00e9cup\u00e9ration int\u00e9gr\u00e9. R\u00e9f\u00e9rence soumise \u00e0 une Eco-participation mobilier de 0.26\u20ac par unit\u00e9 vendue.  Thermostat r\u00e9glable. Ext\u00e9rieur acier inoxydable.<\/p>\n<p>Caract\u00e9ristiques :<br \/> Dimensions : 280(H) x 700(L) x 650(P) mm.<br \/> Mati\u00e8re : Ext\u00e9rieur acier inoxydable.<br \/> Couleur : Acier inoxydable.<\/p>\n","protected":false},"excerpt":{"rendered":"<div><img decoding=\"async\" src=\"https:\/\/abinox-chr-clim.com\/wp-content\/uploads\/2024\/03\/abinox-garantie-1-an.webp\" width=\"150px\"\/><\/div>\n<p>Plancha gaz plaque lisse 65\/70FTG Gastro M 650<\/p>\n","protected":false},"featured_media":102325,"comment_status":"closed","ping_status":"closed","template":"","meta":[],"product_brand":[],"product_cat":[1185,1160,1296,1179],"product_tag":[],"class_list":{"0":"post-69452","1":"product","2":"type-product","3":"status-publish","4":"has-post-thumbnail","6":"product_cat-grils-et-plaques-de-cuisson","7":"product_cat-materiel-electrique-et-de-cuisson","8":"product_cat-palettisable","9":"product_cat-petit-materiel","11":"first","12":"instock","13":"featured","14":"taxable","15":"shipping-taxable","16":"purchasable","17":"product-type-simple"},"_links":{"self":[{"href":"https:\/\/abinox-chr-clim.com\/index.php\/wp-json\/wp\/v2\/product\/69452","targetHints":{"allow":["GET"]}}],"collection":[{"href":"https:\/\/abinox-chr-clim.com\/index.php\/wp-json\/wp\/v2\/product"}],"about":[{"href":"https:\/\/abinox-chr-clim.com\/index.php\/wp-json\/wp\/v2\/types\/product"}],"replies":[{"embeddable":true,"href":"https:\/\/abinox-chr-clim.com\/index.php\/wp-json\/wp\/v2\/comments?post=69452"}],"wp:featuredmedia":[{"embeddable":true,"href":"https:\/\/abinox-chr-clim.com\/index.php\/wp-json\/wp\/v2\/media\/102325"}],"wp:attachment":[{"href":"https:\/\/abinox-chr-clim.com\/index.php\/wp-json\/wp\/v2\/media?parent=69452"}],"wp:term":[{"taxonomy":"product_brand","embeddable":true,"href":"https:\/\/abinox-chr-clim.com\/index.php\/wp-json\/wp\/v2\/product_brand?post=69452"},{"taxonomy":"product_cat","embeddable":true,"href":"https:\/\/abinox-chr-clim.com\/index.php\/wp-json\/wp\/v2\/product_cat?post=69452"},{"taxonomy":"product_tag","embeddable":true,"href":"https:\/\/abinox-chr-clim.com\/index.php\/wp-json\/wp\/v2\/product_tag?post=69452"}],"curies":[{"name":"wp","href":"https:\/\/api.w.org\/{rel}","templated":true}]}}