{"id":69448,"date":"2024-03-22T16:24:24","date_gmt":"2024-03-22T15:24:24","guid":{"rendered":"https:\/\/abinox-chr-clim.com\/index.php\/product\/plancha-gaz-plaque-2-3-lisse-1-3-rainuree-60-60-ftrg-gastro-m-600\/"},"modified":"2026-04-02T09:20:18","modified_gmt":"2026-04-02T07:20:18","slug":"plancha-gaz-plaque-2-3-lisse-1-3-rainuree-60-60-ftrg-gastro-m-600","status":"publish","type":"product","link":"https:\/\/abinox-chr-clim.com\/index.php\/product\/plancha-gaz-plaque-2-3-lisse-1-3-rainuree-60-60-ftrg-gastro-m-600\/","title":{"rendered":"Plancha gaz plaque 2\/3 lisse 1\/3 rainur\u00e9e 60\/60 FTRG Gastro M 600"},"content":{"rendered":"<p>Planchas gaz en acier inoxydable avec plans de cuisson durables, diffusant la chaleur uniform\u00e9ment. Temps de chauffe rapide, allumage piezo,  contr\u00f4le et vanne de s\u00e9curit\u00e9 thermostatique, t\u00e9moin lumineux. Le mod\u00e8le chrom\u00e9 n\u00e9cessite moins d&rsquo;\u00e9nergie pour maintenir la temp\u00e9rature de cuisson.<br \/>Ext\u00e9rieur en acier inoxydable. Allumage piezo. Bac de r\u00e9cup\u00e9ration int\u00e9gr\u00e9. R\u00e9f\u00e9rence soumise \u00e0 une Eco-participation mobilier de 0.17\u20ac par unit\u00e9 vendue.  Thermostat r\u00e9glable. Ext\u00e9rieur en acier inoxydable.<\/p>\n<p>Caract\u00e9ristiques :<br \/> Dimensions : 280(H) x 600(L) x 600(P) mm.<br \/> Mati\u00e8re : Ext\u00e9rieur en acier inoxydable.<br \/> Couleur : Acier inoxydable.<\/p>\n","protected":false},"excerpt":{"rendered":"<div><img decoding=\"async\" src=\"https:\/\/abinox-chr-clim.com\/wp-content\/uploads\/2024\/03\/abinox-garantie-1-an.webp\" width=\"150px\"\/><\/div>\n<p>Plancha gaz plaque 2\/3 lisse 1\/3 rainur\u00e9e 60\/60 FTRG Gastro M 600<\/p>\n","protected":false},"featured_media":102310,"comment_status":"closed","ping_status":"closed","template":"","meta":[],"product_brand":[],"product_cat":[1185,1160,1296,1179],"product_tag":[],"class_list":{"0":"post-69448","1":"product","2":"type-product","3":"status-publish","4":"has-post-thumbnail","6":"product_cat-grils-et-plaques-de-cuisson","7":"product_cat-materiel-electrique-et-de-cuisson","8":"product_cat-palettisable","9":"product_cat-petit-materiel","11":"first","12":"outofstock","13":"featured","14":"taxable","15":"shipping-taxable","16":"purchasable","17":"product-type-simple"},"_links":{"self":[{"href":"https:\/\/abinox-chr-clim.com\/index.php\/wp-json\/wp\/v2\/product\/69448","targetHints":{"allow":["GET"]}}],"collection":[{"href":"https:\/\/abinox-chr-clim.com\/index.php\/wp-json\/wp\/v2\/product"}],"about":[{"href":"https:\/\/abinox-chr-clim.com\/index.php\/wp-json\/wp\/v2\/types\/product"}],"replies":[{"embeddable":true,"href":"https:\/\/abinox-chr-clim.com\/index.php\/wp-json\/wp\/v2\/comments?post=69448"}],"wp:featuredmedia":[{"embeddable":true,"href":"https:\/\/abinox-chr-clim.com\/index.php\/wp-json\/wp\/v2\/media\/102310"}],"wp:attachment":[{"href":"https:\/\/abinox-chr-clim.com\/index.php\/wp-json\/wp\/v2\/media?parent=69448"}],"wp:term":[{"taxonomy":"product_brand","embeddable":true,"href":"https:\/\/abinox-chr-clim.com\/index.php\/wp-json\/wp\/v2\/product_brand?post=69448"},{"taxonomy":"product_cat","embeddable":true,"href":"https:\/\/abinox-chr-clim.com\/index.php\/wp-json\/wp\/v2\/product_cat?post=69448"},{"taxonomy":"product_tag","embeddable":true,"href":"https:\/\/abinox-chr-clim.com\/index.php\/wp-json\/wp\/v2\/product_tag?post=69448"}],"curies":[{"name":"wp","href":"https:\/\/api.w.org\/{rel}","templated":true}]}}