{"id":69442,"date":"2024-03-22T16:24:22","date_gmt":"2024-03-22T15:24:22","guid":{"rendered":"https:\/\/abinox-chr-clim.com\/index.php\/product\/plancha-electrique-plaque-lisse-gastro-m-650\/"},"modified":"2026-04-02T09:15:18","modified_gmt":"2026-04-02T07:15:18","slug":"plancha-electrique-plaque-lisse-gastro-m-650","status":"publish","type":"product","link":"https:\/\/abinox-chr-clim.com\/index.php\/product\/plancha-electrique-plaque-lisse-gastro-m-650\/","title":{"rendered":"Plancha \u00e9lectrique plaque lisse Gastro M 650"},"content":{"rendered":"<p>Plancha \u00e9lectrique avec plaque de cuisson robuste. Facile \u00e0 nettoyer, mont\u00e9e en temp\u00e9rature rapide, bac r\u00e9cup\u00e9rateur de graisse, thermostat r\u00e9glable et voyant de mise sous tension.<br \/>Construction acier inoxydable. Plaque en acier de haute qualit\u00e9. Bac r\u00e9cup\u00e9rateur de graisse. R\u00e9f\u00e9rence soumise \u00e0 une Eco-participation mobilier de 0.25\u20ac par unit\u00e9 vendue. Temp\u00e9rature homog\u00e8ne sur toute la surface.Thermostat r\u00e9glable. R\u00e9f\u00e9rence soumise \u00e0 une Eco-participation DEEE de 2,04\u20ac par unit\u00e9 vendue. Construction acier inoxydable.<\/p>\n<p>Caract\u00e9ristiques :<br \/> Dimensions : 280(H) x 700(L) x 650(P) mm.<br \/> Mati\u00e8re : Acier inoxydable.<br \/> Sortie : 9kW.<br \/> Voltage : 400V.<br \/> Couleur : Acier inoxydable.<\/p>\n","protected":false},"excerpt":{"rendered":"<div><img decoding=\"async\" src=\"https:\/\/abinox-chr-clim.com\/wp-content\/uploads\/2024\/03\/abinox-garantie-1-an.webp\" width=\"150px\"\/><\/div>\n<p>Plancha \u00e9lectrique plaque lisse Gastro M 650<\/p>\n","protected":false},"featured_media":102145,"comment_status":"closed","ping_status":"closed","template":"","meta":[],"product_brand":[],"product_cat":[1185,1160,1296,1179],"product_tag":[],"class_list":{"0":"post-69442","1":"product","2":"type-product","3":"status-publish","4":"has-post-thumbnail","6":"product_cat-grils-et-plaques-de-cuisson","7":"product_cat-materiel-electrique-et-de-cuisson","8":"product_cat-palettisable","9":"product_cat-petit-materiel","11":"first","12":"instock","13":"featured","14":"taxable","15":"shipping-taxable","16":"purchasable","17":"product-type-simple"},"_links":{"self":[{"href":"https:\/\/abinox-chr-clim.com\/index.php\/wp-json\/wp\/v2\/product\/69442","targetHints":{"allow":["GET"]}}],"collection":[{"href":"https:\/\/abinox-chr-clim.com\/index.php\/wp-json\/wp\/v2\/product"}],"about":[{"href":"https:\/\/abinox-chr-clim.com\/index.php\/wp-json\/wp\/v2\/types\/product"}],"replies":[{"embeddable":true,"href":"https:\/\/abinox-chr-clim.com\/index.php\/wp-json\/wp\/v2\/comments?post=69442"}],"wp:featuredmedia":[{"embeddable":true,"href":"https:\/\/abinox-chr-clim.com\/index.php\/wp-json\/wp\/v2\/media\/102145"}],"wp:attachment":[{"href":"https:\/\/abinox-chr-clim.com\/index.php\/wp-json\/wp\/v2\/media?parent=69442"}],"wp:term":[{"taxonomy":"product_brand","embeddable":true,"href":"https:\/\/abinox-chr-clim.com\/index.php\/wp-json\/wp\/v2\/product_brand?post=69442"},{"taxonomy":"product_cat","embeddable":true,"href":"https:\/\/abinox-chr-clim.com\/index.php\/wp-json\/wp\/v2\/product_cat?post=69442"},{"taxonomy":"product_tag","embeddable":true,"href":"https:\/\/abinox-chr-clim.com\/index.php\/wp-json\/wp\/v2\/product_tag?post=69442"}],"curies":[{"name":"wp","href":"https:\/\/api.w.org\/{rel}","templated":true}]}}