{"id":69441,"date":"2024-03-22T16:24:21","date_gmt":"2024-03-22T15:24:21","guid":{"rendered":"https:\/\/abinox-chr-clim.com\/index.php\/product\/plancha-gaz-plaque-lisse-65-40-ftg-gastro-m-650\/"},"modified":"2026-04-02T09:15:18","modified_gmt":"2026-04-02T07:15:18","slug":"plancha-gaz-plaque-lisse-65-40-ftg-gastro-m-650","status":"publish","type":"product","link":"https:\/\/abinox-chr-clim.com\/index.php\/product\/plancha-gaz-plaque-lisse-65-40-ftg-gastro-m-650\/","title":{"rendered":"Plancha gaz plaque lisse 65\/40 FTG Gastro M 650"},"content":{"rendered":"<p>Plancha gaz, avec plaque de cuisson robuste et facile \u00e0 nettoyer, temps de chauffe rapide, allumage piezo, bac r\u00e9cup\u00e9rateur de graisse et vanne de s\u00e9curit\u00e9 thermostatique. Livr\u00e9e gaz naturel, injecteurs butane\/propane fournis.<br \/>Construction acier inoxydable. Allumage piezo. Bac r\u00e9cup\u00e9rateur de graisse. R\u00e9f\u00e9rence soumise \u00e0 une Eco-participation mobilier de 0.13\u20ac par unit\u00e9 vendue. Temp\u00e9rature homog\u00e8ne sur toute la surface. Livr\u00e9e gaz naturel et injecteurs butane\/propane fournis. Commutateur gaz 6 positions. R\u00e9f\u00e9rence soumise \u00e0 une Eco-participation DEEE de 0,66\u20ac par unit\u00e9 vendue. Construction acier inoxydable.<\/p>\n<p>Caract\u00e9ristiques :<br \/> Dimensions : 280(H) x 400(L) x 650(P) mm.<br \/> Mati\u00e8re : Acier inoxydable.<br \/> Couleur : Acier inoxydable.<br \/> Puissance : 5.7 kW.<\/p>\n","protected":false},"excerpt":{"rendered":"<div><img decoding=\"async\" src=\"https:\/\/abinox-chr-clim.com\/wp-content\/uploads\/2024\/03\/abinox-garantie-1-an.webp\" width=\"150px\"\/><\/div>\n<p>Plancha gaz plaque lisse 65\/40 FTG Gastro M 650<\/p>\n","protected":false},"featured_media":102144,"comment_status":"closed","ping_status":"closed","template":"","meta":[],"product_brand":[],"product_cat":[1185,1160,1296,1179],"product_tag":[],"class_list":{"0":"post-69441","1":"product","2":"type-product","3":"status-publish","4":"has-post-thumbnail","6":"product_cat-grils-et-plaques-de-cuisson","7":"product_cat-materiel-electrique-et-de-cuisson","8":"product_cat-palettisable","9":"product_cat-petit-materiel","11":"first","12":"instock","13":"featured","14":"taxable","15":"shipping-taxable","16":"purchasable","17":"product-type-simple"},"_links":{"self":[{"href":"https:\/\/abinox-chr-clim.com\/index.php\/wp-json\/wp\/v2\/product\/69441","targetHints":{"allow":["GET"]}}],"collection":[{"href":"https:\/\/abinox-chr-clim.com\/index.php\/wp-json\/wp\/v2\/product"}],"about":[{"href":"https:\/\/abinox-chr-clim.com\/index.php\/wp-json\/wp\/v2\/types\/product"}],"replies":[{"embeddable":true,"href":"https:\/\/abinox-chr-clim.com\/index.php\/wp-json\/wp\/v2\/comments?post=69441"}],"wp:featuredmedia":[{"embeddable":true,"href":"https:\/\/abinox-chr-clim.com\/index.php\/wp-json\/wp\/v2\/media\/102144"}],"wp:attachment":[{"href":"https:\/\/abinox-chr-clim.com\/index.php\/wp-json\/wp\/v2\/media?parent=69441"}],"wp:term":[{"taxonomy":"product_brand","embeddable":true,"href":"https:\/\/abinox-chr-clim.com\/index.php\/wp-json\/wp\/v2\/product_brand?post=69441"},{"taxonomy":"product_cat","embeddable":true,"href":"https:\/\/abinox-chr-clim.com\/index.php\/wp-json\/wp\/v2\/product_cat?post=69441"},{"taxonomy":"product_tag","embeddable":true,"href":"https:\/\/abinox-chr-clim.com\/index.php\/wp-json\/wp\/v2\/product_tag?post=69441"}],"curies":[{"name":"wp","href":"https:\/\/api.w.org\/{rel}","templated":true}]}}