{"id":69438,"date":"2024-03-22T16:24:20","date_gmt":"2024-03-22T15:24:20","guid":{"rendered":"https:\/\/abinox-chr-clim.com\/index.php\/product\/racloir-pour-plaque-de-cuisson-jantex-utilisation-intensive\/"},"modified":"2026-04-02T09:14:50","modified_gmt":"2026-04-02T07:14:50","slug":"racloir-pour-plaque-de-cuisson-jantex-utilisation-intensive","status":"publish","type":"product","link":"https:\/\/abinox-chr-clim.com\/index.php\/product\/racloir-pour-plaque-de-cuisson-jantex-utilisation-intensive\/","title":{"rendered":"Racloir pour plaque de cuisson Jantex utilisation intensive"},"content":{"rendered":"<p>Construction monobloc robuste et ultra-durable. Les supports de main permettent d&rsquo;appliquer plus de force descendante. Conception ergonomique de la poign\u00e9e &#8211; confortable \u00e0 utiliser. Lame de rechange facile \u00e0 changer (GF379) vendue s\u00e9par\u00e9ment. Construction monobloc robuste et ultra-durable.<\/p>\n<p>Caract\u00e9ristiques :<br \/> Dimensions : 152mm.<br \/> Mati\u00e8re : Acier inoxydable<\/p>\n","protected":false},"excerpt":{"rendered":"<div><img decoding=\"async\" src=\"https:\/\/abinox-chr-clim.com\/wp-content\/uploads\/2024\/03\/abinox-garantie-1-an.webp\" width=\"150px\"\/><\/div>\n<p>Racloir pour plaque de cuisson Jantex utilisation intensive<\/p>\n","protected":false},"featured_media":101464,"comment_status":"closed","ping_status":"closed","template":"","meta":[],"product_brand":[],"product_cat":[1185,1160,1297,1179],"product_tag":[],"class_list":{"0":"post-69438","1":"product","2":"type-product","3":"status-publish","4":"has-post-thumbnail","6":"product_cat-grils-et-plaques-de-cuisson","7":"product_cat-materiel-electrique-et-de-cuisson","8":"product_cat-non-palettisable","9":"product_cat-petit-materiel","10":"product_shipping_class-free-shipping","12":"first","13":"instock","14":"featured","15":"taxable","16":"shipping-taxable","17":"purchasable","18":"product-type-simple"},"_links":{"self":[{"href":"https:\/\/abinox-chr-clim.com\/index.php\/wp-json\/wp\/v2\/product\/69438","targetHints":{"allow":["GET"]}}],"collection":[{"href":"https:\/\/abinox-chr-clim.com\/index.php\/wp-json\/wp\/v2\/product"}],"about":[{"href":"https:\/\/abinox-chr-clim.com\/index.php\/wp-json\/wp\/v2\/types\/product"}],"replies":[{"embeddable":true,"href":"https:\/\/abinox-chr-clim.com\/index.php\/wp-json\/wp\/v2\/comments?post=69438"}],"wp:featuredmedia":[{"embeddable":true,"href":"https:\/\/abinox-chr-clim.com\/index.php\/wp-json\/wp\/v2\/media\/101464"}],"wp:attachment":[{"href":"https:\/\/abinox-chr-clim.com\/index.php\/wp-json\/wp\/v2\/media?parent=69438"}],"wp:term":[{"taxonomy":"product_brand","embeddable":true,"href":"https:\/\/abinox-chr-clim.com\/index.php\/wp-json\/wp\/v2\/product_brand?post=69438"},{"taxonomy":"product_cat","embeddable":true,"href":"https:\/\/abinox-chr-clim.com\/index.php\/wp-json\/wp\/v2\/product_cat?post=69438"},{"taxonomy":"product_tag","embeddable":true,"href":"https:\/\/abinox-chr-clim.com\/index.php\/wp-json\/wp\/v2\/product_tag?post=69438"}],"curies":[{"name":"wp","href":"https:\/\/api.w.org\/{rel}","templated":true}]}}