{"id":69437,"date":"2024-03-22T16:24:20","date_gmt":"2024-03-22T15:24:20","guid":{"rendered":"https:\/\/abinox-chr-clim.com\/index.php\/product\/plaque-de-cuisson-electrique-de-comptoir-buffalo-380x385mm\/"},"modified":"2026-04-02T09:47:21","modified_gmt":"2026-04-02T07:47:21","slug":"plaque-de-cuisson-electrique-de-comptoir-buffalo-380x385mm","status":"publish","type":"product","link":"https:\/\/abinox-chr-clim.com\/index.php\/product\/plaque-de-cuisson-electrique-de-comptoir-buffalo-380x385mm\/","title":{"rendered":"Plaque de cuisson \u00e9lectrique de comptoir Buffalo &#8211; 380x385mm"},"content":{"rendered":"<p>Plaques \u00e9lectriques avec plaques de cuisson en fonte lisses, durables et faciles \u00e0 nettoyer. Poss\u00e8dent un bac \u00e0 graisse facile d&rsquo;acc\u00e8s en fa\u00e7ade avant, un coupe-circuit thermique de s\u00e9curit\u00e9.<br \/>R\u00e9sistance robuste de qualit\u00e9 commerciale. Contr\u00f4le thermostatique. Bac de r\u00e9cup\u00e9ration amovible int\u00e9gr\u00e9. R\u00e9f\u00e9rence soumise \u00e0 une Eco-participation mobilier de 0.82\u20ac par unit\u00e9 vendue. Pieds en caoutchouc antid\u00e9rapants. Voyant de fonctionnement. Bac de r\u00e9cup\u00e9ration amovible int\u00e9gr\u00e9. Interrupteur marche\/arr\u00eat. Contr\u00f4le thermostatique. Bac de r\u00e9cup\u00e9ration amovible int\u00e9gr\u00e9. Voyant de fonctionnement. Plaque de cuisson en fonte robuste. R\u00e9sistance robuste de qualit\u00e9 commerciale.<\/p>\n<p>Caract\u00e9ristiques :<br \/> Dimensions : 225(H) x 440(L) x 465(P) mm.<br \/> Mati\u00e8re : Inox 430.<br \/> Voltage : 230V.<br \/> Couleur : Acier inoxydable.<br \/> Puissance : 2800 W.<\/p>\n","protected":false},"excerpt":{"rendered":"<div><img decoding=\"async\" src=\"https:\/\/abinox-chr-clim.com\/wp-content\/uploads\/2024\/03\/abinox-garantie-1-an.webp\" width=\"150px\"\/><\/div>\n<p>Plaque de cuisson \u00e9lectrique de comptoir Buffalo &#8211; 380x385mm<\/p>\n","protected":false},"featured_media":90520,"comment_status":"closed","ping_status":"closed","template":"","meta":[],"product_brand":[],"product_cat":[1185,1160,1297,1179],"product_tag":[],"class_list":{"0":"post-69437","1":"product","2":"type-product","3":"status-publish","4":"has-post-thumbnail","6":"product_cat-grils-et-plaques-de-cuisson","7":"product_cat-materiel-electrique-et-de-cuisson","8":"product_cat-non-palettisable","9":"product_cat-petit-materiel","10":"product_shipping_class-free-shipping","12":"first","13":"instock","14":"featured","15":"taxable","16":"shipping-taxable","17":"purchasable","18":"product-type-simple"},"_links":{"self":[{"href":"https:\/\/abinox-chr-clim.com\/index.php\/wp-json\/wp\/v2\/product\/69437","targetHints":{"allow":["GET"]}}],"collection":[{"href":"https:\/\/abinox-chr-clim.com\/index.php\/wp-json\/wp\/v2\/product"}],"about":[{"href":"https:\/\/abinox-chr-clim.com\/index.php\/wp-json\/wp\/v2\/types\/product"}],"replies":[{"embeddable":true,"href":"https:\/\/abinox-chr-clim.com\/index.php\/wp-json\/wp\/v2\/comments?post=69437"}],"wp:featuredmedia":[{"embeddable":true,"href":"https:\/\/abinox-chr-clim.com\/index.php\/wp-json\/wp\/v2\/media\/90520"}],"wp:attachment":[{"href":"https:\/\/abinox-chr-clim.com\/index.php\/wp-json\/wp\/v2\/media?parent=69437"}],"wp:term":[{"taxonomy":"product_brand","embeddable":true,"href":"https:\/\/abinox-chr-clim.com\/index.php\/wp-json\/wp\/v2\/product_brand?post=69437"},{"taxonomy":"product_cat","embeddable":true,"href":"https:\/\/abinox-chr-clim.com\/index.php\/wp-json\/wp\/v2\/product_cat?post=69437"},{"taxonomy":"product_tag","embeddable":true,"href":"https:\/\/abinox-chr-clim.com\/index.php\/wp-json\/wp\/v2\/product_tag?post=69437"}],"curies":[{"name":"wp","href":"https:\/\/api.w.org\/{rel}","templated":true}]}}