{"id":69433,"date":"2024-03-22T16:24:18","date_gmt":"2024-03-22T15:24:18","guid":{"rendered":"https:\/\/abinox-chr-clim.com\/index.php\/product\/racloir-triangulaire-jantex\/"},"modified":"2026-04-02T08:37:39","modified_gmt":"2026-04-02T06:37:39","slug":"racloir-triangulaire-jantex","status":"publish","type":"product","link":"https:\/\/abinox-chr-clim.com\/index.php\/product\/racloir-triangulaire-jantex\/","title":{"rendered":"Racloir triangulaire Jantex"},"content":{"rendered":"<p>Lame de 127 mm en acier inoxydable avec manche en plastique.<br \/>La lame rigide \u00e9limine la salet\u00e9 et la crasse les plus tenaces. La lame mince p\u00e9n\u00e8tre sous les d\u00e9bris alimentaires br\u00fbl\u00e9s. Le manche confortable emp\u00eache les courbatures et les douleurs pendant l&rsquo;utilisation. Le manche ergonomique emp\u00eache chute ou glisse. La construction en m\u00e9tal et en plastique offre une excellente durabilit\u00e9.  La lame rigide \u00e9limine la salet\u00e9 et la crasse les plus tenaces.<\/p>\n<p>Caract\u00e9ristiques :<br \/> Dimensions : 130(L) mm.<br \/> Mati\u00e8re : Inox.<br \/> Couleur : Noir.<\/p>\n","protected":false},"excerpt":{"rendered":"<div><img decoding=\"async\" src=\"https:\/\/abinox-chr-clim.com\/wp-content\/uploads\/2024\/03\/abinox-garantie-1-an.webp\" width=\"150px\"\/><\/div>\n<p>Racloir triangulaire Jantex<\/p>\n","protected":false},"featured_media":88405,"comment_status":"closed","ping_status":"closed","template":"","meta":[],"product_brand":[],"product_cat":[1185,1160,1297,1179],"product_tag":[],"class_list":{"0":"post-69433","1":"product","2":"type-product","3":"status-publish","4":"has-post-thumbnail","6":"product_cat-grils-et-plaques-de-cuisson","7":"product_cat-materiel-electrique-et-de-cuisson","8":"product_cat-non-palettisable","9":"product_cat-petit-materiel","10":"product_shipping_class-free-shipping","12":"first","13":"instock","14":"featured","15":"taxable","16":"shipping-taxable","17":"purchasable","18":"product-type-simple"},"_links":{"self":[{"href":"https:\/\/abinox-chr-clim.com\/index.php\/wp-json\/wp\/v2\/product\/69433","targetHints":{"allow":["GET"]}}],"collection":[{"href":"https:\/\/abinox-chr-clim.com\/index.php\/wp-json\/wp\/v2\/product"}],"about":[{"href":"https:\/\/abinox-chr-clim.com\/index.php\/wp-json\/wp\/v2\/types\/product"}],"replies":[{"embeddable":true,"href":"https:\/\/abinox-chr-clim.com\/index.php\/wp-json\/wp\/v2\/comments?post=69433"}],"wp:featuredmedia":[{"embeddable":true,"href":"https:\/\/abinox-chr-clim.com\/index.php\/wp-json\/wp\/v2\/media\/88405"}],"wp:attachment":[{"href":"https:\/\/abinox-chr-clim.com\/index.php\/wp-json\/wp\/v2\/media?parent=69433"}],"wp:term":[{"taxonomy":"product_brand","embeddable":true,"href":"https:\/\/abinox-chr-clim.com\/index.php\/wp-json\/wp\/v2\/product_brand?post=69433"},{"taxonomy":"product_cat","embeddable":true,"href":"https:\/\/abinox-chr-clim.com\/index.php\/wp-json\/wp\/v2\/product_cat?post=69433"},{"taxonomy":"product_tag","embeddable":true,"href":"https:\/\/abinox-chr-clim.com\/index.php\/wp-json\/wp\/v2\/product_tag?post=69433"}],"curies":[{"name":"wp","href":"https:\/\/api.w.org\/{rel}","templated":true}]}}