{"id":69430,"date":"2024-03-22T16:24:17","date_gmt":"2024-03-22T15:24:17","guid":{"rendered":"https:\/\/abinox-chr-clim.com\/index.php\/product\/plaque-chauffante-a-induction-buffalo\/"},"modified":"2026-04-02T10:08:45","modified_gmt":"2026-04-02T08:08:45","slug":"plaque-chauffante-a-induction-buffalo","status":"publish","type":"product","link":"https:\/\/abinox-chr-clim.com\/index.php\/product\/plaque-chauffante-a-induction-buffalo\/","title":{"rendered":"Plaque chauffante \u00e0 induction Buffalo"},"content":{"rendered":"<p>Les plaques chauffantes \u00e0 induction sont dot\u00e9es d&rsquo;une technologie d&rsquo;induction \u00e9conome en \u00e9nergie et sont parfaites pour maintenir au chaud les aliments dans les restaurants, les caf\u00e9s et le service de buffet en salle.<br \/>Tr\u00e8s \u00e9conome en \u00e9nergie &#8211; utilise beaucoup moins d&rsquo;\u00e9nergie que les plaques chauffantes \u00e9lectriques ou \u00e0 gaz traditionnelles. Le mode de d\u00e9tection de casserole \u00e0 \u00e9conomie d&rsquo;\u00e9nergie r\u00e9duit l&rsquo;usure des composants. Contr\u00f4le num\u00e9rique de la temp\u00e9rature &#8211; 40-100\u00b0C. Tailles de casseroles compatibles\u00a0: 120 mm &#8211; 440 x 300 mm. Portable &#8211; branchez simplement et utiisez. Convient aux plats GN 1\/2 &#8211; transfert direct du four \u00e0 la plaque chauffante. Protection s\u00fbre contre la surchauffe. Pas de flamme &#8211; plus s\u00fbr que les r\u00e9chauds\/plaques de cuisson traditionnels. \u00c0 utiliser uniquement avec des r\u00e9chauds\/r\u00e9cipients adapt\u00e9s \u00e0 l&rsquo;induction. Le mode de d\u00e9tection de casserole \u00e0 \u00e9conomie d&rsquo;\u00e9nergie r\u00e9duit l&rsquo;usure des composants. Contr\u00f4le num\u00e9rique de la temp\u00e9rature &#8211; 40-100\u00b0C. Conception gain de temps facile \u00e0 nettoyer. Tr\u00e8s \u00e9conome en \u00e9nergie &#8211; utilise beaucoup moins d&rsquo;\u00e9nergie que les plaques chauffantes \u00e9lectriques ou \u00e0 gaz traditionnelles.<\/p>\n<p>Caract\u00e9ristiques :<br \/> Dimensions : 61(H) x 462(L) x 335(P) mm.<br \/> Mati\u00e8re : Inox.<br \/> Temp\u00e9rature : 40 \u00b0C \u00e0 100 \u00b0C.<br \/> Voltage : 220-240V.<br \/> Couleur : Argent.<br \/> Bac GN : GN 1\/2XY.<\/p>\n","protected":false},"excerpt":{"rendered":"<div><img decoding=\"async\" src=\"https:\/\/abinox-chr-clim.com\/wp-content\/uploads\/2024\/03\/abinox-garantie-1-an.webp\" width=\"150px\"\/><\/div>\n<p>Plaque chauffante \u00e0 induction Buffalo<\/p>\n","protected":false},"featured_media":86795,"comment_status":"closed","ping_status":"closed","template":"","meta":[],"product_brand":[],"product_cat":[1185,1160,1297,1179],"product_tag":[],"class_list":{"0":"post-69430","1":"product","2":"type-product","3":"status-publish","4":"has-post-thumbnail","6":"product_cat-grils-et-plaques-de-cuisson","7":"product_cat-materiel-electrique-et-de-cuisson","8":"product_cat-non-palettisable","9":"product_cat-petit-materiel","10":"product_shipping_class-free-shipping","12":"first","13":"instock","14":"featured","15":"taxable","16":"shipping-taxable","17":"purchasable","18":"product-type-simple"},"_links":{"self":[{"href":"https:\/\/abinox-chr-clim.com\/index.php\/wp-json\/wp\/v2\/product\/69430","targetHints":{"allow":["GET"]}}],"collection":[{"href":"https:\/\/abinox-chr-clim.com\/index.php\/wp-json\/wp\/v2\/product"}],"about":[{"href":"https:\/\/abinox-chr-clim.com\/index.php\/wp-json\/wp\/v2\/types\/product"}],"replies":[{"embeddable":true,"href":"https:\/\/abinox-chr-clim.com\/index.php\/wp-json\/wp\/v2\/comments?post=69430"}],"wp:featuredmedia":[{"embeddable":true,"href":"https:\/\/abinox-chr-clim.com\/index.php\/wp-json\/wp\/v2\/media\/86795"}],"wp:attachment":[{"href":"https:\/\/abinox-chr-clim.com\/index.php\/wp-json\/wp\/v2\/media?parent=69430"}],"wp:term":[{"taxonomy":"product_brand","embeddable":true,"href":"https:\/\/abinox-chr-clim.com\/index.php\/wp-json\/wp\/v2\/product_brand?post=69430"},{"taxonomy":"product_cat","embeddable":true,"href":"https:\/\/abinox-chr-clim.com\/index.php\/wp-json\/wp\/v2\/product_cat?post=69430"},{"taxonomy":"product_tag","embeddable":true,"href":"https:\/\/abinox-chr-clim.com\/index.php\/wp-json\/wp\/v2\/product_tag?post=69430"}],"curies":[{"name":"wp","href":"https:\/\/api.w.org\/{rel}","templated":true}]}}