{"id":69429,"date":"2024-03-22T16:24:17","date_gmt":"2024-03-22T15:24:17","guid":{"rendered":"https:\/\/abinox-chr-clim.com\/index.php\/product\/waring-panini-grill-35x35cm\/"},"modified":"2026-04-02T08:52:33","modified_gmt":"2026-04-02T06:52:33","slug":"waring-panini-grill-35x35cm","status":"publish","type":"product","link":"https:\/\/abinox-chr-clim.com\/index.php\/product\/waring-panini-grill-35x35cm\/","title":{"rendered":"Waring Panini Grill &#8211; 35x35cm"},"content":{"rendered":"<p>Id\u00e9al pour la cuisson des burgers, steaks, panini, et sandwiches. Plaque sup\u00e9rieure avec contrepoids pour les aliments jusqu&rsquo;\u00e0 75mm d&rsquo;\u00e9paisseur.<br \/>Corps en acier inoxydable bross\u00e9 et r\u00e9cup\u00e9rateur de graisse amovible. Plaque de cuisson en fonte lisse 350 x 350mm. Thermostat r\u00e9glable jusqu&rsquo;\u00e0 300\u00b0C. R\u00e9f\u00e9rence soumise \u00e0 une Eco-participation mobilier de 2\u20ac par unit\u00e9 vendue. Poign\u00e9es anti-chaleur. Temps de chauffe : 20 minutes.Voyants de fonctionnement et de contr\u00f4le. Veuillez noter que cet article p\u00e8se plus de30 kg et de ce fait le livreur peut avoir besoin d&rsquo;aide au point de livraison. R\u00e9f\u00e9rence soumise \u00e0 une Eco-participation DEEE de 1,48\u20ac par unit\u00e9 vendue. Corps en acier inoxydable bross\u00e9 et r\u00e9cup\u00e9rateur de graisse amovible.<\/p>\n<p>Caract\u00e9ristiques :<br \/> Dimensions : 244(H)x 439.2(L)x 561.2(P)mm.<br \/> Mati\u00e8re : .<br \/> Sortie : 2400W. 10.4A.<br \/> Temp\u00e9rature : 0 \u00b0C \u00e0 300 \u00b0C.<br \/> Voltage : 230V.<br \/> Couleur : Acier inoxydable et noir.<br \/> Puissance : 2.4 kW.<\/p>\n","protected":false},"excerpt":{"rendered":"<div><img decoding=\"async\" src=\"https:\/\/abinox-chr-clim.com\/wp-content\/uploads\/2024\/03\/abinox-garantie-1-an.webp\" width=\"150px\"\/><\/div>\n<p>Waring Panini Grill &#8211; 35x35cm<\/p>\n","protected":false},"featured_media":101807,"comment_status":"closed","ping_status":"closed","template":"","meta":[],"product_brand":[],"product_cat":[1184,1160,1296,1179],"product_tag":[],"class_list":{"0":"post-69429","1":"product","2":"type-product","3":"status-publish","4":"has-post-thumbnail","6":"product_cat-grils-de-contact","7":"product_cat-materiel-electrique-et-de-cuisson","8":"product_cat-palettisable","9":"product_cat-petit-materiel","11":"first","12":"instock","13":"featured","14":"taxable","15":"shipping-taxable","16":"purchasable","17":"product-type-simple"},"_links":{"self":[{"href":"https:\/\/abinox-chr-clim.com\/index.php\/wp-json\/wp\/v2\/product\/69429","targetHints":{"allow":["GET"]}}],"collection":[{"href":"https:\/\/abinox-chr-clim.com\/index.php\/wp-json\/wp\/v2\/product"}],"about":[{"href":"https:\/\/abinox-chr-clim.com\/index.php\/wp-json\/wp\/v2\/types\/product"}],"replies":[{"embeddable":true,"href":"https:\/\/abinox-chr-clim.com\/index.php\/wp-json\/wp\/v2\/comments?post=69429"}],"wp:featuredmedia":[{"embeddable":true,"href":"https:\/\/abinox-chr-clim.com\/index.php\/wp-json\/wp\/v2\/media\/101807"}],"wp:attachment":[{"href":"https:\/\/abinox-chr-clim.com\/index.php\/wp-json\/wp\/v2\/media?parent=69429"}],"wp:term":[{"taxonomy":"product_brand","embeddable":true,"href":"https:\/\/abinox-chr-clim.com\/index.php\/wp-json\/wp\/v2\/product_brand?post=69429"},{"taxonomy":"product_cat","embeddable":true,"href":"https:\/\/abinox-chr-clim.com\/index.php\/wp-json\/wp\/v2\/product_cat?post=69429"},{"taxonomy":"product_tag","embeddable":true,"href":"https:\/\/abinox-chr-clim.com\/index.php\/wp-json\/wp\/v2\/product_tag?post=69429"}],"curies":[{"name":"wp","href":"https:\/\/api.w.org\/{rel}","templated":true}]}}