{"id":69419,"date":"2024-03-22T16:24:11","date_gmt":"2024-03-22T15:24:11","guid":{"rendered":"https:\/\/abinox-chr-clim.com\/index.php\/product\/gril-de-contact-simple-bistro-buffalo-lisse-lisse\/"},"modified":"2026-04-02T09:47:39","modified_gmt":"2026-04-02T07:47:39","slug":"gril-de-contact-simple-bistro-buffalo-lisse-lisse","status":"publish","type":"product","link":"https:\/\/abinox-chr-clim.com\/index.php\/product\/gril-de-contact-simple-bistro-buffalo-lisse-lisse\/","title":{"rendered":"Gril de contact simple Bistro Buffalo lisse\/lisse"},"content":{"rendered":"<p>Plaques de gril en fonte r\u00e9sistantes. Plaque sup\u00e9rieure avec contrepoids. R\u00e9gulateur de temp\u00e9rature \u00e0\u00a0 cadran simple. R\u00e9f\u00e9rence soumise \u00e0 une Eco-participation mobilier de 0.81\u20ac par unit\u00e9 vendue. Bac de r\u00e9cup\u00e9ration des graisses amovible. Plaque sup\u00e9rieure pivotante r\u00e9glable. Bac d&rsquo;\u00e9gouttage amovible pour un nettoyage facile. Plaque sup\u00e9rieure \u00e9quilibr\u00e9e de comptoir. Voyant lumineux et commande du thermostat. Avec grattoir. R\u00e9chauffement rapide. Plaques de gril en fonte r\u00e9sistantes.<\/p>\n<p>Caract\u00e9ristiques :<br \/> Dimensions : 210(H) x 290(L) x 395(P) mm.<br \/> Mati\u00e8re : Inox 430.<br \/> Temp\u00e9rature : 100 \u00b0C \u00e0 300 \u00b0C.<br \/> Voltage : 230V.<br \/> Couleur : Acier inoxydable.<br \/> Puissance : 1500 W.<\/p>\n","protected":false},"excerpt":{"rendered":"<div><img decoding=\"async\" src=\"https:\/\/abinox-chr-clim.com\/wp-content\/uploads\/2024\/03\/abinox-garantie-1-an.webp\" width=\"150px\"\/><\/div>\n<p>Gril de contact simple Bistro Buffalo lisse\/lisse<\/p>\n","protected":false},"featured_media":96201,"comment_status":"closed","ping_status":"closed","template":"","meta":[],"product_brand":[],"product_cat":[1184,1160,1297,1179],"product_tag":[],"class_list":{"0":"post-69419","1":"product","2":"type-product","3":"status-publish","4":"has-post-thumbnail","6":"product_cat-grils-de-contact","7":"product_cat-materiel-electrique-et-de-cuisson","8":"product_cat-non-palettisable","9":"product_cat-petit-materiel","10":"product_shipping_class-free-shipping","12":"first","13":"instock","14":"featured","15":"taxable","16":"shipping-taxable","17":"purchasable","18":"product-type-simple"},"_links":{"self":[{"href":"https:\/\/abinox-chr-clim.com\/index.php\/wp-json\/wp\/v2\/product\/69419","targetHints":{"allow":["GET"]}}],"collection":[{"href":"https:\/\/abinox-chr-clim.com\/index.php\/wp-json\/wp\/v2\/product"}],"about":[{"href":"https:\/\/abinox-chr-clim.com\/index.php\/wp-json\/wp\/v2\/types\/product"}],"replies":[{"embeddable":true,"href":"https:\/\/abinox-chr-clim.com\/index.php\/wp-json\/wp\/v2\/comments?post=69419"}],"wp:featuredmedia":[{"embeddable":true,"href":"https:\/\/abinox-chr-clim.com\/index.php\/wp-json\/wp\/v2\/media\/96201"}],"wp:attachment":[{"href":"https:\/\/abinox-chr-clim.com\/index.php\/wp-json\/wp\/v2\/media?parent=69419"}],"wp:term":[{"taxonomy":"product_brand","embeddable":true,"href":"https:\/\/abinox-chr-clim.com\/index.php\/wp-json\/wp\/v2\/product_brand?post=69419"},{"taxonomy":"product_cat","embeddable":true,"href":"https:\/\/abinox-chr-clim.com\/index.php\/wp-json\/wp\/v2\/product_cat?post=69419"},{"taxonomy":"product_tag","embeddable":true,"href":"https:\/\/abinox-chr-clim.com\/index.php\/wp-json\/wp\/v2\/product_tag?post=69419"}],"curies":[{"name":"wp","href":"https:\/\/api.w.org\/{rel}","templated":true}]}}