{"id":69418,"date":"2024-03-22T16:24:11","date_gmt":"2024-03-22T15:24:11","guid":{"rendered":"https:\/\/abinox-chr-clim.com\/index.php\/product\/grand-gril-de-contact-simple-bistro-buffalo-rainure-rainure\/"},"modified":"2026-04-02T09:47:38","modified_gmt":"2026-04-02T07:47:38","slug":"grand-gril-de-contact-simple-bistro-buffalo-rainure-rainure","status":"publish","type":"product","link":"https:\/\/abinox-chr-clim.com\/index.php\/product\/grand-gril-de-contact-simple-bistro-buffalo-rainure-rainure\/","title":{"rendered":"Grand gril de contact simple Bistro Buffalo rainur\u00e9\/rainur\u00e9"},"content":{"rendered":"<p>Grils larges avec plaques en fonte antiadh\u00e9sives pour des grillades plus saines en quelques minutes. La plaque sup\u00e9rieure avec contrepoids permet une r\u00e9partition uniforme de la chaleur et emp\u00eache les aliments d&rsquo;\u00eatre \u00e9cras\u00e9s par le poids de la plaque. Fournis avec un grattoir pour retirer facilement la graisse et les aliments br\u00fbl\u00e9s.<br \/>Plaques en fonte r\u00e9sistantes. Plaque sup\u00e9rieure avec contrepoids. Contr\u00f4le simple de la temp\u00e9rature. R\u00e9f\u00e9rence soumise \u00e0 une Eco-participation mobilier de 1.13\u20ac par unit\u00e9 vendue. Bac de r\u00e9cup\u00e9ration des graisses amovible. Plaque sup\u00e9rieure pivotante r\u00e9glable. Le t\u00e9moin lumineux am\u00e9liore la s\u00e9curit\u00e9 du gril. Avec grattoir.Temps de chauffe rapide. Plaques en fonte r\u00e9sistantes.<\/p>\n<p>Caract\u00e9ristiques :<br \/> Dimensions : 210(H) x 380(L) x 395(P) mm.<br \/> Mati\u00e8re : Inox 430.<br \/> Temp\u00e9rature : 100 \u00b0C \u00e0 300 \u00b0C.<br \/> Voltage : 230V.<br \/> Couleur : Acier inoxydable.<br \/> Puissance : 2200 W.<\/p>\n","protected":false},"excerpt":{"rendered":"<div><img decoding=\"async\" src=\"https:\/\/abinox-chr-clim.com\/wp-content\/uploads\/2024\/03\/abinox-garantie-1-an.webp\" width=\"150px\"\/><\/div>\n<p>Grand gril de contact simple Bistro Buffalo rainur\u00e9\/rainur\u00e9<\/p>\n","protected":false},"featured_media":96209,"comment_status":"closed","ping_status":"closed","template":"","meta":[],"product_brand":[],"product_cat":[1184,1160,1297,1179],"product_tag":[],"class_list":{"0":"post-69418","1":"product","2":"type-product","3":"status-publish","4":"has-post-thumbnail","6":"product_cat-grils-de-contact","7":"product_cat-materiel-electrique-et-de-cuisson","8":"product_cat-non-palettisable","9":"product_cat-petit-materiel","10":"product_shipping_class-free-shipping","12":"first","13":"outofstock","14":"featured","15":"taxable","16":"shipping-taxable","17":"purchasable","18":"product-type-simple"},"_links":{"self":[{"href":"https:\/\/abinox-chr-clim.com\/index.php\/wp-json\/wp\/v2\/product\/69418","targetHints":{"allow":["GET"]}}],"collection":[{"href":"https:\/\/abinox-chr-clim.com\/index.php\/wp-json\/wp\/v2\/product"}],"about":[{"href":"https:\/\/abinox-chr-clim.com\/index.php\/wp-json\/wp\/v2\/types\/product"}],"replies":[{"embeddable":true,"href":"https:\/\/abinox-chr-clim.com\/index.php\/wp-json\/wp\/v2\/comments?post=69418"}],"wp:featuredmedia":[{"embeddable":true,"href":"https:\/\/abinox-chr-clim.com\/index.php\/wp-json\/wp\/v2\/media\/96209"}],"wp:attachment":[{"href":"https:\/\/abinox-chr-clim.com\/index.php\/wp-json\/wp\/v2\/media?parent=69418"}],"wp:term":[{"taxonomy":"product_brand","embeddable":true,"href":"https:\/\/abinox-chr-clim.com\/index.php\/wp-json\/wp\/v2\/product_brand?post=69418"},{"taxonomy":"product_cat","embeddable":true,"href":"https:\/\/abinox-chr-clim.com\/index.php\/wp-json\/wp\/v2\/product_cat?post=69418"},{"taxonomy":"product_tag","embeddable":true,"href":"https:\/\/abinox-chr-clim.com\/index.php\/wp-json\/wp\/v2\/product_tag?post=69418"}],"curies":[{"name":"wp","href":"https:\/\/api.w.org\/{rel}","templated":true}]}}