{"id":69414,"date":"2024-03-22T16:24:09","date_gmt":"2024-03-22T15:24:09","guid":{"rendered":"https:\/\/abinox-chr-clim.com\/index.php\/product\/gril-a-panini-simple-waring-wpg150e\/"},"modified":"2026-04-02T08:34:53","modified_gmt":"2026-04-02T06:34:53","slug":"gril-a-panini-simple-waring-wpg150e","status":"publish","type":"product","link":"https:\/\/abinox-chr-clim.com\/index.php\/product\/gril-a-panini-simple-waring-wpg150e\/","title":{"rendered":"Gril \u00e0 panini simple Waring WPG150E"},"content":{"rendered":"<p>Plaques rainur\u00e9es antirayures en fonte \u00e0 mont\u00e9e en temp\u00e9rature et cuisson rapides. Presses id\u00e9ales pour les caf\u00e9s et restaurants tr\u00e8s fr\u00e9quent\u00e9s dont le menu propose des panini, burgers et autres sandwiches \u00e0 base de viande et de l\u00e9gumes.<br \/>Chauffage rapide.Plaque sup\u00e9rieure avec contrepoids.Thermostat r\u00e9glable.R\u00e9f\u00e9rence soumise \u00e0 une Eco-participation mobilier de 1.27\u20ac par unit\u00e9 vendue.  Bac r\u00e9cepteur amovible.R\u00e9f\u00e9rence soumise \u00e0 une Eco-participation DEEE de 0,68\u20ac par unit\u00e9 vendue. Chauffage rapide. .<br \/> Caract\u00e9ristiques :<br \/> Dimensions : 235(H) x 292(L) x 394(P) mm.<br \/> Mati\u00e8re : Inox et fonte.<br \/> Temp\u00e9rature : 0 &#8211; 300 degr\u00e9s Celsius.<br \/> Voltage : 220-240V.<br \/> Couleur : Noir et chrome.<\/p>\n","protected":false},"excerpt":{"rendered":"<div><img decoding=\"async\" src=\"https:\/\/abinox-chr-clim.com\/wp-content\/uploads\/2024\/03\/abinox-garantie-1-an.webp\" width=\"150px\"\/><\/div>\n<p>Gril \u00e0 panini simple Waring WPG150E<\/p>\n","protected":false},"featured_media":82633,"comment_status":"closed","ping_status":"closed","template":"","meta":[],"product_brand":[],"product_cat":[1184,1160,1297,1179],"product_tag":[],"class_list":{"0":"post-69414","1":"product","2":"type-product","3":"status-publish","4":"has-post-thumbnail","6":"product_cat-grils-de-contact","7":"product_cat-materiel-electrique-et-de-cuisson","8":"product_cat-non-palettisable","9":"product_cat-petit-materiel","10":"product_shipping_class-free-shipping","12":"first","13":"outofstock","14":"featured","15":"taxable","16":"shipping-taxable","17":"purchasable","18":"product-type-simple"},"_links":{"self":[{"href":"https:\/\/abinox-chr-clim.com\/index.php\/wp-json\/wp\/v2\/product\/69414","targetHints":{"allow":["GET"]}}],"collection":[{"href":"https:\/\/abinox-chr-clim.com\/index.php\/wp-json\/wp\/v2\/product"}],"about":[{"href":"https:\/\/abinox-chr-clim.com\/index.php\/wp-json\/wp\/v2\/types\/product"}],"replies":[{"embeddable":true,"href":"https:\/\/abinox-chr-clim.com\/index.php\/wp-json\/wp\/v2\/comments?post=69414"}],"wp:featuredmedia":[{"embeddable":true,"href":"https:\/\/abinox-chr-clim.com\/index.php\/wp-json\/wp\/v2\/media\/82633"}],"wp:attachment":[{"href":"https:\/\/abinox-chr-clim.com\/index.php\/wp-json\/wp\/v2\/media?parent=69414"}],"wp:term":[{"taxonomy":"product_brand","embeddable":true,"href":"https:\/\/abinox-chr-clim.com\/index.php\/wp-json\/wp\/v2\/product_brand?post=69414"},{"taxonomy":"product_cat","embeddable":true,"href":"https:\/\/abinox-chr-clim.com\/index.php\/wp-json\/wp\/v2\/product_cat?post=69414"},{"taxonomy":"product_tag","embeddable":true,"href":"https:\/\/abinox-chr-clim.com\/index.php\/wp-json\/wp\/v2\/product_tag?post=69414"}],"curies":[{"name":"wp","href":"https:\/\/api.w.org\/{rel}","templated":true}]}}