{"id":69412,"date":"2024-03-22T16:24:09","date_gmt":"2024-03-22T15:24:09","guid":{"rendered":"https:\/\/abinox-chr-clim.com\/index.php\/product\/gril-de-contact-double-electrique-lincat-lynx-400-lpg2\/"},"modified":"2026-04-02T10:00:42","modified_gmt":"2026-04-02T08:00:42","slug":"gril-de-contact-double-electrique-lincat-lynx-400-lpg2","status":"publish","type":"product","link":"https:\/\/abinox-chr-clim.com\/index.php\/product\/gril-de-contact-double-electrique-lincat-lynx-400-lpg2\/","title":{"rendered":"Gril de contact double \u00e9lectrique Lincat Lynx 400 LPG2"},"content":{"rendered":"<p>Unit\u00e9 compacte en acier inoxydable \u00e0 profil bas avec plaques en fonte offrant une excellente r\u00e9tention de la chaleur. Contr\u00f4le de temp\u00e9rature thermostatique pour des r\u00e9sultats pr\u00e9cis et reproductibles. Facile \u00e0 nettoyer.<br \/>Mod\u00e8le \u00e0 double t\u00eate avec plaques rainur\u00e9es &#8211; id\u00e9al pour une capacit\u00e9 de cuisson suppl\u00e9mentaire. Id\u00e9al pour les paninis. R\u00e9sistance de 1 kW dans la plaque sup\u00e9rieure et de 1,25 kW dans la plaque inf\u00e9rieure pour une cuisson \u00e9quilibr\u00e9e. R\u00e9f\u00e9rence soumise \u00e0 une Eco-participation mobilier de 2.26\u20ac par unit\u00e9 vendue. M\u00e9canisme d&rsquo;action lisse et bien \u00e9quilibr\u00e9 avec position de blocage pour une utilisation s\u00fbre et facile. Temps de chauffe rapide m\u00eame \u00e0 froid. Contr\u00f4le thermostatique pour des r\u00e9sultats reproductibles pr\u00e9cis. Design compact et discret &#8211; offre une hauteur de travail confortable lorsqu&rsquo;il est utilis\u00e9 sur un plan de travail typique de 900 mm de haut. Unit\u00e9 pr\u00eate \u00e0 brancher, aucune installation requise. Les plaques en fonte \u00e9maill\u00e9e offrent une excellente r\u00e9tention de la chaleur et sont faciles \u00e0 nettoyer. Mod\u00e8le \u00e0 double t\u00eate avec plaques rainur\u00e9es &#8211; id\u00e9al pour une capacit\u00e9 de cuisson suppl\u00e9mentaire.<\/p>\n<p>Caract\u00e9ristiques :<br \/> Dimensions : 182(H) x 623(L) x 400(P) mm.<br \/> Mati\u00e8re : Inox.<br \/> Sortie : 184 steaks de b\u0153uf surgel\u00e9s de 115 g\/h, 72 de steaks moyens de 225 g\/h, 48 paninis de 25cm.<br \/> Voltage : 230V.<br \/> Couleur : Acier inoxydable et noir.<\/p>\n","protected":false},"excerpt":{"rendered":"<div><img decoding=\"async\" src=\"https:\/\/abinox-chr-clim.com\/wp-content\/uploads\/2024\/03\/abinox-garantie-1-an.webp\" width=\"150px\"\/><\/div>\n<p>Gril de contact double \u00e9lectrique Lincat Lynx 400 LPG2<\/p>\n","protected":false},"featured_media":105059,"comment_status":"closed","ping_status":"closed","template":"","meta":[],"product_brand":[],"product_cat":[1184,1160,1296,1179],"product_tag":[],"class_list":{"0":"post-69412","1":"product","2":"type-product","3":"status-publish","4":"has-post-thumbnail","6":"product_cat-grils-de-contact","7":"product_cat-materiel-electrique-et-de-cuisson","8":"product_cat-palettisable","9":"product_cat-petit-materiel","11":"first","12":"outofstock","13":"featured","14":"taxable","15":"shipping-taxable","16":"purchasable","17":"product-type-simple"},"_links":{"self":[{"href":"https:\/\/abinox-chr-clim.com\/index.php\/wp-json\/wp\/v2\/product\/69412","targetHints":{"allow":["GET"]}}],"collection":[{"href":"https:\/\/abinox-chr-clim.com\/index.php\/wp-json\/wp\/v2\/product"}],"about":[{"href":"https:\/\/abinox-chr-clim.com\/index.php\/wp-json\/wp\/v2\/types\/product"}],"replies":[{"embeddable":true,"href":"https:\/\/abinox-chr-clim.com\/index.php\/wp-json\/wp\/v2\/comments?post=69412"}],"wp:featuredmedia":[{"embeddable":true,"href":"https:\/\/abinox-chr-clim.com\/index.php\/wp-json\/wp\/v2\/media\/105059"}],"wp:attachment":[{"href":"https:\/\/abinox-chr-clim.com\/index.php\/wp-json\/wp\/v2\/media?parent=69412"}],"wp:term":[{"taxonomy":"product_brand","embeddable":true,"href":"https:\/\/abinox-chr-clim.com\/index.php\/wp-json\/wp\/v2\/product_brand?post=69412"},{"taxonomy":"product_cat","embeddable":true,"href":"https:\/\/abinox-chr-clim.com\/index.php\/wp-json\/wp\/v2\/product_cat?post=69412"},{"taxonomy":"product_tag","embeddable":true,"href":"https:\/\/abinox-chr-clim.com\/index.php\/wp-json\/wp\/v2\/product_tag?post=69412"}],"curies":[{"name":"wp","href":"https:\/\/api.w.org\/{rel}","templated":true}]}}