{"id":69409,"date":"2024-03-22T16:24:08","date_gmt":"2024-03-22T15:24:08","guid":{"rendered":"https:\/\/abinox-chr-clim.com\/index.php\/product\/gril-de-contact-panini-simple-plaques-lisses-lincat-lynx-400\/"},"modified":"2026-04-02T09:54:24","modified_gmt":"2026-04-02T07:54:24","slug":"gril-de-contact-panini-simple-plaques-lisses-lincat-lynx-400","status":"publish","type":"product","link":"https:\/\/abinox-chr-clim.com\/index.php\/product\/gril-de-contact-panini-simple-plaques-lisses-lincat-lynx-400\/","title":{"rendered":"Gril de contact\/panini simple plaques lisses Lincat Lynx\u00a0400"},"content":{"rendered":"<p>Unit\u00e9s compactes en acier inoxydable \u00e0 profil bas avec plaques en fonte offrant une excellente r\u00e9tention de la chaleur. Faciles \u00e0 nettoyer.<br \/>Mod\u00e8le compact avec plaques lisses &#8211; id\u00e9al en cas d\u00bfespace limit\u00e9. Id\u00e9al pour une cuisson rapide de la viande. R\u00e9sistance d&rsquo;une puissance de 1\u00a0kW dans la plaque sup\u00e9rieure et de 1,25\u00a0kW dans la plaque inf\u00e9rieure pour une cuisson \u00e9quilibr\u00e9e &#8211; inutile de retourner les aliments. R\u00e9f\u00e9rence soumise \u00e0 une Eco-participation mobilier de 1.18\u20ac par unit\u00e9 vendue. M\u00e9canisme d&rsquo;action suffisamment \u00e9quilibr\u00e9 et fluide avec position \u00ab\u00a0parc\u00a0\u00bb positive pour une utilisation s\u00fbre et facile. Mise en temp\u00e9rature rapide &#8211; 10-11 minutes. Contr\u00f4le thermostatique pour des r\u00e9sultats pr\u00e9cis. Design compact et discret &#8211; offre une hauteur de travail confortable lorsqu&rsquo;il est utilis\u00e9 sur un plan de travail typique de 900\u00a0mm de haut. Bac de r\u00e9cup\u00e9ration amovible. Unit\u00e9 pr\u00eate \u00e0 brancher, aucune installation requise. Les plaques en fonte \u00e9maill\u00e9e offrent une excellente capacit\u00e9 de r\u00e9tention de la chaleur et sont faciles \u00e0 nettoyer.Mod\u00e8le compact avec plaques lisses &#8211; id\u00e9al en cas d\u00bfespace limit\u00e9.<\/p>\n<p>Caract\u00e9ristiques :<br \/> Dimensions : 182(H) x 293(L) x 400(P) mm.<br \/> Mati\u00e8re : Inox.<br \/> Sortie : 92 hamburgers surgel\u00e9s de 112 g \/ h, 36 steaks moyens de 225 g \/ h.<br \/> Voltage : 230V.<br \/> Couleur : Acier inoxydable.<\/p>\n","protected":false},"excerpt":{"rendered":"<div><img decoding=\"async\" src=\"https:\/\/abinox-chr-clim.com\/wp-content\/uploads\/2024\/03\/abinox-garantie-1-an.webp\" width=\"150px\"\/><\/div>\n<p>Gril de contact\/panini simple plaques lisses Lincat Lynx\u00a0400<\/p>\n","protected":false},"featured_media":105056,"comment_status":"closed","ping_status":"closed","template":"","meta":[],"product_brand":[],"product_cat":[1184,1160,1296,1179],"product_tag":[],"class_list":{"0":"post-69409","1":"product","2":"type-product","3":"status-publish","4":"has-post-thumbnail","6":"product_cat-grils-de-contact","7":"product_cat-materiel-electrique-et-de-cuisson","8":"product_cat-palettisable","9":"product_cat-petit-materiel","11":"first","12":"instock","13":"featured","14":"taxable","15":"shipping-taxable","16":"purchasable","17":"product-type-simple"},"_links":{"self":[{"href":"https:\/\/abinox-chr-clim.com\/index.php\/wp-json\/wp\/v2\/product\/69409","targetHints":{"allow":["GET"]}}],"collection":[{"href":"https:\/\/abinox-chr-clim.com\/index.php\/wp-json\/wp\/v2\/product"}],"about":[{"href":"https:\/\/abinox-chr-clim.com\/index.php\/wp-json\/wp\/v2\/types\/product"}],"replies":[{"embeddable":true,"href":"https:\/\/abinox-chr-clim.com\/index.php\/wp-json\/wp\/v2\/comments?post=69409"}],"wp:featuredmedia":[{"embeddable":true,"href":"https:\/\/abinox-chr-clim.com\/index.php\/wp-json\/wp\/v2\/media\/105056"}],"wp:attachment":[{"href":"https:\/\/abinox-chr-clim.com\/index.php\/wp-json\/wp\/v2\/media?parent=69409"}],"wp:term":[{"taxonomy":"product_brand","embeddable":true,"href":"https:\/\/abinox-chr-clim.com\/index.php\/wp-json\/wp\/v2\/product_brand?post=69409"},{"taxonomy":"product_cat","embeddable":true,"href":"https:\/\/abinox-chr-clim.com\/index.php\/wp-json\/wp\/v2\/product_cat?post=69409"},{"taxonomy":"product_tag","embeddable":true,"href":"https:\/\/abinox-chr-clim.com\/index.php\/wp-json\/wp\/v2\/product_tag?post=69409"}],"curies":[{"name":"wp","href":"https:\/\/api.w.org\/{rel}","templated":true}]}}