{"id":69408,"date":"2024-03-22T16:24:07","date_gmt":"2024-03-22T15:24:07","guid":{"rendered":"https:\/\/abinox-chr-clim.com\/index.php\/product\/gaufrier-double-dualit-74002\/"},"modified":"2026-04-02T08:55:16","modified_gmt":"2026-04-02T06:55:16","slug":"gaufrier-double-dualit-74002","status":"publish","type":"product","link":"https:\/\/abinox-chr-clim.com\/index.php\/product\/gaufrier-double-dualit-74002\/","title":{"rendered":"Gaufrier double Dualit 74002"},"content":{"rendered":"<p>Gaufrier double avec plaques \u00e0 rev\u00eatement Teflon pour une utilisation et un nettoyage rapide et facile. Permet de faire 4 gaufres par plaque, donc environ 60 ronds par heure. Commandes ind\u00e9pendantes des plaques afin d&rsquo;\u00e9conomiser l&rsquo;\u00e9nergie.<br \/>Plaques \u00e0 rev\u00eatement Teflon pour une s\u00e9paration ais\u00e9e. Facile \u00e0 nettoyer. L&rsquo;une des plaques peut \u00eatre \u00e9teinte pour \u00e9conomiser l&rsquo;\u00e9nergie, lorsqu&rsquo;elle n&rsquo;est pas utilis\u00e9e. R\u00e9f\u00e9rence soumise \u00e0 une Eco-participation mobilier de 0.36\u20ac par unit\u00e9 vendue. Facile \u00e0 nettoyer. Pieds antid\u00e9rapants. Diam\u00e8tre des plaques : 160mm.2 cuiseurs, 4 gaufres triangulaires par cuiseur. R\u00e9f\u00e9rence soumise \u00e0 une Eco-participation DEEE de 0,17\u20ac par unit\u00e9 vendue. Plaques \u00e0 rev\u00eatement Teflon pour une s\u00e9paration ais\u00e9e.<\/p>\n<p>Caract\u00e9ristiques :<br \/> Dimensions : 160(H) x 400(L) x 220(P) mm.<br \/> Mati\u00e8re : .<br \/> Sortie : 60 gaufres \/ heure.<br \/> Voltage : 230V<\/p>\n","protected":false},"excerpt":{"rendered":"<div><img decoding=\"async\" src=\"https:\/\/abinox-chr-clim.com\/wp-content\/uploads\/2024\/03\/abinox-garantie-1-an.webp\" width=\"150px\"\/><\/div>\n<p>Gaufrier double Dualit 74002<\/p>\n","protected":false},"featured_media":104305,"comment_status":"closed","ping_status":"closed","template":"","meta":[],"product_brand":[],"product_cat":[1183,1160,1297,1179],"product_tag":[],"class_list":{"0":"post-69408","1":"product","2":"type-product","3":"status-publish","4":"has-post-thumbnail","6":"product_cat-gaufriers-et-crepieres","7":"product_cat-materiel-electrique-et-de-cuisson","8":"product_cat-non-palettisable","9":"product_cat-petit-materiel","10":"product_shipping_class-free-shipping","12":"first","13":"instock","14":"featured","15":"taxable","16":"shipping-taxable","17":"purchasable","18":"product-type-simple"},"_links":{"self":[{"href":"https:\/\/abinox-chr-clim.com\/index.php\/wp-json\/wp\/v2\/product\/69408","targetHints":{"allow":["GET"]}}],"collection":[{"href":"https:\/\/abinox-chr-clim.com\/index.php\/wp-json\/wp\/v2\/product"}],"about":[{"href":"https:\/\/abinox-chr-clim.com\/index.php\/wp-json\/wp\/v2\/types\/product"}],"replies":[{"embeddable":true,"href":"https:\/\/abinox-chr-clim.com\/index.php\/wp-json\/wp\/v2\/comments?post=69408"}],"wp:featuredmedia":[{"embeddable":true,"href":"https:\/\/abinox-chr-clim.com\/index.php\/wp-json\/wp\/v2\/media\/104305"}],"wp:attachment":[{"href":"https:\/\/abinox-chr-clim.com\/index.php\/wp-json\/wp\/v2\/media?parent=69408"}],"wp:term":[{"taxonomy":"product_brand","embeddable":true,"href":"https:\/\/abinox-chr-clim.com\/index.php\/wp-json\/wp\/v2\/product_brand?post=69408"},{"taxonomy":"product_cat","embeddable":true,"href":"https:\/\/abinox-chr-clim.com\/index.php\/wp-json\/wp\/v2\/product_cat?post=69408"},{"taxonomy":"product_tag","embeddable":true,"href":"https:\/\/abinox-chr-clim.com\/index.php\/wp-json\/wp\/v2\/product_tag?post=69408"}],"curies":[{"name":"wp","href":"https:\/\/api.w.org\/{rel}","templated":true}]}}