{"id":69407,"date":"2024-03-22T16:24:07","date_gmt":"2024-03-22T15:24:07","guid":{"rendered":"https:\/\/abinox-chr-clim.com\/index.php\/product\/gaufrier-mini-gaufres-belges-waring-wmb400xce\/"},"modified":"2026-04-02T09:51:51","modified_gmt":"2026-04-02T07:51:51","slug":"gaufrier-mini-gaufres-belges-waring-wmb400xce","status":"publish","type":"product","link":"https:\/\/abinox-chr-clim.com\/index.php\/product\/gaufrier-mini-gaufres-belges-waring-wmb400xce\/","title":{"rendered":"Gaufrier mini gaufres belges Waring WMB400XCE"},"content":{"rendered":"<p>Produisez jusqu&rsquo;\u00e0 100 mini gaufres belges par heure. Aucun g\u00e2chis gr\u00e2ce aux plaques antiadh\u00e9sives.<br \/>Produit jusqu&rsquo;\u00e0 100 mini gaufres belges de 25mm d&rsquo;\u00e9paisseur par heure. Bo\u00eetier robuste moul\u00e9 sous pression. Fonction rotative pour une cuisson et un brunissement uniformes. R\u00e9f\u00e9rence soumise \u00e0 une Eco-participation mobilier de 0.38\u20ac par unit\u00e9 vendue.  Plaques antiadh\u00e9sives \u00e0 triple rev\u00eatement pour un retrait facile des gaufres et un nettoyage rapide. Produit jusqu&rsquo;\u00e0 100 mini gaufres belges de 25mm d&rsquo;\u00e9paisseur par heure.<\/p>\n<p>Caract\u00e9ristiques :<br \/> Dimensions : 216(H) x 263(L) x 432(P) mm.<br \/> Mati\u00e8re : .<br \/> Voltage : 220\/240V.<br \/> Couleur : .<br \/> Puissance : 1200 W.<\/p>\n","protected":false},"excerpt":{"rendered":"<div><img decoding=\"async\" src=\"https:\/\/abinox-chr-clim.com\/wp-content\/uploads\/2024\/03\/abinox-garantie-1-an.webp\" width=\"150px\"\/><\/div>\n<p>Gaufrier mini gaufres belges Waring WMB400XCE<\/p>\n","protected":false},"featured_media":100729,"comment_status":"closed","ping_status":"closed","template":"","meta":[],"product_brand":[],"product_cat":[1183,1160,1297,1179],"product_tag":[],"class_list":{"0":"post-69407","1":"product","2":"type-product","3":"status-publish","4":"has-post-thumbnail","6":"product_cat-gaufriers-et-crepieres","7":"product_cat-materiel-electrique-et-de-cuisson","8":"product_cat-non-palettisable","9":"product_cat-petit-materiel","10":"product_shipping_class-free-shipping","12":"first","13":"instock","14":"featured","15":"taxable","16":"shipping-taxable","17":"purchasable","18":"product-type-simple"},"_links":{"self":[{"href":"https:\/\/abinox-chr-clim.com\/index.php\/wp-json\/wp\/v2\/product\/69407","targetHints":{"allow":["GET"]}}],"collection":[{"href":"https:\/\/abinox-chr-clim.com\/index.php\/wp-json\/wp\/v2\/product"}],"about":[{"href":"https:\/\/abinox-chr-clim.com\/index.php\/wp-json\/wp\/v2\/types\/product"}],"replies":[{"embeddable":true,"href":"https:\/\/abinox-chr-clim.com\/index.php\/wp-json\/wp\/v2\/comments?post=69407"}],"wp:featuredmedia":[{"embeddable":true,"href":"https:\/\/abinox-chr-clim.com\/index.php\/wp-json\/wp\/v2\/media\/100729"}],"wp:attachment":[{"href":"https:\/\/abinox-chr-clim.com\/index.php\/wp-json\/wp\/v2\/media?parent=69407"}],"wp:term":[{"taxonomy":"product_brand","embeddable":true,"href":"https:\/\/abinox-chr-clim.com\/index.php\/wp-json\/wp\/v2\/product_brand?post=69407"},{"taxonomy":"product_cat","embeddable":true,"href":"https:\/\/abinox-chr-clim.com\/index.php\/wp-json\/wp\/v2\/product_cat?post=69407"},{"taxonomy":"product_tag","embeddable":true,"href":"https:\/\/abinox-chr-clim.com\/index.php\/wp-json\/wp\/v2\/product_tag?post=69407"}],"curies":[{"name":"wp","href":"https:\/\/api.w.org\/{rel}","templated":true}]}}