{"id":69406,"date":"2024-03-22T16:24:06","date_gmt":"2024-03-22T15:24:06","guid":{"rendered":"https:\/\/abinox-chr-clim.com\/index.php\/product\/gaufrier-double-waring-ww200e\/"},"modified":"2026-04-02T08:41:43","modified_gmt":"2026-04-02T06:41:43","slug":"gaufrier-double-waring-ww200e","status":"publish","type":"product","link":"https:\/\/abinox-chr-clim.com\/index.php\/product\/gaufrier-double-waring-ww200e\/","title":{"rendered":"Gaufrier double Waring WW200E"},"content":{"rendered":"<p>Gaufriers avec r\u00e9sistances int\u00e9gr\u00e9es pour un contr\u00f4le pr\u00e9cis de la temp\u00e9rature et fonction de rotation pour cuire et dorer uniform\u00e9ment. Retrait facile des gaufres et nettoyage minimum gr\u00e2ce aux plaques antiadh\u00e9sives \u00e0 triple rev\u00eatement.<br \/>Rapide et puissant, permet de pr\u00e9parer jusqu&rsquo;\u00e0 50 d\u00e9licieuses gaufres par heure. La conception rotative assure une cuisson et un brunissement constants. Les plaques antiadh\u00e9sives permettent de retirer facilement les gaufres sans les endommager. R\u00e9f\u00e9rence soumise \u00e0 une Eco-participation mobilier de 0.52\u20ac par unit\u00e9 vendue. Voyants LED ind\u00e9pendants \u00ab\u00a0Power\u00a0\u00bb et \u00ab\u00a0Ready\u00a0\u00bb faciles \u00e0 surveiller en un coup d&rsquo;\u0153il. Signal sonore d\u00e8s qu&rsquo;une gaufre est pr\u00eate \u00e0 \u00eatre servie. Plat de r\u00e9cup\u00e9ration et r\u00e9cipient pour la p\u00e2te fournis. Chaque gaufre peut \u00eatre divis\u00e9e en 4 portions. Dimension d&rsquo;une gaufre: 178(dia) x 32(\u00e9paisseur)mm.  R\u00e9sistances int\u00e9gr\u00e9es pour un contr\u00f4le pr\u00e9cis de la temp\u00e9rature. R\u00e9f\u00e9rence soumise \u00e0 une Eco-participation DEEE de 0,34\u20ac par unit\u00e9 vendue. Rapide et puissant, permet de pr\u00e9parer jusqu&rsquo;\u00e0 50 d\u00e9licieuses gaufres par heure.<\/p>\n<p>Caract\u00e9ristiques :<br \/> Dimensions : 241(H) x 265(L) x 432(P)mm.<br \/> Mati\u00e8re : Inox.<br \/> Sortie : 50 gaufres (200 portions)\/h.<br \/> Voltage : 230V.<br \/> Couleur : Acier inoxydable.<\/p>\n","protected":false},"excerpt":{"rendered":"<div><img decoding=\"async\" src=\"https:\/\/abinox-chr-clim.com\/wp-content\/uploads\/2024\/03\/abinox-garantie-1-an.webp\" width=\"150px\"\/><\/div>\n<p>Gaufrier double Waring WW200E<\/p>\n","protected":false},"featured_media":92295,"comment_status":"closed","ping_status":"closed","template":"","meta":[],"product_brand":[],"product_cat":[1183,1160,1297,1179],"product_tag":[],"class_list":{"0":"post-69406","1":"product","2":"type-product","3":"status-publish","4":"has-post-thumbnail","6":"product_cat-gaufriers-et-crepieres","7":"product_cat-materiel-electrique-et-de-cuisson","8":"product_cat-non-palettisable","9":"product_cat-petit-materiel","10":"product_shipping_class-free-shipping","12":"first","13":"instock","14":"featured","15":"taxable","16":"shipping-taxable","17":"purchasable","18":"product-type-simple"},"_links":{"self":[{"href":"https:\/\/abinox-chr-clim.com\/index.php\/wp-json\/wp\/v2\/product\/69406","targetHints":{"allow":["GET"]}}],"collection":[{"href":"https:\/\/abinox-chr-clim.com\/index.php\/wp-json\/wp\/v2\/product"}],"about":[{"href":"https:\/\/abinox-chr-clim.com\/index.php\/wp-json\/wp\/v2\/types\/product"}],"replies":[{"embeddable":true,"href":"https:\/\/abinox-chr-clim.com\/index.php\/wp-json\/wp\/v2\/comments?post=69406"}],"wp:featuredmedia":[{"embeddable":true,"href":"https:\/\/abinox-chr-clim.com\/index.php\/wp-json\/wp\/v2\/media\/92295"}],"wp:attachment":[{"href":"https:\/\/abinox-chr-clim.com\/index.php\/wp-json\/wp\/v2\/media?parent=69406"}],"wp:term":[{"taxonomy":"product_brand","embeddable":true,"href":"https:\/\/abinox-chr-clim.com\/index.php\/wp-json\/wp\/v2\/product_brand?post=69406"},{"taxonomy":"product_cat","embeddable":true,"href":"https:\/\/abinox-chr-clim.com\/index.php\/wp-json\/wp\/v2\/product_cat?post=69406"},{"taxonomy":"product_tag","embeddable":true,"href":"https:\/\/abinox-chr-clim.com\/index.php\/wp-json\/wp\/v2\/product_tag?post=69406"}],"curies":[{"name":"wp","href":"https:\/\/api.w.org\/{rel}","templated":true}]}}