{"id":69405,"date":"2024-03-22T16:24:06","date_gmt":"2024-03-22T15:24:06","guid":{"rendered":"https:\/\/abinox-chr-clim.com\/index.php\/product\/gaufrier-bulles-waring-wbw300xce\/"},"modified":"2026-04-02T09:49:59","modified_gmt":"2026-04-02T07:49:59","slug":"gaufrier-bulles-waring-wbw300xce","status":"publish","type":"product","link":"https:\/\/abinox-chr-clim.com\/index.php\/product\/gaufrier-bulles-waring-wbw300xce\/","title":{"rendered":"Gaufrier bulles Waring WBW300XCE"},"content":{"rendered":"<p>Gaufriers avec r\u00e9sistances int\u00e9gr\u00e9es pour un contr\u00f4le pr\u00e9cis de la temp\u00e9rature et fonction de rotation pour cuire et dorer uniform\u00e9ment. Retrait facile des gaufres et nettoyage minimum gr\u00e2ce aux plaques antiadh\u00e9sives \u00e0 triple rev\u00eatement.<br \/>Produit jusqu&rsquo;\u00e0 25 gaufres \u00e0 bulles par heure. Les gaufres \u00e0 bulles deviennent gourmandes garnies de cr\u00e8me glac\u00e9e et \/ ou de sauces, coulis. .Bo\u00eetier robuste moul\u00e9 sous pression. R\u00e9f\u00e9rence soumise \u00e0 une Eco-participation mobilier de 0.4\u20ac par unit\u00e9 vendue. Les plaques antiadh\u00e9sives \u00e0 triple rev\u00eatement permettent un retrait facile des gaufres et un nettoyage rapide. Les plaques sont r\u00e9parables, remplacement facile sur site si elles sont ray\u00e9es. Voyants LED de mise sous tension et pr\u00eat \u00e0 cuire, ainsi que des signaux sonores lorsque l&rsquo;appareil est pr\u00eat \u00e0 cuire et lorsque la gaufre est pr\u00eate \u00e0 servir. Bac r\u00e9cup\u00e9rateur amovible et lavable au lave-vaisselle pour un nettoyage rapide et facile.Fonction rotative pour une cuisson et un brunissage uniformes. Produit jusqu&rsquo;\u00e0 25 gaufres \u00e0 bulles par heure.<\/p>\n<p>Caract\u00e9ristiques :<br \/> Mati\u00e8re : .<br \/> Voltage : 240V<\/p>\n","protected":false},"excerpt":{"rendered":"<div><img decoding=\"async\" src=\"https:\/\/abinox-chr-clim.com\/wp-content\/uploads\/2024\/03\/abinox-garantie-1-an.webp\" width=\"150px\"\/><\/div>\n<p>Gaufrier bulles Waring WBW300XCE<\/p>\n","protected":false},"featured_media":89780,"comment_status":"closed","ping_status":"closed","template":"","meta":[],"product_brand":[],"product_cat":[1183,1160,1297,1179],"product_tag":[],"class_list":{"0":"post-69405","1":"product","2":"type-product","3":"status-publish","4":"has-post-thumbnail","6":"product_cat-gaufriers-et-crepieres","7":"product_cat-materiel-electrique-et-de-cuisson","8":"product_cat-non-palettisable","9":"product_cat-petit-materiel","10":"product_shipping_class-free-shipping","12":"first","13":"instock","14":"featured","15":"taxable","16":"shipping-taxable","17":"purchasable","18":"product-type-simple"},"_links":{"self":[{"href":"https:\/\/abinox-chr-clim.com\/index.php\/wp-json\/wp\/v2\/product\/69405","targetHints":{"allow":["GET"]}}],"collection":[{"href":"https:\/\/abinox-chr-clim.com\/index.php\/wp-json\/wp\/v2\/product"}],"about":[{"href":"https:\/\/abinox-chr-clim.com\/index.php\/wp-json\/wp\/v2\/types\/product"}],"replies":[{"embeddable":true,"href":"https:\/\/abinox-chr-clim.com\/index.php\/wp-json\/wp\/v2\/comments?post=69405"}],"wp:featuredmedia":[{"embeddable":true,"href":"https:\/\/abinox-chr-clim.com\/index.php\/wp-json\/wp\/v2\/media\/89780"}],"wp:attachment":[{"href":"https:\/\/abinox-chr-clim.com\/index.php\/wp-json\/wp\/v2\/media?parent=69405"}],"wp:term":[{"taxonomy":"product_brand","embeddable":true,"href":"https:\/\/abinox-chr-clim.com\/index.php\/wp-json\/wp\/v2\/product_brand?post=69405"},{"taxonomy":"product_cat","embeddable":true,"href":"https:\/\/abinox-chr-clim.com\/index.php\/wp-json\/wp\/v2\/product_cat?post=69405"},{"taxonomy":"product_tag","embeddable":true,"href":"https:\/\/abinox-chr-clim.com\/index.php\/wp-json\/wp\/v2\/product_tag?post=69405"}],"curies":[{"name":"wp","href":"https:\/\/api.w.org\/{rel}","templated":true}]}}