{"id":69404,"date":"2024-03-22T16:24:06","date_gmt":"2024-03-22T15:24:06","guid":{"rendered":"https:\/\/abinox-chr-clim.com\/index.php\/product\/gaufrier-a-bulles-buffalo\/"},"modified":"2026-04-02T10:07:28","modified_gmt":"2026-04-02T08:07:28","slug":"gaufrier-a-bulles-buffalo","status":"publish","type":"product","link":"https:\/\/abinox-chr-clim.com\/index.php\/product\/gaufrier-a-bulles-buffalo\/","title":{"rendered":"Gaufrier \u00e0 bulles Buffalo"},"content":{"rendered":"<p>Pr\u00e9parez des gaufres \u00e0 bulles parfaites et d\u00e9licieuses avec ce gaufrier puissant et convivial.<br \/>Les plaques antiadh\u00e9sives r\u00e9duisent les temps de nettoyage et am\u00e9liorent le rendement. Voyant de temp\u00e9rature pr\u00eat \u00e0 fonctionner &#8211; temps de chauffe rapide de 8 mn pour une cuisson plus rapide. Production \u00e9lev\u00e9e de 30 gaufres par heure. R\u00e9f\u00e9rence soumise \u00e0 une Eco-participation mobilier de 0.45\u20ac par unit\u00e9 vendue. Plaques en fonte solides et faciles \u00e0 nettoyer. Plage de temp\u00e9rature : 50-250\u00b0C.La conception rotative r\u00e9partit uniform\u00e9ment la p\u00e2te \u00e0 gaufres pour des r\u00e9sultats de cuisson uniformes. Les plaques antiadh\u00e9sives r\u00e9duisent les temps de nettoyage et am\u00e9liorent le rendement.<\/p>\n<p>Caract\u00e9ristiques :<br \/> Dimensions : 225(H) x 275(L) x 540(P) mm.<br \/> Mati\u00e8re : .<br \/> Voltage : 230V.<br \/> Couleur : Argent.<br \/> Puissance : 1400 W.<\/p>\n","protected":false},"excerpt":{"rendered":"<div><img decoding=\"async\" src=\"https:\/\/abinox-chr-clim.com\/wp-content\/uploads\/2024\/03\/abinox-garantie-1-an.webp\" width=\"150px\"\/><\/div>\n<p>Gaufrier \u00e0 bulles Buffalo<\/p>\n","protected":false},"featured_media":89968,"comment_status":"closed","ping_status":"closed","template":"","meta":[],"product_brand":[],"product_cat":[1183,1160,1297,1179],"product_tag":[],"class_list":{"0":"post-69404","1":"product","2":"type-product","3":"status-publish","4":"has-post-thumbnail","6":"product_cat-gaufriers-et-crepieres","7":"product_cat-materiel-electrique-et-de-cuisson","8":"product_cat-non-palettisable","9":"product_cat-petit-materiel","10":"product_shipping_class-free-shipping","12":"first","13":"instock","14":"featured","15":"taxable","16":"shipping-taxable","17":"purchasable","18":"product-type-simple"},"_links":{"self":[{"href":"https:\/\/abinox-chr-clim.com\/index.php\/wp-json\/wp\/v2\/product\/69404","targetHints":{"allow":["GET"]}}],"collection":[{"href":"https:\/\/abinox-chr-clim.com\/index.php\/wp-json\/wp\/v2\/product"}],"about":[{"href":"https:\/\/abinox-chr-clim.com\/index.php\/wp-json\/wp\/v2\/types\/product"}],"replies":[{"embeddable":true,"href":"https:\/\/abinox-chr-clim.com\/index.php\/wp-json\/wp\/v2\/comments?post=69404"}],"wp:featuredmedia":[{"embeddable":true,"href":"https:\/\/abinox-chr-clim.com\/index.php\/wp-json\/wp\/v2\/media\/89968"}],"wp:attachment":[{"href":"https:\/\/abinox-chr-clim.com\/index.php\/wp-json\/wp\/v2\/media?parent=69404"}],"wp:term":[{"taxonomy":"product_brand","embeddable":true,"href":"https:\/\/abinox-chr-clim.com\/index.php\/wp-json\/wp\/v2\/product_brand?post=69404"},{"taxonomy":"product_cat","embeddable":true,"href":"https:\/\/abinox-chr-clim.com\/index.php\/wp-json\/wp\/v2\/product_cat?post=69404"},{"taxonomy":"product_tag","embeddable":true,"href":"https:\/\/abinox-chr-clim.com\/index.php\/wp-json\/wp\/v2\/product_tag?post=69404"}],"curies":[{"name":"wp","href":"https:\/\/api.w.org\/{rel}","templated":true}]}}