{"id":69403,"date":"2024-03-22T16:24:05","date_gmt":"2024-03-22T15:24:05","guid":{"rendered":"https:\/\/abinox-chr-clim.com\/index.php\/product\/gelato-panini-press-waring-commercial-wwpg180e\/"},"modified":"2026-04-02T10:08:04","modified_gmt":"2026-04-02T08:08:04","slug":"gelato-panini-press-waring-commercial-wwpg180e","status":"publish","type":"product","link":"https:\/\/abinox-chr-clim.com\/index.php\/product\/gelato-panini-press-waring-commercial-wwpg180e\/","title":{"rendered":"Gelato panini press Waring Commercial WWPG180E"},"content":{"rendered":"<p>Cette presse-panini l\u00e9g\u00e8re et facile \u00e0 utiliser transforme le gelato (glace italienne), la cr\u00e8me glac\u00e9e ou le yaourt glac\u00e9 en un cr\u00e9meux d\u00e9lice scell\u00e9 dans une brioche dor\u00e9e.<br \/>Cuisson rapide en 5 \u00e0 15 secondes, pour des paninis glac\u00e9s parfaits. Bo\u00eetier moul\u00e9 sous pression robuste. Syst\u00e8me rotatif pour une cuisson uniforme et une pr\u00e9sentation parfaite. R\u00e9f\u00e9rence soumise \u00e0 une Eco-participation mobilier de 0.37\u20ac par unit\u00e9 vendue. R\u00e9sistances int\u00e9gr\u00e9es pour un contr\u00f4le pr\u00e9cis de la temp\u00e9rature. Panneau de commande \u00e9lectronique simple. Bips sonores de pr\u00e9chauffage et de fin de cuisson. Voyants LED de mise sous tension et pr\u00eat-\u00e0-cuire. Fonctionne mieux avec des petits pains ou des pains brioch\u00e9s d&rsquo;un diam\u00e8tre de 101 mm. Plaques antiadh\u00e9sives triple couche pour retirer facilement les panini sans les endommager. Cuisson rapide en 5 \u00e0 15 secondes, pour des paninis glac\u00e9s parfaits.<\/p>\n<p>Caract\u00e9ristiques :<br \/> Dimensions : 254(H) x 280(L) x 432(P) mm.<br \/> Mati\u00e8re : .<br \/> Voltage : 230V.<br \/> Couleur : Argent.<\/p>\n","protected":false},"excerpt":{"rendered":"<div><img decoding=\"async\" src=\"https:\/\/abinox-chr-clim.com\/wp-content\/uploads\/2024\/03\/abinox-garantie-1-an.webp\" width=\"150px\"\/><\/div>\n<p>Gelato panini press Waring Commercial WWPG180E<\/p>\n","protected":false},"featured_media":87365,"comment_status":"closed","ping_status":"closed","template":"","meta":[],"product_brand":[],"product_cat":[1183,1160,1297,1179],"product_tag":[],"class_list":{"0":"post-69403","1":"product","2":"type-product","3":"status-publish","4":"has-post-thumbnail","6":"product_cat-gaufriers-et-crepieres","7":"product_cat-materiel-electrique-et-de-cuisson","8":"product_cat-non-palettisable","9":"product_cat-petit-materiel","10":"product_shipping_class-free-shipping","12":"first","13":"instock","14":"featured","15":"taxable","16":"shipping-taxable","17":"purchasable","18":"product-type-simple"},"_links":{"self":[{"href":"https:\/\/abinox-chr-clim.com\/index.php\/wp-json\/wp\/v2\/product\/69403","targetHints":{"allow":["GET"]}}],"collection":[{"href":"https:\/\/abinox-chr-clim.com\/index.php\/wp-json\/wp\/v2\/product"}],"about":[{"href":"https:\/\/abinox-chr-clim.com\/index.php\/wp-json\/wp\/v2\/types\/product"}],"replies":[{"embeddable":true,"href":"https:\/\/abinox-chr-clim.com\/index.php\/wp-json\/wp\/v2\/comments?post=69403"}],"wp:featuredmedia":[{"embeddable":true,"href":"https:\/\/abinox-chr-clim.com\/index.php\/wp-json\/wp\/v2\/media\/87365"}],"wp:attachment":[{"href":"https:\/\/abinox-chr-clim.com\/index.php\/wp-json\/wp\/v2\/media?parent=69403"}],"wp:term":[{"taxonomy":"product_brand","embeddable":true,"href":"https:\/\/abinox-chr-clim.com\/index.php\/wp-json\/wp\/v2\/product_brand?post=69403"},{"taxonomy":"product_cat","embeddable":true,"href":"https:\/\/abinox-chr-clim.com\/index.php\/wp-json\/wp\/v2\/product_cat?post=69403"},{"taxonomy":"product_tag","embeddable":true,"href":"https:\/\/abinox-chr-clim.com\/index.php\/wp-json\/wp\/v2\/product_tag?post=69403"}],"curies":[{"name":"wp","href":"https:\/\/api.w.org\/{rel}","templated":true}]}}