{"id":69402,"date":"2024-03-22T16:24:05","date_gmt":"2024-03-22T15:24:05","guid":{"rendered":"https:\/\/abinox-chr-clim.com\/index.php\/product\/crepiere-buffalo\/"},"modified":"2026-04-02T09:46:54","modified_gmt":"2026-04-02T07:46:54","slug":"crepiere-buffalo","status":"publish","type":"product","link":"https:\/\/abinox-chr-clim.com\/index.php\/product\/crepiere-buffalo\/","title":{"rendered":"Cr\u00eapi\u00e8re Buffalo"},"content":{"rendered":"<p>Faites des cr\u00eapes directement devant vos clients. Cette cr\u00eapi\u00e8re professionnelle est adapt\u00e9e \u00e0 une utilisation en service direct. Fentes lat\u00e9rales d&rsquo;a\u00e9ration sur trois c\u00f4t\u00e9s de la calandre pour garantir la s\u00e9curit\u00e9 et prolonger la dur\u00e9e de vie de la cr\u00eapi\u00e8re.<br \/>R\u00e9sistance en serpentin pour une distribution rapide et uniforme de la chaleur sur toute la plaque- seulement 8 \u00e0\u00a09 minutes avant d&rsquo;atteindre la temp\u00e9rature de cuisson. Corps \u00e9pais en acier inoxydable facile \u00e0\u00a0nettoyer. Plaque en fonte antiadh\u00e9sive (18 mm d&rsquo;\u00e9paisseur). R\u00e9f\u00e9rence soumise \u00e0 une Eco-participation mobilier de 1.26\u20ac par unit\u00e9 vendue. Fentes lat\u00e9rales pour la s\u00e9curit\u00e9 et la durabilit\u00e9 de la machine. Pieds en caoutchouc pour une stabilit\u00e9 maximale.Commandes manuelles pr\u00e9cises pour des performances de cuisson maximale. R\u00e9sistance en serpentin pour une distribution rapide et uniforme de la chaleur sur toute la plaque- seulement 8 \u00e0\u00a09 minutes avant d&rsquo;atteindre la temp\u00e9rature de cuisson.<\/p>\n<p>Caract\u00e9ristiques :<br \/> Dimensions : 230(H) x 470(L) x 185(P) mm.<br \/> Mati\u00e8re : .<br \/> Voltage : 230V.<br \/> Couleur : Acier inoxydable.<\/p>\n","protected":false},"excerpt":{"rendered":"<div><img decoding=\"async\" src=\"https:\/\/abinox-chr-clim.com\/wp-content\/uploads\/2024\/03\/abinox-garantie-1-an.webp\" width=\"150px\"\/><\/div>\n<p>Cr\u00eapi\u00e8re Buffalo<\/p>\n","protected":false},"featured_media":86313,"comment_status":"closed","ping_status":"closed","template":"","meta":[],"product_brand":[],"product_cat":[1183,1160,1297,1179],"product_tag":[],"class_list":{"0":"post-69402","1":"product","2":"type-product","3":"status-publish","4":"has-post-thumbnail","6":"product_cat-gaufriers-et-crepieres","7":"product_cat-materiel-electrique-et-de-cuisson","8":"product_cat-non-palettisable","9":"product_cat-petit-materiel","10":"product_shipping_class-free-shipping","12":"first","13":"instock","14":"featured","15":"taxable","16":"shipping-taxable","17":"purchasable","18":"product-type-simple"},"_links":{"self":[{"href":"https:\/\/abinox-chr-clim.com\/index.php\/wp-json\/wp\/v2\/product\/69402","targetHints":{"allow":["GET"]}}],"collection":[{"href":"https:\/\/abinox-chr-clim.com\/index.php\/wp-json\/wp\/v2\/product"}],"about":[{"href":"https:\/\/abinox-chr-clim.com\/index.php\/wp-json\/wp\/v2\/types\/product"}],"replies":[{"embeddable":true,"href":"https:\/\/abinox-chr-clim.com\/index.php\/wp-json\/wp\/v2\/comments?post=69402"}],"wp:featuredmedia":[{"embeddable":true,"href":"https:\/\/abinox-chr-clim.com\/index.php\/wp-json\/wp\/v2\/media\/86313"}],"wp:attachment":[{"href":"https:\/\/abinox-chr-clim.com\/index.php\/wp-json\/wp\/v2\/media?parent=69402"}],"wp:term":[{"taxonomy":"product_brand","embeddable":true,"href":"https:\/\/abinox-chr-clim.com\/index.php\/wp-json\/wp\/v2\/product_brand?post=69402"},{"taxonomy":"product_cat","embeddable":true,"href":"https:\/\/abinox-chr-clim.com\/index.php\/wp-json\/wp\/v2\/product_cat?post=69402"},{"taxonomy":"product_tag","embeddable":true,"href":"https:\/\/abinox-chr-clim.com\/index.php\/wp-json\/wp\/v2\/product_tag?post=69402"}],"curies":[{"name":"wp","href":"https:\/\/api.w.org\/{rel}","templated":true}]}}