{"id":69401,"date":"2024-03-22T16:24:05","date_gmt":"2024-03-22T15:24:05","guid":{"rendered":"https:\/\/abinox-chr-clim.com\/index.php\/product\/chaise-haute-en-bois-bolero-noire\/"},"modified":"2026-04-02T10:07:32","modified_gmt":"2026-04-02T08:07:32","slug":"chaise-haute-en-bois-bolero-noire","status":"publish","type":"product","link":"https:\/\/abinox-chr-clim.com\/index.php\/product\/chaise-haute-en-bois-bolero-noire\/","title":{"rendered":"Chaise haute en bois Bolero noire"},"content":{"rendered":"<p>Traditionnelle, r\u00e9sistante et robuste, cette chaise haute peu encombrante s&rsquo;adapte \u00e0 tous les d\u00e9cors, ce qui la rend id\u00e9ale pour une utilisation dans les restaurants, caf\u00e9s, bistros et autres \u00e9tablissements de restauration. Destin\u00e9e aux enfants jusqu&rsquo;\u00e0 36 mois, pesant au maximum 15 kg, et capables de tenir assis sans aide. Une finition lavable assure un nettoyage rapide et facile entre les utilisations. Auto-assemblage requis.<br \/>Sangle de maintien r\u00e9glable pour un ajustement s\u00fbr. La construction ergonomique permet aux enfants de profiter confortablement de leur visite. La finition en bois noir ajoute une touche \u00e9l\u00e9gante \u00e0 votre salle. R\u00e9f\u00e9rence soumise \u00e0 une Eco-participation mobilier de 0.98\u20ac par unit\u00e9 vendue. Le produit peut \u00eatre utilis\u00e9 pour asseoir des enfants jusqu&rsquo;\u00e0 36 mois, pesant au maximum 15 kg, et capables de tenir assis sans aide. La finition lavable permet un nettoyage rapide et facile entre les utilisations. Conception empilable.Auto-assemblage facile permettant d&rsquo;avoir des chaises pr\u00eates \u00e0 l&#8217;emploi en un rien de temps. Sangle de maintien r\u00e9glable pour un ajustement s\u00fbr.<\/p>\n<p>Caract\u00e9ristiques :<br \/> Dimensions : 750(H) x 510(L) x 510(P) mm.<br \/> Mati\u00e8re : Bois.<br \/> Couleur : Noir.<\/p>\n","protected":false},"excerpt":{"rendered":"<div><img decoding=\"async\" src=\"https:\/\/abinox-chr-clim.com\/wp-content\/uploads\/2024\/03\/abinox-garantie-1-an.webp\" width=\"150px\"\/><\/div>\n<p>Chaise haute en bois Bolero noire<\/p>\n","protected":false},"featured_media":83978,"comment_status":"closed","ping_status":"closed","template":"","meta":[],"product_brand":[],"product_cat":[1183,1160,1297,1179],"product_tag":[],"class_list":{"0":"post-69401","1":"product","2":"type-product","3":"status-publish","4":"has-post-thumbnail","6":"product_cat-gaufriers-et-crepieres","7":"product_cat-materiel-electrique-et-de-cuisson","8":"product_cat-non-palettisable","9":"product_cat-petit-materiel","10":"product_shipping_class-free-shipping","12":"first","13":"instock","14":"featured","15":"taxable","16":"shipping-taxable","17":"purchasable","18":"product-type-simple"},"_links":{"self":[{"href":"https:\/\/abinox-chr-clim.com\/index.php\/wp-json\/wp\/v2\/product\/69401","targetHints":{"allow":["GET"]}}],"collection":[{"href":"https:\/\/abinox-chr-clim.com\/index.php\/wp-json\/wp\/v2\/product"}],"about":[{"href":"https:\/\/abinox-chr-clim.com\/index.php\/wp-json\/wp\/v2\/types\/product"}],"replies":[{"embeddable":true,"href":"https:\/\/abinox-chr-clim.com\/index.php\/wp-json\/wp\/v2\/comments?post=69401"}],"wp:featuredmedia":[{"embeddable":true,"href":"https:\/\/abinox-chr-clim.com\/index.php\/wp-json\/wp\/v2\/media\/83978"}],"wp:attachment":[{"href":"https:\/\/abinox-chr-clim.com\/index.php\/wp-json\/wp\/v2\/media?parent=69401"}],"wp:term":[{"taxonomy":"product_brand","embeddable":true,"href":"https:\/\/abinox-chr-clim.com\/index.php\/wp-json\/wp\/v2\/product_brand?post=69401"},{"taxonomy":"product_cat","embeddable":true,"href":"https:\/\/abinox-chr-clim.com\/index.php\/wp-json\/wp\/v2\/product_cat?post=69401"},{"taxonomy":"product_tag","embeddable":true,"href":"https:\/\/abinox-chr-clim.com\/index.php\/wp-json\/wp\/v2\/product_tag?post=69401"}],"curies":[{"name":"wp","href":"https:\/\/api.w.org\/{rel}","templated":true}]}}