{"id":69400,"date":"2024-03-22T16:24:04","date_gmt":"2024-03-22T15:24:04","guid":{"rendered":"https:\/\/abinox-chr-clim.com\/index.php\/product\/gaufrier-professionnel-buffalo\/"},"modified":"2026-04-02T10:09:40","modified_gmt":"2026-04-02T08:09:40","slug":"gaufrier-professionnel-buffalo","status":"publish","type":"product","link":"https:\/\/abinox-chr-clim.com\/index.php\/product\/gaufrier-professionnel-buffalo\/","title":{"rendered":"Gaufrier professionnel Buffalo"},"content":{"rendered":"<p>Gaufrier compact en acier inoxydable avec plaques en fonte. Pour confectionner des gaufres de 160 x 100mm. Id\u00e9al pour les \u00e9tablissements professionnels.<br \/>Plaques de cuisson antiadh\u00e9sives robustes en fonte d&rsquo;aluminium. R\u00e9f\u00e9rence soumise \u00e0 une Eco-participation mobilier de 0.61\u20ac par unit\u00e9 vendue. Rev\u00eatement antiadh\u00e9sif de qualit\u00e9 sup\u00e9rieure con\u00e7u pour durer. Production de 60 gaufres\/heure. Plage de temp\u00e9rature 60\u00b0C \u00e0 300\u00b0C. Bac de r\u00e9cup\u00e9ration amovible facile \u00e0 nettoyer. Minuterie num\u00e9rique\u00a0: obtenez le m\u00eame r\u00e9sultat \u00e0 chaque fois. Contr\u00f4le pr\u00e9cis et variable de la chaleur. Produit des gaufres de 165 x 100 mm. Plaques de cuisson antiadh\u00e9sives robustes en fonte d&rsquo;aluminium.<\/p>\n<p>Caract\u00e9ristiques :<br \/> Dimensions : 245(H) x 325(L) x 400(P) mm.<br \/> Mati\u00e8re : Inox.<br \/> Voltage : 220-240V.<br \/> Couleur : Argent.<\/p>\n","protected":false},"excerpt":{"rendered":"<div><img decoding=\"async\" src=\"https:\/\/abinox-chr-clim.com\/wp-content\/uploads\/2024\/03\/abinox-garantie-1-an.webp\" width=\"150px\"\/><\/div>\n<p>Gaufrier professionnel Buffalo<\/p>\n","protected":false},"featured_media":83971,"comment_status":"closed","ping_status":"closed","template":"","meta":[],"product_brand":[],"product_cat":[1183,1160,1297,1179],"product_tag":[],"class_list":{"0":"post-69400","1":"product","2":"type-product","3":"status-publish","4":"has-post-thumbnail","6":"product_cat-gaufriers-et-crepieres","7":"product_cat-materiel-electrique-et-de-cuisson","8":"product_cat-non-palettisable","9":"product_cat-petit-materiel","10":"product_shipping_class-free-shipping","12":"first","13":"instock","14":"featured","15":"taxable","16":"shipping-taxable","17":"purchasable","18":"product-type-simple"},"_links":{"self":[{"href":"https:\/\/abinox-chr-clim.com\/index.php\/wp-json\/wp\/v2\/product\/69400","targetHints":{"allow":["GET"]}}],"collection":[{"href":"https:\/\/abinox-chr-clim.com\/index.php\/wp-json\/wp\/v2\/product"}],"about":[{"href":"https:\/\/abinox-chr-clim.com\/index.php\/wp-json\/wp\/v2\/types\/product"}],"replies":[{"embeddable":true,"href":"https:\/\/abinox-chr-clim.com\/index.php\/wp-json\/wp\/v2\/comments?post=69400"}],"wp:featuredmedia":[{"embeddable":true,"href":"https:\/\/abinox-chr-clim.com\/index.php\/wp-json\/wp\/v2\/media\/83971"}],"wp:attachment":[{"href":"https:\/\/abinox-chr-clim.com\/index.php\/wp-json\/wp\/v2\/media?parent=69400"}],"wp:term":[{"taxonomy":"product_brand","embeddable":true,"href":"https:\/\/abinox-chr-clim.com\/index.php\/wp-json\/wp\/v2\/product_brand?post=69400"},{"taxonomy":"product_cat","embeddable":true,"href":"https:\/\/abinox-chr-clim.com\/index.php\/wp-json\/wp\/v2\/product_cat?post=69400"},{"taxonomy":"product_tag","embeddable":true,"href":"https:\/\/abinox-chr-clim.com\/index.php\/wp-json\/wp\/v2\/product_tag?post=69400"}],"curies":[{"name":"wp","href":"https:\/\/api.w.org\/{rel}","templated":true}]}}