{"id":69399,"date":"2024-03-22T16:24:04","date_gmt":"2024-03-22T15:24:04","guid":{"rendered":"https:\/\/abinox-chr-clim.com\/index.php\/product\/kit-d-etalement-pour-crepiere-krampouz\/"},"modified":"2026-04-02T08:28:59","modified_gmt":"2026-04-02T06:28:59","slug":"kit-d-etalement-pour-crepiere-krampouz","status":"publish","type":"product","link":"https:\/\/abinox-chr-clim.com\/index.php\/product\/kit-d-etalement-pour-crepiere-krampouz\/","title":{"rendered":"Kit d \u00e9talement pour cr\u00eapi\u00e8re Krampouz"},"content":{"rendered":"<p>Tous les ustensiles dont vous avez besoin pour profiter au maximum de votre cr\u00eapi\u00e8re. Le kit contient des instructions, un \u00e9taleur en acier inoxydable, une louche-dose en acier inoxydable, un r\u00e2teau en h\u00eatre, une spatule en h\u00eatre, un bac \u00e0 eau et un pinceau pour nettoyer l&rsquo;\u00e9taleur.<br \/>1 \u00e9taleur en acier inoxydable. R\u00e9f\u00e9rence soumise \u00e0 une Eco-participation mobilier de 0.04\u20ac par unit\u00e9 vendue. 1 louche-dose en acier inoxydable. 1 r\u00e2teau en h\u00eatre. 1 spatule en h\u00eatre. 1 bac \u00e0 eau et un pinceau pour nettoyer l&rsquo;\u00e9taleur. Mode d&#8217;emploi. 1 \u00e9taleur en acier inoxydable.<\/p>\n","protected":false},"excerpt":{"rendered":"<div><img decoding=\"async\" src=\"https:\/\/abinox-chr-clim.com\/wp-content\/uploads\/2024\/03\/abinox-garantie-1-an.webp\" width=\"150px\"\/><\/div>\n<p>Kit d \u00e9talement pour cr\u00eapi\u00e8re Krampouz<\/p>\n","protected":false},"featured_media":102704,"comment_status":"closed","ping_status":"closed","template":"","meta":[],"product_brand":[],"product_cat":[1183,1160,1297,1179],"product_tag":[],"class_list":{"0":"post-69399","1":"product","2":"type-product","3":"status-publish","4":"has-post-thumbnail","6":"product_cat-gaufriers-et-crepieres","7":"product_cat-materiel-electrique-et-de-cuisson","8":"product_cat-non-palettisable","9":"product_cat-petit-materiel","10":"product_shipping_class-free-shipping","12":"first","13":"instock","14":"featured","15":"taxable","16":"shipping-taxable","17":"purchasable","18":"product-type-simple"},"_links":{"self":[{"href":"https:\/\/abinox-chr-clim.com\/index.php\/wp-json\/wp\/v2\/product\/69399","targetHints":{"allow":["GET"]}}],"collection":[{"href":"https:\/\/abinox-chr-clim.com\/index.php\/wp-json\/wp\/v2\/product"}],"about":[{"href":"https:\/\/abinox-chr-clim.com\/index.php\/wp-json\/wp\/v2\/types\/product"}],"replies":[{"embeddable":true,"href":"https:\/\/abinox-chr-clim.com\/index.php\/wp-json\/wp\/v2\/comments?post=69399"}],"wp:featuredmedia":[{"embeddable":true,"href":"https:\/\/abinox-chr-clim.com\/index.php\/wp-json\/wp\/v2\/media\/102704"}],"wp:attachment":[{"href":"https:\/\/abinox-chr-clim.com\/index.php\/wp-json\/wp\/v2\/media?parent=69399"}],"wp:term":[{"taxonomy":"product_brand","embeddable":true,"href":"https:\/\/abinox-chr-clim.com\/index.php\/wp-json\/wp\/v2\/product_brand?post=69399"},{"taxonomy":"product_cat","embeddable":true,"href":"https:\/\/abinox-chr-clim.com\/index.php\/wp-json\/wp\/v2\/product_cat?post=69399"},{"taxonomy":"product_tag","embeddable":true,"href":"https:\/\/abinox-chr-clim.com\/index.php\/wp-json\/wp\/v2\/product_tag?post=69399"}],"curies":[{"name":"wp","href":"https:\/\/api.w.org\/{rel}","templated":true}]}}