{"id":69398,"date":"2024-03-22T16:24:04","date_gmt":"2024-03-22T15:24:04","guid":{"rendered":"https:\/\/abinox-chr-clim.com\/index.php\/product\/friteuse-electrique-double-lincat-silverlink-df66\/"},"modified":"2026-04-02T08:55:22","modified_gmt":"2026-04-02T06:55:22","slug":"friteuse-electrique-double-lincat-silverlink-df66","status":"publish","type":"product","link":"https:\/\/abinox-chr-clim.com\/index.php\/product\/friteuse-electrique-double-lincat-silverlink-df66\/","title":{"rendered":"Friteuse \u00e9lectrique double Lincat Silverlink DF66"},"content":{"rendered":"<p>Enti\u00e8rement soud\u00e9es avec commandes thermostatiques r\u00e9glables sur le devant. La friteuse double poss\u00e8de deux cuves s\u00e9par\u00e9es avec commandes ind\u00e9pendantes pour \u00e9viter toute contamination crois\u00e9e et \u00e9conomiser de l&rsquo;\u00e9nergie dans les moments plus calmes.<br \/>Enti\u00e8rement soud\u00e9.Panneau de contr\u00f4le en fa\u00e7ade pour plus de s\u00e9curit\u00e9. \u00c9l\u00e9ments \u00e0 charni\u00e8res offrant un acc\u00e8s facile au r\u00e9servoir pour le nettoyer. R\u00e9f\u00e9rence soumise \u00e0 une Eco-participation mobilier de 0.96\u20ac par unit\u00e9 vendue. Arr\u00eat automatique de s\u00e9curit\u00e9 lorsque la temp\u00e9rature maximale est atteinte. Paniers m\u00e9talliques en double nickel plaqu\u00e9 robuste, plaques et couvercles en acier inoxydable fournis en standard. Robinet de vidange d&rsquo;huile frontal pour un drainage facile. \u00c9l\u00e9ments \u00e0 charni\u00e8res offrant un acc\u00e8s facile au r\u00e9servoir pour le nettoyer.D\u00e9bit : 24kg de frites par heure.  Cuves en acier inoxydable 304 de haute qualit\u00e9, enti\u00e8rement soud\u00e9es aux plaques pour plus de solidit\u00e9 et une finition transparente lisse, facile \u00e0 nettoyer. R\u00e9f\u00e9rence soumise \u00e0 une Eco-participation DEEE de 0,46\u20ac par unit\u00e9 vendue. Enti\u00e8rement soud\u00e9. .<br \/> Caract\u00e9ristiques :<br \/> Capacit\u00e9 : Cuves 2 x 9 litres.<br \/> Dimensions : 335(H) x 600(L) x 600(P) mm.<br \/> Mati\u00e8re : Acier inoxydable.<br \/> Sortie : 16 kg de frites surgel\u00e9es \/ h,  24 kg de frites r\u00e9frig\u00e9r\u00e9es \/ h.<br \/> Temp\u00e9rature : 130 \u00b0C \u00e0 190 \u00b0C.<br \/> Voltage : 230V.<br \/> Couleur : Acier inoxydable.<br \/> Puissance : 6 kW.<\/p>\n","protected":false},"excerpt":{"rendered":"<div><img decoding=\"async\" src=\"https:\/\/abinox-chr-clim.com\/wp-content\/uploads\/2024\/03\/abinox-garantie-1-an.webp\" width=\"150px\"\/><\/div>\n<p>Friteuse \u00e9lectrique double Lincat Silverlink DF66<\/p>\n","protected":false},"featured_media":104317,"comment_status":"closed","ping_status":"closed","template":"","meta":[],"product_brand":[],"product_cat":[1182,1160,1296,1179],"product_tag":[],"class_list":{"0":"post-69398","1":"product","2":"type-product","3":"status-publish","4":"has-post-thumbnail","6":"product_cat-friteuses","7":"product_cat-materiel-electrique-et-de-cuisson","8":"product_cat-palettisable","9":"product_cat-petit-materiel","11":"first","12":"instock","13":"featured","14":"taxable","15":"shipping-taxable","16":"purchasable","17":"product-type-simple"},"_links":{"self":[{"href":"https:\/\/abinox-chr-clim.com\/index.php\/wp-json\/wp\/v2\/product\/69398","targetHints":{"allow":["GET"]}}],"collection":[{"href":"https:\/\/abinox-chr-clim.com\/index.php\/wp-json\/wp\/v2\/product"}],"about":[{"href":"https:\/\/abinox-chr-clim.com\/index.php\/wp-json\/wp\/v2\/types\/product"}],"replies":[{"embeddable":true,"href":"https:\/\/abinox-chr-clim.com\/index.php\/wp-json\/wp\/v2\/comments?post=69398"}],"wp:featuredmedia":[{"embeddable":true,"href":"https:\/\/abinox-chr-clim.com\/index.php\/wp-json\/wp\/v2\/media\/104317"}],"wp:attachment":[{"href":"https:\/\/abinox-chr-clim.com\/index.php\/wp-json\/wp\/v2\/media?parent=69398"}],"wp:term":[{"taxonomy":"product_brand","embeddable":true,"href":"https:\/\/abinox-chr-clim.com\/index.php\/wp-json\/wp\/v2\/product_brand?post=69398"},{"taxonomy":"product_cat","embeddable":true,"href":"https:\/\/abinox-chr-clim.com\/index.php\/wp-json\/wp\/v2\/product_cat?post=69398"},{"taxonomy":"product_tag","embeddable":true,"href":"https:\/\/abinox-chr-clim.com\/index.php\/wp-json\/wp\/v2\/product_tag?post=69398"}],"curies":[{"name":"wp","href":"https:\/\/api.w.org\/{rel}","templated":true}]}}