{"id":69395,"date":"2024-03-22T16:24:02","date_gmt":"2024-03-22T15:24:02","guid":{"rendered":"https:\/\/abinox-chr-clim.com\/index.php\/product\/friteuse-electrique-de-comptoir-cuve-simple-lincat-ldf\/"},"modified":"2026-04-02T09:50:24","modified_gmt":"2026-04-02T07:50:24","slug":"friteuse-electrique-de-comptoir-cuve-simple-lincat-ldf","status":"publish","type":"product","link":"https:\/\/abinox-chr-clim.com\/index.php\/product\/friteuse-electrique-de-comptoir-cuve-simple-lincat-ldf\/","title":{"rendered":"Friteuse \u00e9lectrique de comptoir cuve simple Lincat LDF"},"content":{"rendered":"<p>Friteuse polyvalente et \u00e9conomique avec plaque de fond et couvercle en inox. Cuve \u00e0 huile inox amovible et facile \u00e0 nettoyer.<br \/>Panneau de commande et r\u00e9sistances amovibles pour un nettoyage facile. Contr\u00f4le thermostatique pour une cuisson parfaite. Cuve et plaque de fond inox amovibles pour un nettoyage facile. R\u00e9f\u00e9rence soumise \u00e0 une Eco-participation mobilier de 0.51\u20ac par unit\u00e9 vendue. Plaque de fond, couvercle inox et panier robuste fournis de s\u00e9rie. Appareil pr\u00eat \u00e0 brancher, pas d&rsquo;installation n\u00e9cessaire.Thermostat de limite sup\u00e9rieure pour plus de s\u00e9curit\u00e9 (coupe la friteuse en cas de panne du thermostat de contr\u00f4le). Panneau de commande et r\u00e9sistances amovibles pour un nettoyage facile.<\/p>\n<p>Caract\u00e9ristiques :<br \/> Capacit\u00e9 : 4 L.<br \/> Dimensions : 315(H) x 270(L) x 417(P) mm.<br \/> Mati\u00e8re : Inox.<br \/> Sortie : 8 kg de frites surgel\u00e9es \/ heure, 11 kg de frites fra\u00eeches \/ heure.<br \/> Temp\u00e9rature : 130 \u00b0C \u00e0 190 \u00b0C.<br \/> Voltage : 230V.<br \/> Couleur : Acier inoxydable.<br \/> Puissance : 3 kW.<\/p>\n","protected":false},"excerpt":{"rendered":"<div><img decoding=\"async\" src=\"https:\/\/abinox-chr-clim.com\/wp-content\/uploads\/2024\/03\/abinox-garantie-1-an.webp\" width=\"150px\"\/><\/div>\n<p>Friteuse \u00e9lectrique de comptoir cuve simple Lincat LDF<\/p>\n","protected":false},"featured_media":104313,"comment_status":"closed","ping_status":"closed","template":"","meta":[],"product_brand":[],"product_cat":[1182,1160,1297,1179],"product_tag":[],"class_list":{"0":"post-69395","1":"product","2":"type-product","3":"status-publish","4":"has-post-thumbnail","6":"product_cat-friteuses","7":"product_cat-materiel-electrique-et-de-cuisson","8":"product_cat-non-palettisable","9":"product_cat-petit-materiel","10":"product_shipping_class-free-shipping","12":"first","13":"instock","14":"featured","15":"taxable","16":"shipping-taxable","17":"purchasable","18":"product-type-simple"},"_links":{"self":[{"href":"https:\/\/abinox-chr-clim.com\/index.php\/wp-json\/wp\/v2\/product\/69395","targetHints":{"allow":["GET"]}}],"collection":[{"href":"https:\/\/abinox-chr-clim.com\/index.php\/wp-json\/wp\/v2\/product"}],"about":[{"href":"https:\/\/abinox-chr-clim.com\/index.php\/wp-json\/wp\/v2\/types\/product"}],"replies":[{"embeddable":true,"href":"https:\/\/abinox-chr-clim.com\/index.php\/wp-json\/wp\/v2\/comments?post=69395"}],"wp:featuredmedia":[{"embeddable":true,"href":"https:\/\/abinox-chr-clim.com\/index.php\/wp-json\/wp\/v2\/media\/104313"}],"wp:attachment":[{"href":"https:\/\/abinox-chr-clim.com\/index.php\/wp-json\/wp\/v2\/media?parent=69395"}],"wp:term":[{"taxonomy":"product_brand","embeddable":true,"href":"https:\/\/abinox-chr-clim.com\/index.php\/wp-json\/wp\/v2\/product_brand?post=69395"},{"taxonomy":"product_cat","embeddable":true,"href":"https:\/\/abinox-chr-clim.com\/index.php\/wp-json\/wp\/v2\/product_cat?post=69395"},{"taxonomy":"product_tag","embeddable":true,"href":"https:\/\/abinox-chr-clim.com\/index.php\/wp-json\/wp\/v2\/product_tag?post=69395"}],"curies":[{"name":"wp","href":"https:\/\/api.w.org\/{rel}","templated":true}]}}