{"id":69394,"date":"2024-03-22T16:24:01","date_gmt":"2024-03-22T15:24:01","guid":{"rendered":"https:\/\/abinox-chr-clim.com\/index.php\/product\/friteuse-simple-lincat-lsf-25l\/"},"modified":"2026-04-02T09:55:47","modified_gmt":"2026-04-02T07:55:47","slug":"friteuse-simple-lincat-lsf-25l","status":"publish","type":"product","link":"https:\/\/abinox-chr-clim.com\/index.php\/product\/friteuse-simple-lincat-lsf-25l\/","title":{"rendered":"Friteuse simple Lincat LSF 2,5L"},"content":{"rendered":"<p>Friteuse polyvalente et \u00e9conomique avec plaque de fond et couvercle en inox. Cuve \u00e0 huile inox amovible et facile \u00e0 nettoyer.<br \/>Friteuse mince &#8211; id\u00e9ale en cas d\u00bfespace limit\u00e9 et pour une utilisation en veille. Panneau de commande et \u00e9l\u00e9ments amovibles pour un nettoyage facile. Contr\u00f4le thermostatique pour des r\u00e9sultats toujours parfaits. R\u00e9f\u00e9rence soumise \u00e0 une Eco-participation mobilier de 0.42\u20ac par unit\u00e9 vendue. Coupe circuit de s\u00e9curit\u00e9 (coupe la friteuse en cas de d\u00e9faillance du thermostat si la temp\u00e9rature d\u00e9passe la limite). Plaque de fond, couvercle en acier inoxydable et panier robuste fournis de s\u00e9rie. Unit\u00e9 pr\u00eate \u00e0 brancher, aucune installation requise. uve et plaque de fond inox amovibles pour un nettoyage facile. Friteuse mince &#8211; id\u00e9ale en cas d\u00bfespace limit\u00e9 et pour une utilisation en veille.<\/p>\n<p>Caract\u00e9ristiques :<br \/> Capacit\u00e9 : 2,5 L.<br \/> Dimensions : 315(H) x 184(L) x 417(P) mm.<br \/> Mati\u00e8re : Inox.<br \/> Sortie : 7kg de frites surgel\u00e9es\/h, 8kg de frites fra\u00eeches\/h.<br \/> Temp\u00e9rature : 130 \u00b0C \u00e0 190 \u00b0C.<br \/> Voltage : 230V.<br \/> Couleur : Acier inoxydable.<br \/> Puissance : 2.5 kW.<\/p>\n","protected":false},"excerpt":{"rendered":"<div><img decoding=\"async\" src=\"https:\/\/abinox-chr-clim.com\/wp-content\/uploads\/2024\/03\/abinox-garantie-1-an.webp\" width=\"150px\"\/><\/div>\n<p>Friteuse simple Lincat LSF 2,5L<\/p>\n","protected":false},"featured_media":104311,"comment_status":"closed","ping_status":"closed","template":"","meta":[],"product_brand":[],"product_cat":[1182,1160,1297,1179],"product_tag":[],"class_list":{"0":"post-69394","1":"product","2":"type-product","3":"status-publish","4":"has-post-thumbnail","6":"product_cat-friteuses","7":"product_cat-materiel-electrique-et-de-cuisson","8":"product_cat-non-palettisable","9":"product_cat-petit-materiel","10":"product_shipping_class-free-shipping","12":"first","13":"instock","14":"featured","15":"taxable","16":"shipping-taxable","17":"purchasable","18":"product-type-simple"},"_links":{"self":[{"href":"https:\/\/abinox-chr-clim.com\/index.php\/wp-json\/wp\/v2\/product\/69394","targetHints":{"allow":["GET"]}}],"collection":[{"href":"https:\/\/abinox-chr-clim.com\/index.php\/wp-json\/wp\/v2\/product"}],"about":[{"href":"https:\/\/abinox-chr-clim.com\/index.php\/wp-json\/wp\/v2\/types\/product"}],"replies":[{"embeddable":true,"href":"https:\/\/abinox-chr-clim.com\/index.php\/wp-json\/wp\/v2\/comments?post=69394"}],"wp:featuredmedia":[{"embeddable":true,"href":"https:\/\/abinox-chr-clim.com\/index.php\/wp-json\/wp\/v2\/media\/104311"}],"wp:attachment":[{"href":"https:\/\/abinox-chr-clim.com\/index.php\/wp-json\/wp\/v2\/media?parent=69394"}],"wp:term":[{"taxonomy":"product_brand","embeddable":true,"href":"https:\/\/abinox-chr-clim.com\/index.php\/wp-json\/wp\/v2\/product_brand?post=69394"},{"taxonomy":"product_cat","embeddable":true,"href":"https:\/\/abinox-chr-clim.com\/index.php\/wp-json\/wp\/v2\/product_cat?post=69394"},{"taxonomy":"product_tag","embeddable":true,"href":"https:\/\/abinox-chr-clim.com\/index.php\/wp-json\/wp\/v2\/product_tag?post=69394"}],"curies":[{"name":"wp","href":"https:\/\/api.w.org\/{rel}","templated":true}]}}