{"id":69392,"date":"2024-03-22T16:24:00","date_gmt":"2024-03-22T15:24:00","guid":{"rendered":"https:\/\/abinox-chr-clim.com\/index.php\/product\/friteuse-electrique-gastro-m-65-71-fre-2x-10l\/"},"modified":"2026-04-02T09:14:57","modified_gmt":"2026-04-02T07:14:57","slug":"friteuse-electrique-gastro-m-65-71-fre-2x-10l","status":"publish","type":"product","link":"https:\/\/abinox-chr-clim.com\/index.php\/product\/friteuse-electrique-gastro-m-65-71-fre-2x-10l\/","title":{"rendered":"Friteuse \u00e9lectrique Gastro M 65\/71 FRE 2x 10L"},"content":{"rendered":"<p>Friteuses \u00e9lectriques avec contr\u00f4le de la temp\u00e9rature par thermostat r\u00e9glable, robinet de vidange int\u00e9gr\u00e9, interrupteur on\/off, coupe-circuit de s\u00e9curit\u00e9, flamme pilote, zone froide et r\u00e9colte des r\u00e9sidus d&rsquo;aliments. R\u00e9sistance relevable. Livr\u00e9es avec paniers.<br \/>Construction acier inoxydable. Capacit\u00e9 de friture max.12kg\/h. Robinet de vidange int\u00e9gr\u00e9. R\u00e9f\u00e9rence soumise \u00e0 une Eco-participation mobilier de 0.16\u20ac par unit\u00e9 vendue. Thermostat de s\u00e9curit\u00e9. Zone froide.Contr\u00f4le thermostatique. R\u00e9f\u00e9rence soumise \u00e0 une Eco-participation DEEE de 0,82\u20ac par unit\u00e9 vendue. Construction acier inoxydable.<\/p>\n<p>Caract\u00e9ristiques :<br \/> Capacit\u00e9 : 2x 10L.<br \/> Dimensions : 280(H) x 700(L) x 650(P) mm.<br \/> Mati\u00e8re : Acier inoxydable.<br \/> Voltage : 400V.<br \/> Couleur : Acier inoxydable.<br \/> Puissance : 15 kW.<\/p>\n","protected":false},"excerpt":{"rendered":"<div><img decoding=\"async\" src=\"https:\/\/abinox-chr-clim.com\/wp-content\/uploads\/2024\/03\/abinox-garantie-1-an.webp\" width=\"150px\"\/><\/div>\n<p>Friteuse \u00e9lectrique Gastro M 65\/71 FRE 2x 10L<\/p>\n","protected":false},"featured_media":102149,"comment_status":"closed","ping_status":"closed","template":"","meta":[],"product_brand":[],"product_cat":[1182,1160,1296,1179],"product_tag":[],"class_list":{"0":"post-69392","1":"product","2":"type-product","3":"status-publish","4":"has-post-thumbnail","6":"product_cat-friteuses","7":"product_cat-materiel-electrique-et-de-cuisson","8":"product_cat-palettisable","9":"product_cat-petit-materiel","11":"first","12":"instock","13":"featured","14":"taxable","15":"shipping-taxable","16":"purchasable","17":"product-type-simple"},"_links":{"self":[{"href":"https:\/\/abinox-chr-clim.com\/index.php\/wp-json\/wp\/v2\/product\/69392","targetHints":{"allow":["GET"]}}],"collection":[{"href":"https:\/\/abinox-chr-clim.com\/index.php\/wp-json\/wp\/v2\/product"}],"about":[{"href":"https:\/\/abinox-chr-clim.com\/index.php\/wp-json\/wp\/v2\/types\/product"}],"replies":[{"embeddable":true,"href":"https:\/\/abinox-chr-clim.com\/index.php\/wp-json\/wp\/v2\/comments?post=69392"}],"wp:featuredmedia":[{"embeddable":true,"href":"https:\/\/abinox-chr-clim.com\/index.php\/wp-json\/wp\/v2\/media\/102149"}],"wp:attachment":[{"href":"https:\/\/abinox-chr-clim.com\/index.php\/wp-json\/wp\/v2\/media?parent=69392"}],"wp:term":[{"taxonomy":"product_brand","embeddable":true,"href":"https:\/\/abinox-chr-clim.com\/index.php\/wp-json\/wp\/v2\/product_brand?post=69392"},{"taxonomy":"product_cat","embeddable":true,"href":"https:\/\/abinox-chr-clim.com\/index.php\/wp-json\/wp\/v2\/product_cat?post=69392"},{"taxonomy":"product_tag","embeddable":true,"href":"https:\/\/abinox-chr-clim.com\/index.php\/wp-json\/wp\/v2\/product_tag?post=69392"}],"curies":[{"name":"wp","href":"https:\/\/api.w.org\/{rel}","templated":true}]}}