{"id":69390,"date":"2024-03-22T16:23:59","date_gmt":"2024-03-22T15:23:59","guid":{"rendered":"https:\/\/abinox-chr-clim.com\/index.php\/product\/friteuse-gaz-gastro-m-65-70-frg-2x-8l\/"},"modified":"2026-04-02T09:14:56","modified_gmt":"2026-04-02T07:14:56","slug":"friteuse-gaz-gastro-m-65-70-frg-2x-8l","status":"publish","type":"product","link":"https:\/\/abinox-chr-clim.com\/index.php\/product\/friteuse-gaz-gastro-m-65-70-frg-2x-8l\/","title":{"rendered":"Friteuse gaz Gastro M 65\/70 FRG 2x 8L"},"content":{"rendered":"<p>Friteuse \u00e0 gaz avec allumage piezo, soupape de s\u00e9curit\u00e9 thermostatique et coupe-circuit thermique. Mont\u00e9e en temp\u00e9rature rapide gr\u00e2ce \u00e0 2 br\u00fbleurs ind\u00e9pendants. Zone froide pour la r\u00e9colte des r\u00e9sidus d&rsquo;aliments, robinet de vidange. Livr\u00e9e avec 2 paniers. Attention : ne pas utiliser de graisse solide.<br \/>Construction acier inoxydable. Capacit\u00e9 de friture max.10kg\/h. Robinet de vidange int\u00e9gr\u00e9. R\u00e9f\u00e9rence soumise \u00e0 une Eco-participation mobilier de 0.16\u20ac par unit\u00e9 vendue. Produit n\u00e9cessitant obligatoirement une installation par un professionnel pour b\u00e9n\u00e9ficier de la garantie. Coupe-circuit thermique. R\u00e9f\u00e9rence soumise \u00e0 une Eco-participation DEEE de 4,70\u20ac par unit\u00e9 vendue. Construction acier inoxydable.<\/p>\n<p>Caract\u00e9ristiques :<br \/> Capacit\u00e9 : 2 X 8L.<br \/> Dimensions : 280(H) x 700(L) x 650(P) mm.<br \/> Mati\u00e8re : Acier inoxydable.<br \/> Couleur : Acier inoxydable.<br \/> Puissance : 12.6 kW.<\/p>\n","protected":false},"excerpt":{"rendered":"<div><img decoding=\"async\" src=\"https:\/\/abinox-chr-clim.com\/wp-content\/uploads\/2024\/03\/abinox-garantie-1-an.webp\" width=\"150px\"\/><\/div>\n<p>Friteuse gaz Gastro M 65\/70 FRG 2x 8L<\/p>\n","protected":false},"featured_media":102147,"comment_status":"closed","ping_status":"closed","template":"","meta":[],"product_brand":[],"product_cat":[1182,1160,1296,1179],"product_tag":[],"class_list":{"0":"post-69390","1":"product","2":"type-product","3":"status-publish","4":"has-post-thumbnail","6":"product_cat-friteuses","7":"product_cat-materiel-electrique-et-de-cuisson","8":"product_cat-palettisable","9":"product_cat-petit-materiel","11":"first","12":"instock","13":"featured","14":"taxable","15":"shipping-taxable","16":"purchasable","17":"product-type-simple"},"_links":{"self":[{"href":"https:\/\/abinox-chr-clim.com\/index.php\/wp-json\/wp\/v2\/product\/69390","targetHints":{"allow":["GET"]}}],"collection":[{"href":"https:\/\/abinox-chr-clim.com\/index.php\/wp-json\/wp\/v2\/product"}],"about":[{"href":"https:\/\/abinox-chr-clim.com\/index.php\/wp-json\/wp\/v2\/types\/product"}],"replies":[{"embeddable":true,"href":"https:\/\/abinox-chr-clim.com\/index.php\/wp-json\/wp\/v2\/comments?post=69390"}],"wp:featuredmedia":[{"embeddable":true,"href":"https:\/\/abinox-chr-clim.com\/index.php\/wp-json\/wp\/v2\/media\/102147"}],"wp:attachment":[{"href":"https:\/\/abinox-chr-clim.com\/index.php\/wp-json\/wp\/v2\/media?parent=69390"}],"wp:term":[{"taxonomy":"product_brand","embeddable":true,"href":"https:\/\/abinox-chr-clim.com\/index.php\/wp-json\/wp\/v2\/product_brand?post=69390"},{"taxonomy":"product_cat","embeddable":true,"href":"https:\/\/abinox-chr-clim.com\/index.php\/wp-json\/wp\/v2\/product_cat?post=69390"},{"taxonomy":"product_tag","embeddable":true,"href":"https:\/\/abinox-chr-clim.com\/index.php\/wp-json\/wp\/v2\/product_tag?post=69390"}],"curies":[{"name":"wp","href":"https:\/\/api.w.org\/{rel}","templated":true}]}}