{"id":69384,"date":"2024-03-22T16:23:57","date_gmt":"2024-03-22T15:23:57","guid":{"rendered":"https:\/\/abinox-chr-clim.com\/index.php\/product\/friteuse-de-comptoir-double-caterlite-peu-intensive-2x-35l\/"},"modified":"2026-04-02T08:50:37","modified_gmt":"2026-04-02T06:50:37","slug":"friteuse-de-comptoir-double-caterlite-peu-intensive-2x-35l","status":"publish","type":"product","link":"https:\/\/abinox-chr-clim.com\/index.php\/product\/friteuse-de-comptoir-double-caterlite-peu-intensive-2x-35l\/","title":{"rendered":"Friteuse de comptoir double Caterlite peu intensive 2x 3,5L"},"content":{"rendered":"<p>Friteuses en acier inoxydable durable avec thermostat r\u00e9glable pour maintenir avec pr\u00e9cision la temp\u00e9rature d\u00e9sir\u00e9e. Coupe-circuit de s\u00e9curit\u00e9 et de surchauffe. Paniers et couvercles fournis.<br \/>Arr\u00eat de s\u00e9curit\u00e9 thermique. Comprend deux couvercles pour aider \u00e0 pr\u00e9venir la contamination de l&rsquo;huile. Poign\u00e9es de transport pour un positionnement facile. R\u00e9f\u00e9rence soumise \u00e0 une Eco-participation mobilier de 0.3\u20ac par unit\u00e9 vendue. Les paniers comprennent des poign\u00e9es en plastique r\u00e9sistantes \u00e0 la chaleur. Pieds robustes pour la stabilit\u00e9. Couvercle et panier fournis. Commandes manuelles r\u00e9actives \u00e0 l&rsquo;avant. R\u00e9f\u00e9rence soumise \u00e0 une Eco-participation DEEE de 0,14\u20ac par unit\u00e9 vendue. Arr\u00eat de s\u00e9curit\u00e9 thermique.<\/p>\n<p>Caract\u00e9ristiques :<br \/> Capacit\u00e9 : 2 x 3.5L.<br \/> Dimensions : 240(H) x 415(L) x 429(P) mm.<br \/> Mati\u00e8re : Acier inoxydable.<br \/> Temp\u00e9rature : 130 \u00b0C \u00e0 190 \u00b0C.<br \/> Voltage : 230V.<br \/> Couleur : Acier inoxydable.<br \/> Puissance : 4 kW.<\/p>\n","protected":false},"excerpt":{"rendered":"<div><img decoding=\"async\" src=\"https:\/\/abinox-chr-clim.com\/wp-content\/uploads\/2024\/03\/abinox-garantie-1-an.webp\" width=\"150px\"\/><\/div>\n<p>Friteuse de comptoir double Caterlite peu intensive 2x 3,5L<\/p>\n","protected":false},"featured_media":101576,"comment_status":"closed","ping_status":"closed","template":"","meta":[],"product_brand":[],"product_cat":[1182,1160,1297,1179],"product_tag":[],"class_list":{"0":"post-69384","1":"product","2":"type-product","3":"status-publish","4":"has-post-thumbnail","6":"product_cat-friteuses","7":"product_cat-materiel-electrique-et-de-cuisson","8":"product_cat-non-palettisable","9":"product_cat-petit-materiel","10":"product_shipping_class-free-shipping","12":"first","13":"instock","14":"featured","15":"taxable","16":"shipping-taxable","17":"purchasable","18":"product-type-simple"},"_links":{"self":[{"href":"https:\/\/abinox-chr-clim.com\/index.php\/wp-json\/wp\/v2\/product\/69384","targetHints":{"allow":["GET"]}}],"collection":[{"href":"https:\/\/abinox-chr-clim.com\/index.php\/wp-json\/wp\/v2\/product"}],"about":[{"href":"https:\/\/abinox-chr-clim.com\/index.php\/wp-json\/wp\/v2\/types\/product"}],"replies":[{"embeddable":true,"href":"https:\/\/abinox-chr-clim.com\/index.php\/wp-json\/wp\/v2\/comments?post=69384"}],"wp:featuredmedia":[{"embeddable":true,"href":"https:\/\/abinox-chr-clim.com\/index.php\/wp-json\/wp\/v2\/media\/101576"}],"wp:attachment":[{"href":"https:\/\/abinox-chr-clim.com\/index.php\/wp-json\/wp\/v2\/media?parent=69384"}],"wp:term":[{"taxonomy":"product_brand","embeddable":true,"href":"https:\/\/abinox-chr-clim.com\/index.php\/wp-json\/wp\/v2\/product_brand?post=69384"},{"taxonomy":"product_cat","embeddable":true,"href":"https:\/\/abinox-chr-clim.com\/index.php\/wp-json\/wp\/v2\/product_cat?post=69384"},{"taxonomy":"product_tag","embeddable":true,"href":"https:\/\/abinox-chr-clim.com\/index.php\/wp-json\/wp\/v2\/product_tag?post=69384"}],"curies":[{"name":"wp","href":"https:\/\/api.w.org\/{rel}","templated":true}]}}