{"id":69378,"date":"2024-03-22T16:23:55","date_gmt":"2024-03-22T15:23:55","guid":{"rendered":"https:\/\/abinox-chr-clim.com\/index.php\/product\/friteuse-double-buffalo-2x5l-2x28kw\/"},"modified":"2026-04-02T09:47:55","modified_gmt":"2026-04-02T07:47:55","slug":"friteuse-double-buffalo-2x5l-2x28kw","status":"publish","type":"product","link":"https:\/\/abinox-chr-clim.com\/index.php\/product\/friteuse-double-buffalo-2x5l-2x28kw\/","title":{"rendered":"Friteuse double Buffalo &#8211; 2x5L 2&#215;2,8kW"},"content":{"rendered":"<p>Friteuse de comptoir puissante avec couvercles inox. Poss\u00e8de deux cuves s\u00e9par\u00e9es avec commandes ind\u00e9pendantes pour \u00e9viter toute contamination crois\u00e9e et \u00e9conomiser de l&rsquo;\u00e9nergie pendant les p\u00e9riodes plus calmes.<br \/>Construction en acier inoxydable facile \u00e0\u00a0nettoyer. Retour rapide en temp\u00e9rature. Panier et couvercle en acier inoxydable fournis. R\u00e9f\u00e9rence soumise \u00e0 une Eco-participation mobilier de 0.67\u20ac par unit\u00e9 vendue. Coupe-circuit de s\u00e9curit\u00e9 thermique. Poign\u00e9es du panier anti chaleur. Pieds en caoutchouc antid\u00e9rapants. Interrupteur ON\/OFF. Couvercle amovible en acier inoxydable. Voyant lumineux indiquant le fonctionnement. Contr\u00f4le de la temp\u00e9rature cadran. Construction en acier inoxydable facile \u00e0\u00a0nettoyer.<\/p>\n<p>Caract\u00e9ristiques :<br \/> Capacit\u00e9 : 10 L.<br \/> Dimensions : 320(H) x 540(L) x 410(P) mm.<br \/> Mati\u00e8re : Inox 430.<br \/> Temp\u00e9rature : 60 \u00b0C \u00e0 190 \u00b0C.<br \/> Voltage : 230V.<br \/> Couleur : Acier inoxydable.<br \/> Puissance : 2800 W.<\/p>\n","protected":false},"excerpt":{"rendered":"<div><img decoding=\"async\" src=\"https:\/\/abinox-chr-clim.com\/wp-content\/uploads\/2024\/03\/abinox-garantie-1-an.webp\" width=\"150px\"\/><\/div>\n<p>Friteuse double Buffalo &#8211; 2x5L 2&#215;2,8kW<\/p>\n","protected":false},"featured_media":97124,"comment_status":"closed","ping_status":"closed","template":"","meta":[],"product_brand":[],"product_cat":[1182,1160,1297,1179],"product_tag":[],"class_list":{"0":"post-69378","1":"product","2":"type-product","3":"status-publish","4":"has-post-thumbnail","6":"product_cat-friteuses","7":"product_cat-materiel-electrique-et-de-cuisson","8":"product_cat-non-palettisable","9":"product_cat-petit-materiel","10":"product_shipping_class-free-shipping","12":"first","13":"outofstock","14":"featured","15":"taxable","16":"shipping-taxable","17":"purchasable","18":"product-type-simple"},"_links":{"self":[{"href":"https:\/\/abinox-chr-clim.com\/index.php\/wp-json\/wp\/v2\/product\/69378","targetHints":{"allow":["GET"]}}],"collection":[{"href":"https:\/\/abinox-chr-clim.com\/index.php\/wp-json\/wp\/v2\/product"}],"about":[{"href":"https:\/\/abinox-chr-clim.com\/index.php\/wp-json\/wp\/v2\/types\/product"}],"replies":[{"embeddable":true,"href":"https:\/\/abinox-chr-clim.com\/index.php\/wp-json\/wp\/v2\/comments?post=69378"}],"wp:featuredmedia":[{"embeddable":true,"href":"https:\/\/abinox-chr-clim.com\/index.php\/wp-json\/wp\/v2\/media\/97124"}],"wp:attachment":[{"href":"https:\/\/abinox-chr-clim.com\/index.php\/wp-json\/wp\/v2\/media?parent=69378"}],"wp:term":[{"taxonomy":"product_brand","embeddable":true,"href":"https:\/\/abinox-chr-clim.com\/index.php\/wp-json\/wp\/v2\/product_brand?post=69378"},{"taxonomy":"product_cat","embeddable":true,"href":"https:\/\/abinox-chr-clim.com\/index.php\/wp-json\/wp\/v2\/product_cat?post=69378"},{"taxonomy":"product_tag","embeddable":true,"href":"https:\/\/abinox-chr-clim.com\/index.php\/wp-json\/wp\/v2\/product_tag?post=69378"}],"curies":[{"name":"wp","href":"https:\/\/api.w.org\/{rel}","templated":true}]}}