{"id":69374,"date":"2024-03-22T16:23:53","date_gmt":"2024-03-22T15:23:53","guid":{"rendered":"https:\/\/abinox-chr-clim.com\/index.php\/product\/friteuse-induction-double-buffalo-2-x-3-kw\/"},"modified":"2026-04-02T09:54:27","modified_gmt":"2026-04-02T07:54:27","slug":"friteuse-induction-double-buffalo-2-x-3-kw","status":"publish","type":"product","link":"https:\/\/abinox-chr-clim.com\/index.php\/product\/friteuse-induction-double-buffalo-2-x-3-kw\/","title":{"rendered":"Friteuse induction double Buffalo 2\u00a0x\u00a03\u00a0kW"},"content":{"rendered":"<p>Friteuse \u00e0 induction facile \u00e0 utiliser et haute performance pour une cuisson rapide contr\u00f4l\u00e9e, \u00e9conome en \u00e9nergie. R\u00e9sistances prot\u00e9g\u00e9es et robinet de vidange robuste pour un nettoyage plus facile et plus rapide que pour les mod\u00e8les standards. Id\u00e9ale pour tous types d&rsquo;\u00e9tablissements.<br \/>Contr\u00f4le de la temp\u00e9rature par cadran convivial. Retour en temp\u00e9rature rapide. Chauffe par induction \u00e9conome en \u00e9nergie. R\u00e9f\u00e9rence soumise \u00e0 une Eco-participation mobilier de 1.4\u20ac par unit\u00e9 vendue. Robinet de vidange efficace. Couvercles et paniers fournis. 2\u00a0cuves de 7,5\u00a0litres. Fait \u00e0 base d&rsquo;acier inoxydable solide et facile \u00e0 nettoyer.Aucune r\u00e9sistance visible &#8211; nettoyage facile. Contr\u00f4le de la temp\u00e9rature par cadran convivial.<\/p>\n<p>Caract\u00e9ristiques :<br \/> Capacit\u00e9 : 15 L.<br \/> Dimensions : 410(H) x 576(L) x 478(P) mm.<br \/> Mati\u00e8re : .<br \/> Sortie : 3000W X 2.<br \/> Temp\u00e9rature : 60 \u00b0C \u00e0 190 \u00b0C.<br \/> Voltage : 220-240V.<br \/> Couleur : Acier inoxydable.<\/p>\n","protected":false},"excerpt":{"rendered":"<div><img decoding=\"async\" src=\"https:\/\/abinox-chr-clim.com\/wp-content\/uploads\/2024\/03\/abinox-garantie-1-an.webp\" width=\"150px\"\/><\/div>\n<p>Friteuse induction double Buffalo 2\u00a0x\u00a03\u00a0kW<\/p>\n","protected":false},"featured_media":86082,"comment_status":"closed","ping_status":"closed","template":"","meta":[],"product_brand":[],"product_cat":[1182,1160,1297,1179],"product_tag":[],"class_list":{"0":"post-69374","1":"product","2":"type-product","3":"status-publish","4":"has-post-thumbnail","6":"product_cat-friteuses","7":"product_cat-materiel-electrique-et-de-cuisson","8":"product_cat-non-palettisable","9":"product_cat-petit-materiel","10":"product_shipping_class-free-shipping","12":"first","13":"instock","14":"featured","15":"taxable","16":"shipping-taxable","17":"purchasable","18":"product-type-simple"},"_links":{"self":[{"href":"https:\/\/abinox-chr-clim.com\/index.php\/wp-json\/wp\/v2\/product\/69374","targetHints":{"allow":["GET"]}}],"collection":[{"href":"https:\/\/abinox-chr-clim.com\/index.php\/wp-json\/wp\/v2\/product"}],"about":[{"href":"https:\/\/abinox-chr-clim.com\/index.php\/wp-json\/wp\/v2\/types\/product"}],"replies":[{"embeddable":true,"href":"https:\/\/abinox-chr-clim.com\/index.php\/wp-json\/wp\/v2\/comments?post=69374"}],"wp:featuredmedia":[{"embeddable":true,"href":"https:\/\/abinox-chr-clim.com\/index.php\/wp-json\/wp\/v2\/media\/86082"}],"wp:attachment":[{"href":"https:\/\/abinox-chr-clim.com\/index.php\/wp-json\/wp\/v2\/media?parent=69374"}],"wp:term":[{"taxonomy":"product_brand","embeddable":true,"href":"https:\/\/abinox-chr-clim.com\/index.php\/wp-json\/wp\/v2\/product_brand?post=69374"},{"taxonomy":"product_cat","embeddable":true,"href":"https:\/\/abinox-chr-clim.com\/index.php\/wp-json\/wp\/v2\/product_cat?post=69374"},{"taxonomy":"product_tag","embeddable":true,"href":"https:\/\/abinox-chr-clim.com\/index.php\/wp-json\/wp\/v2\/product_tag?post=69374"}],"curies":[{"name":"wp","href":"https:\/\/api.w.org\/{rel}","templated":true}]}}