{"id":69372,"date":"2024-03-22T16:23:53","date_gmt":"2024-03-22T15:23:53","guid":{"rendered":"https:\/\/abinox-chr-clim.com\/index.php\/product\/friteuse-de-comptoir-simple-caterlite-peu-intensive-8l\/"},"modified":"2026-04-02T08:32:34","modified_gmt":"2026-04-02T06:32:34","slug":"friteuse-de-comptoir-simple-caterlite-peu-intensive-8l","status":"publish","type":"product","link":"https:\/\/abinox-chr-clim.com\/index.php\/product\/friteuse-de-comptoir-simple-caterlite-peu-intensive-8l\/","title":{"rendered":"Friteuse de comptoir simple Caterlite peu intensive 8L"},"content":{"rendered":"<p>Friteuse de comptoir simple pour \u00e9tablissements \u00e0 petit d\u00e9bit, avec cuve amovible pour un nettoyage facile. Angles arrondis et contr\u00f4le de temp\u00e9rature variable.<br \/>S\u00e9curit\u00e9 thermique &#8211; emp\u00eache l&rsquo;huile de br\u00fbler et d&rsquo;endommager la friteuse. Panier robuste avec poign\u00e9e ergonomique r\u00e9sistante \u00e0 la chaleur. Construction en acier inoxydable facile \u00e0 nettoyer et permettant de gagner du temps. R\u00e9f\u00e9rence soumise \u00e0 une Eco-participation mobilier de 0.26\u20ac par unit\u00e9 vendue. Contr\u00f4le manuel de la temp\u00e9rature par le haut, facile \u00e0 utiliser. Longueur du cordon : 1 m\u00e8tre. Comprend un espace de rangement pratique pour le cordon. Les poign\u00e9es de transport lat\u00e9rales aident \u00e0 positionner la friteuse. Les pieds antid\u00e9rapants am\u00e9liorent la s\u00e9curit\u00e9 de l&rsquo;ensemble de la friteuse. Couvercle inclus &#8211; permet d&rsquo;\u00e9viter la contamination de l&rsquo;huile. Facile \u00e0 d\u00e9monter pour un nettoyage rapide. R\u00e9f\u00e9rence soumise \u00e0 une Eco-participation DEEE de 0,06\u20ac par unit\u00e9 vendue. S\u00e9curit\u00e9 thermique &#8211; emp\u00eache l&rsquo;huile de br\u00fbler et d&rsquo;endommager la friteuse.<\/p>\n<p>Caract\u00e9ristiques :<br \/> Capacit\u00e9 : 8 L.<br \/> Dimensions : 280(H) x 342(L) x 408(P) mm.<br \/> Mati\u00e8re : Inox.<br \/> Temp\u00e9rature : 130 \u00b0C \u00e0 190 \u00b0C.<br \/> Voltage : 230V.<br \/> Couleur : Argent.<\/p>\n","protected":false},"excerpt":{"rendered":"<div><img decoding=\"async\" src=\"https:\/\/abinox-chr-clim.com\/wp-content\/uploads\/2024\/03\/abinox-garantie-1-an.webp\" width=\"150px\"\/><\/div>\n<p>Friteuse de comptoir simple Caterlite peu intensive 8L<\/p>\n","protected":false},"featured_media":81552,"comment_status":"closed","ping_status":"closed","template":"","meta":[],"product_brand":[],"product_cat":[1182,1160,1297,1179],"product_tag":[],"class_list":{"0":"post-69372","1":"product","2":"type-product","3":"status-publish","4":"has-post-thumbnail","6":"product_cat-friteuses","7":"product_cat-materiel-electrique-et-de-cuisson","8":"product_cat-non-palettisable","9":"product_cat-petit-materiel","10":"product_shipping_class-free-shipping","12":"first","13":"outofstock","14":"featured","15":"taxable","16":"shipping-taxable","17":"purchasable","18":"product-type-simple"},"_links":{"self":[{"href":"https:\/\/abinox-chr-clim.com\/index.php\/wp-json\/wp\/v2\/product\/69372","targetHints":{"allow":["GET"]}}],"collection":[{"href":"https:\/\/abinox-chr-clim.com\/index.php\/wp-json\/wp\/v2\/product"}],"about":[{"href":"https:\/\/abinox-chr-clim.com\/index.php\/wp-json\/wp\/v2\/types\/product"}],"replies":[{"embeddable":true,"href":"https:\/\/abinox-chr-clim.com\/index.php\/wp-json\/wp\/v2\/comments?post=69372"}],"wp:featuredmedia":[{"embeddable":true,"href":"https:\/\/abinox-chr-clim.com\/index.php\/wp-json\/wp\/v2\/media\/81552"}],"wp:attachment":[{"href":"https:\/\/abinox-chr-clim.com\/index.php\/wp-json\/wp\/v2\/media?parent=69372"}],"wp:term":[{"taxonomy":"product_brand","embeddable":true,"href":"https:\/\/abinox-chr-clim.com\/index.php\/wp-json\/wp\/v2\/product_brand?post=69372"},{"taxonomy":"product_cat","embeddable":true,"href":"https:\/\/abinox-chr-clim.com\/index.php\/wp-json\/wp\/v2\/product_cat?post=69372"},{"taxonomy":"product_tag","embeddable":true,"href":"https:\/\/abinox-chr-clim.com\/index.php\/wp-json\/wp\/v2\/product_tag?post=69372"}],"curies":[{"name":"wp","href":"https:\/\/api.w.org\/{rel}","templated":true}]}}