{"id":69371,"date":"2024-03-22T16:23:52","date_gmt":"2024-03-22T15:23:52","guid":{"rendered":"https:\/\/abinox-chr-clim.com\/index.php\/product\/cuiseur-a-riz-professionnel-buffalo-6l\/"},"modified":"2026-04-14T09:06:11","modified_gmt":"2026-04-14T07:06:11","slug":"cuiseur-a-riz-professionnel-buffalo-6l","status":"publish","type":"product","link":"https:\/\/abinox-chr-clim.com\/index.php\/product\/cuiseur-a-riz-professionnel-buffalo-6l\/","title":{"rendered":"Cuiseur \u00e0 riz professionnel Buffalo 6L"},"content":{"rendered":"<p>Cuiseur \u00e0 riz de qualit\u00e9 professionnelle permettant d&rsquo;avoir du riz pr\u00eat \u00e0 servir \u00e0 tout moment. Polyvalent et facile \u00e0 utiliser. Il suffit de mettre sous tension, laisser cuire et l&rsquo;appareil passe automatiquement en mode de maintien de la temp\u00e9rature \u00e0 la fin de la cuisson. Id\u00e9al pour r\u00e9chauffer. Facile \u00e0 nettoyer. Fourni avec une spatule, une cuill\u00e8re et une mesure \u00e0 riz.<br \/>Le temps de cuisson rapide de 35 \u00e0 40 min (environ pour le riz blanc) vous aidera \u00e0 r\u00e9pondre \u00e0 la demande. Passage automatique de la cuisson au maintien au chaud &#8211; pas besoin de surveiller la progression de la cuisson. Cuve int\u00e9rieure en aluminium tr\u00e8s r\u00e9sistante et antiadh\u00e9sive qui emp\u00eache la combustion pour minimiser le gaspillage alimentaire. R\u00e9f\u00e9rence soumise \u00e0 une Eco-participation mobilier de 0.63\u20ac par unit\u00e9 vendue. Poign\u00e9es anti-chaleur permettant un positionnement facile l\u00e0 o\u00f9 le riz est n\u00e9cessaire. Le couvercle comprend un r\u00e9cipient collecteur de condensation pour r\u00e9duire l&rsquo;\u00e9gouttement d&rsquo;eau chaude lorsqu&rsquo;il est ouvert. Le couvercle comprend un r\u00e9cipient collecteur de condensation. Spatule anti-rayures et doseur inclus qui n&rsquo;endommageront pas la paroi int\u00e9rieure du cuiseur. R\u00e9f\u00e9rence soumise \u00e0 une Eco-participation DEEE de 0,42\u20ac par unit\u00e9 vendue. Le temps de cuisson rapide de 35 \u00e0 40 min (environ pour le riz blanc) vous aidera \u00e0 r\u00e9pondre \u00e0 la demande.<\/p>\n<p>Caract\u00e9ristiques :<br \/> Capacit\u00e9 : 13L de riz cuit \/ 6L de riz sec.<br \/> Dimensions : 345(H) x 460(L) x 400(P) mm.<br \/> Mati\u00e8re : .<br \/> Voltage : 230V.<br \/> Couleur : Acier inoxydable et noir.<br \/> Puissance : 1.95 kW.<\/p>\n","protected":false},"excerpt":{"rendered":"<div><img decoding=\"async\" src=\"https:\/\/abinox-chr-clim.com\/wp-content\/uploads\/2024\/03\/abinox-garantie-1-an.webp\" width=\"150px\"\/><\/div>\n<p>Cuiseur \u00e0 riz professionnel Buffalo 6L<\/p>\n","protected":false},"featured_media":104279,"comment_status":"closed","ping_status":"closed","template":"","meta":[],"product_brand":[],"product_cat":[1181,1160,1297,1179],"product_tag":[],"class_list":{"0":"post-69371","1":"product","2":"type-product","3":"status-publish","4":"has-post-thumbnail","6":"product_cat-cuiseurs-a-riz-et-pates","7":"product_cat-materiel-electrique-et-de-cuisson","8":"product_cat-non-palettisable","9":"product_cat-petit-materiel","10":"product_shipping_class-free-shipping","12":"first","13":"instock","14":"featured","15":"taxable","16":"shipping-taxable","17":"purchasable","18":"product-type-simple"},"_links":{"self":[{"href":"https:\/\/abinox-chr-clim.com\/index.php\/wp-json\/wp\/v2\/product\/69371","targetHints":{"allow":["GET"]}}],"collection":[{"href":"https:\/\/abinox-chr-clim.com\/index.php\/wp-json\/wp\/v2\/product"}],"about":[{"href":"https:\/\/abinox-chr-clim.com\/index.php\/wp-json\/wp\/v2\/types\/product"}],"replies":[{"embeddable":true,"href":"https:\/\/abinox-chr-clim.com\/index.php\/wp-json\/wp\/v2\/comments?post=69371"}],"wp:featuredmedia":[{"embeddable":true,"href":"https:\/\/abinox-chr-clim.com\/index.php\/wp-json\/wp\/v2\/media\/104279"}],"wp:attachment":[{"href":"https:\/\/abinox-chr-clim.com\/index.php\/wp-json\/wp\/v2\/media?parent=69371"}],"wp:term":[{"taxonomy":"product_brand","embeddable":true,"href":"https:\/\/abinox-chr-clim.com\/index.php\/wp-json\/wp\/v2\/product_brand?post=69371"},{"taxonomy":"product_cat","embeddable":true,"href":"https:\/\/abinox-chr-clim.com\/index.php\/wp-json\/wp\/v2\/product_cat?post=69371"},{"taxonomy":"product_tag","embeddable":true,"href":"https:\/\/abinox-chr-clim.com\/index.php\/wp-json\/wp\/v2\/product_tag?post=69371"}],"curies":[{"name":"wp","href":"https:\/\/api.w.org\/{rel}","templated":true}]}}